{"id":29029,"date":"2026-03-11T13:29:14","date_gmt":"2026-03-11T18:29:14","guid":{"rendered":"https:\/\/soundgear.com.co\/sitio\/?post_type=product&#038;p=29029"},"modified":"2026-03-11T13:29:18","modified_gmt":"2026-03-11T18:29:18","slug":"guitarra-electrica-ltd-ec-1000-vbd","status":"publish","type":"product","link":"https:\/\/soundgear.com.co\/sitio\/producto\/guitarra-electrica-ltd-ec-1000-vbd\/","title":{"rendered":"GUITARRA ELECTRICA LTD EC 1000 VBD"},"content":{"rendered":"","protected":false},"excerpt":{"rendered":"<p>La EC-1000 VB Duncan es consistentemente una de las guitarras m\u00e1s populares debido a su combinaci\u00f3n de apariencia incre\u00edble y gran rendimiento.\u00a0Ofrece una uni\u00f3n de cuerpo\/cuello\/clavija de aspecto vintage y herrajes dorados, e incluye componentes de primer nivel como afinadores de bloqueo LTD, un puente y cordal TOM de bloqueo Tonepros y pastillas pasivas cl\u00e1sicas Seymour Duncan JB\/&#8217;59.\u00a0Tambi\u00e9n ofrece construcci\u00f3n fija con cuerpo de caoba, 3 piezas.\u00a0m\u00e1stil de caoba y diapas\u00f3n de \u00e9bano Macassar de 24 trastes.<\/p>\n","protected":false},"featured_media":16740,"comment_status":"open","ping_status":"closed","template":"","meta":{"_joinchat":[]},"product_brand":[],"product_cat":[255,74,72],"product_tag":[],"class_list":{"0":"post-29029","1":"product","2":"type-product","3":"status-publish","4":"has-post-thumbnail","6":"product_cat-guitarras-electricas","7":"product_cat-instrumentos-de-cuerdas","8":"product_cat-instrumentos-musicales","10":"first","11":"outofstock","12":"taxable","13":"shipping-taxable","14":"purchasable","15":"product-type-simple"},"yoast_head":"<!-- This site is optimized with the Yoast SEO plugin v27.1.1 - https:\/\/yoast.com\/product\/yoast-seo-wordpress\/ -->\n<title>GUITARRA ELECTRICA LTD EC 1000 VBD - Sound Gear<\/title>\n<meta name=\"robots\" content=\"index, follow, max-snippet:-1, max-image-preview:large, max-video-preview:-1\" \/>\n<link rel=\"canonical\" href=\"https:\/\/soundgear.com.co\/sitio\/producto\/guitarra-electrica-ltd-ec-1000-vbd\/\" \/>\n<meta property=\"og:locale\" content=\"es_ES\" \/>\n<meta property=\"og:type\" content=\"article\" \/>\n<meta property=\"og:title\" content=\"GUITARRA ELECTRICA LTD EC 1000 VBD - Sound Gear\" \/>\n<meta property=\"og:description\" content=\"La EC-1000 VB Duncan es consistentemente una de las guitarras m\u00e1s populares debido a su combinaci\u00f3n de apariencia incre\u00edble y gran rendimiento.\u00a0Ofrece una uni\u00f3n de cuerpo\/cuello\/clavija de aspecto vintage y herrajes dorados, e incluye componentes de primer nivel como afinadores de bloqueo LTD, un puente y cordal TOM de bloqueo Tonepros y pastillas pasivas cl\u00e1sicas Seymour Duncan JB\/&#039;59.\u00a0Tambi\u00e9n ofrece construcci\u00f3n fija con cuerpo de caoba, 3 piezas.\u00a0m\u00e1stil de caoba y diapas\u00f3n de \u00e9bano Macassar de 24 trastes.\" \/>\n<meta property=\"og:url\" content=\"https:\/\/soundgear.com.co\/sitio\/producto\/guitarra-electrica-ltd-ec-1000-vbd\/\" \/>\n<meta property=\"og:site_name\" content=\"Sound Gear\" \/>\n<meta property=\"article:modified_time\" content=\"2026-03-11T18:29:18+00:00\" \/>\n<meta name=\"twitter:card\" content=\"summary_large_image\" \/>\n<script type=\"application\/ld+json\" class=\"yoast-schema-graph\">{\"@context\":\"https:\/\/schema.org\",\"@graph\":[{\"@type\":\"WebPage\",\"@id\":\"https:\/\/soundgear.com.co\/sitio\/producto\/guitarra-electrica-ltd-ec-1000-vbd\/\",\"url\":\"https:\/\/soundgear.com.co\/sitio\/producto\/guitarra-electrica-ltd-ec-1000-vbd\/\",\"name\":\"GUITARRA ELECTRICA LTD EC 1000 VBD - Sound Gear\",\"isPartOf\":{\"@id\":\"https:\/\/soundgear.com.co\/sitio\/#website\"},\"primaryImageOfPage\":{\"@id\":\"https:\/\/soundgear.com.co\/sitio\/producto\/guitarra-electrica-ltd-ec-1000-vbd\/#primaryimage\"},\"image\":{\"@id\":\"https:\/\/soundgear.com.co\/sitio\/producto\/guitarra-electrica-ltd-ec-1000-vbd\/#primaryimage\"},\"thumbnailUrl\":\"https:\/\/soundgear.com.co\/sitio\/wp-content\/uploads\/2023\/01\/guitarra-ltd-ec-1000-vbd.jpg\",\"datePublished\":\"2026-03-11T18:29:14+00:00\",\"dateModified\":\"2026-03-11T18:29:18+00:00\",\"breadcrumb\":{\"@id\":\"https:\/\/soundgear.com.co\/sitio\/producto\/guitarra-electrica-ltd-ec-1000-vbd\/#breadcrumb\"},\"inLanguage\":\"es\",\"potentialAction\":[{\"@type\":\"ReadAction\",\"target\":[\"https:\/\/soundgear.com.co\/sitio\/producto\/guitarra-electrica-ltd-ec-1000-vbd\/\"]}]},{\"@type\":\"ImageObject\",\"inLanguage\":\"es\",\"@id\":\"https:\/\/soundgear.com.co\/sitio\/producto\/guitarra-electrica-ltd-ec-1000-vbd\/#primaryimage\",\"url\":\"https:\/\/soundgear.com.co\/sitio\/wp-content\/uploads\/2023\/01\/guitarra-ltd-ec-1000-vbd.jpg\",\"contentUrl\":\"https:\/\/soundgear.com.co\/sitio\/wp-content\/uploads\/2023\/01\/guitarra-ltd-ec-1000-vbd.jpg\",\"width\":1000,\"height\":1000},{\"@type\":\"BreadcrumbList\",\"@id\":\"https:\/\/soundgear.com.co\/sitio\/producto\/guitarra-electrica-ltd-ec-1000-vbd\/#breadcrumb\",\"itemListElement\":[{\"@type\":\"ListItem\",\"position\":1,\"name\":\"Portada\",\"item\":\"https:\/\/soundgear.com.co\/sitio\/\"},{\"@type\":\"ListItem\",\"position\":2,\"name\":\"Tienda\",\"item\":\"https:\/\/soundgear.com.co\/sitio\/tienda\/\"},{\"@type\":\"ListItem\",\"position\":3,\"name\":\"GUITARRA ELECTRICA LTD EC 1000 VBD\"}]},{\"@type\":\"WebSite\",\"@id\":\"https:\/\/soundgear.com.co\/sitio\/#website\",\"url\":\"https:\/\/soundgear.com.co\/sitio\/\",\"name\":\"Sound Gear\",\"description\":\"Tienda de Instrumentos Musicales\",\"potentialAction\":[{\"@type\":\"SearchAction\",\"target\":{\"@type\":\"EntryPoint\",\"urlTemplate\":\"https:\/\/soundgear.com.co\/sitio\/?s={search_term_string}\"},\"query-input\":{\"@type\":\"PropertyValueSpecification\",\"valueRequired\":true,\"valueName\":\"search_term_string\"}}],\"inLanguage\":\"es\"}]}<\/script>\n<!-- \/ Yoast SEO plugin. -->","yoast_head_json":{"title":"GUITARRA ELECTRICA LTD EC 1000 VBD - Sound Gear","robots":{"index":"index","follow":"follow","max-snippet":"max-snippet:-1","max-image-preview":"max-image-preview:large","max-video-preview":"max-video-preview:-1"},"canonical":"https:\/\/soundgear.com.co\/sitio\/producto\/guitarra-electrica-ltd-ec-1000-vbd\/","og_locale":"es_ES","og_type":"article","og_title":"GUITARRA ELECTRICA LTD EC 1000 VBD - Sound Gear","og_description":"La EC-1000 VB Duncan es consistentemente una de las guitarras m\u00e1s populares debido a su combinaci\u00f3n de apariencia incre\u00edble y gran rendimiento.\u00a0Ofrece una uni\u00f3n de cuerpo\/cuello\/clavija de aspecto vintage y herrajes dorados, e incluye componentes de primer nivel como afinadores de bloqueo LTD, un puente y cordal TOM de bloqueo Tonepros y pastillas pasivas cl\u00e1sicas Seymour Duncan JB\/'59.\u00a0Tambi\u00e9n ofrece construcci\u00f3n fija con cuerpo de caoba, 3 piezas.\u00a0m\u00e1stil de caoba y diapas\u00f3n de \u00e9bano Macassar de 24 trastes.","og_url":"https:\/\/soundgear.com.co\/sitio\/producto\/guitarra-electrica-ltd-ec-1000-vbd\/","og_site_name":"Sound Gear","article_modified_time":"2026-03-11T18:29:18+00:00","twitter_card":"summary_large_image","schema":{"@context":"https:\/\/schema.org","@graph":[{"@type":"WebPage","@id":"https:\/\/soundgear.com.co\/sitio\/producto\/guitarra-electrica-ltd-ec-1000-vbd\/","url":"https:\/\/soundgear.com.co\/sitio\/producto\/guitarra-electrica-ltd-ec-1000-vbd\/","name":"GUITARRA ELECTRICA LTD EC 1000 VBD - Sound Gear","isPartOf":{"@id":"https:\/\/soundgear.com.co\/sitio\/#website"},"primaryImageOfPage":{"@id":"https:\/\/soundgear.com.co\/sitio\/producto\/guitarra-electrica-ltd-ec-1000-vbd\/#primaryimage"},"image":{"@id":"https:\/\/soundgear.com.co\/sitio\/producto\/guitarra-electrica-ltd-ec-1000-vbd\/#primaryimage"},"thumbnailUrl":"https:\/\/soundgear.com.co\/sitio\/wp-content\/uploads\/2023\/01\/guitarra-ltd-ec-1000-vbd.jpg","datePublished":"2026-03-11T18:29:14+00:00","dateModified":"2026-03-11T18:29:18+00:00","breadcrumb":{"@id":"https:\/\/soundgear.com.co\/sitio\/producto\/guitarra-electrica-ltd-ec-1000-vbd\/#breadcrumb"},"inLanguage":"es","potentialAction":[{"@type":"ReadAction","target":["https:\/\/soundgear.com.co\/sitio\/producto\/guitarra-electrica-ltd-ec-1000-vbd\/"]}]},{"@type":"ImageObject","inLanguage":"es","@id":"https:\/\/soundgear.com.co\/sitio\/producto\/guitarra-electrica-ltd-ec-1000-vbd\/#primaryimage","url":"https:\/\/soundgear.com.co\/sitio\/wp-content\/uploads\/2023\/01\/guitarra-ltd-ec-1000-vbd.jpg","contentUrl":"https:\/\/soundgear.com.co\/sitio\/wp-content\/uploads\/2023\/01\/guitarra-ltd-ec-1000-vbd.jpg","width":1000,"height":1000},{"@type":"BreadcrumbList","@id":"https:\/\/soundgear.com.co\/sitio\/producto\/guitarra-electrica-ltd-ec-1000-vbd\/#breadcrumb","itemListElement":[{"@type":"ListItem","position":1,"name":"Portada","item":"https:\/\/soundgear.com.co\/sitio\/"},{"@type":"ListItem","position":2,"name":"Tienda","item":"https:\/\/soundgear.com.co\/sitio\/tienda\/"},{"@type":"ListItem","position":3,"name":"GUITARRA ELECTRICA LTD EC 1000 VBD"}]},{"@type":"WebSite","@id":"https:\/\/soundgear.com.co\/sitio\/#website","url":"https:\/\/soundgear.com.co\/sitio\/","name":"Sound Gear","description":"Tienda de Instrumentos Musicales","potentialAction":[{"@type":"SearchAction","target":{"@type":"EntryPoint","urlTemplate":"https:\/\/soundgear.com.co\/sitio\/?s={search_term_string}"},"query-input":{"@type":"PropertyValueSpecification","valueRequired":true,"valueName":"search_term_string"}}],"inLanguage":"es"}]}},"_links":{"self":[{"href":"https:\/\/soundgear.com.co\/sitio\/wp-json\/wp\/v2\/product\/29029","targetHints":{"allow":["GET"]}}],"collection":[{"href":"https:\/\/soundgear.com.co\/sitio\/wp-json\/wp\/v2\/product"}],"about":[{"href":"https:\/\/soundgear.com.co\/sitio\/wp-json\/wp\/v2\/types\/product"}],"replies":[{"embeddable":true,"href":"https:\/\/soundgear.com.co\/sitio\/wp-json\/wp\/v2\/comments?post=29029"}],"version-history":[{"count":1,"href":"https:\/\/soundgear.com.co\/sitio\/wp-json\/wp\/v2\/product\/29029\/revisions"}],"predecessor-version":[{"id":29059,"href":"https:\/\/soundgear.com.co\/sitio\/wp-json\/wp\/v2\/product\/29029\/revisions\/29059"}],"wp:featuredmedia":[{"embeddable":true,"href":"https:\/\/soundgear.com.co\/sitio\/wp-json\/wp\/v2\/media\/16740"}],"wp:attachment":[{"href":"https:\/\/soundgear.com.co\/sitio\/wp-json\/wp\/v2\/media?parent=29029"}],"wp:term":[{"taxonomy":"product_brand","embeddable":true,"href":"https:\/\/soundgear.com.co\/sitio\/wp-json\/wp\/v2\/product_brand?post=29029"},{"taxonomy":"product_cat","embeddable":true,"href":"https:\/\/soundgear.com.co\/sitio\/wp-json\/wp\/v2\/product_cat?post=29029"},{"taxonomy":"product_tag","embeddable":true,"href":"https:\/\/soundgear.com.co\/sitio\/wp-json\/wp\/v2\/product_tag?post=29029"}],"curies":[{"name":"wp","href":"https:\/\/api.w.org\/{rel}","templated":true}]}}