{"id":29030,"date":"2026-03-11T13:29:14","date_gmt":"2026-03-11T18:29:14","guid":{"rendered":"https:\/\/soundgear.com.co\/sitio\/?post_type=product&#038;p=29030"},"modified":"2026-03-11T13:29:18","modified_gmt":"2026-03-11T18:29:18","slug":"guitarra-electrica-ltd-ec-401","status":"publish","type":"product","link":"https:\/\/soundgear.com.co\/sitio\/producto\/guitarra-electrica-ltd-ec-401\/","title":{"rendered":"GUITARRA ELECTRICA LTD EC 401"},"content":{"rendered":"","protected":false},"excerpt":{"rendered":"<p>Como parte de la serie 400, el EC-401 de LTD est\u00e1 dise\u00f1ado para durar y funcionar incluso para el m\u00fasico profesional m\u00e1s exigente, y cuenta con pastillas activas EMG 81\/60.\u00a0El EC-401 est\u00e1 listo para manejar cualquier tipo de m\u00fasica en la que la guitarra sea lo m\u00e1s importante.\u00a0Tiene un dise\u00f1o de m\u00e1stil fijo para un acceso c\u00f3modo y r\u00e1pido a los trastes m\u00e1s altos, y un cuerpo de caoba, 3 piezas.\u00a0m\u00e1stil de caoba y diapas\u00f3n de \u00e9bano de Macassar.\u00a0Tambi\u00e9n incluye afinadores Grover de alta calidad\u00a0.<\/p>\n","protected":false},"featured_media":18119,"comment_status":"open","ping_status":"closed","template":"","meta":{"_joinchat":[]},"product_brand":[],"product_cat":[255,74,72],"product_tag":[],"class_list":{"0":"post-29030","1":"product","2":"type-product","3":"status-publish","4":"has-post-thumbnail","6":"product_cat-guitarras-electricas","7":"product_cat-instrumentos-de-cuerdas","8":"product_cat-instrumentos-musicales","10":"first","11":"outofstock","12":"taxable","13":"shipping-taxable","14":"purchasable","15":"product-type-simple"},"yoast_head":"<!-- This site is optimized with the Yoast SEO plugin v27.1.1 - https:\/\/yoast.com\/product\/yoast-seo-wordpress\/ -->\n<title>GUITARRA ELECTRICA LTD EC 401 - Sound Gear<\/title>\n<meta name=\"robots\" content=\"index, follow, max-snippet:-1, max-image-preview:large, max-video-preview:-1\" \/>\n<link rel=\"canonical\" href=\"https:\/\/soundgear.com.co\/sitio\/producto\/guitarra-electrica-ltd-ec-401\/\" \/>\n<meta property=\"og:locale\" content=\"es_ES\" \/>\n<meta property=\"og:type\" content=\"article\" \/>\n<meta property=\"og:title\" content=\"GUITARRA ELECTRICA LTD EC 401 - Sound Gear\" \/>\n<meta property=\"og:description\" content=\"Como parte de la serie 400, el EC-401 de LTD est\u00e1 dise\u00f1ado para durar y funcionar incluso para el m\u00fasico profesional m\u00e1s exigente, y cuenta con pastillas activas EMG 81\/60.\u00a0El EC-401 est\u00e1 listo para manejar cualquier tipo de m\u00fasica en la que la guitarra sea lo m\u00e1s importante.\u00a0Tiene un dise\u00f1o de m\u00e1stil fijo para un acceso c\u00f3modo y r\u00e1pido a los trastes m\u00e1s altos, y un cuerpo de caoba, 3 piezas.\u00a0m\u00e1stil de caoba y diapas\u00f3n de \u00e9bano de Macassar.\u00a0Tambi\u00e9n incluye afinadores Grover de alta calidad\u00a0.\" \/>\n<meta property=\"og:url\" content=\"https:\/\/soundgear.com.co\/sitio\/producto\/guitarra-electrica-ltd-ec-401\/\" \/>\n<meta property=\"og:site_name\" content=\"Sound Gear\" \/>\n<meta property=\"article:modified_time\" content=\"2026-03-11T18:29:18+00:00\" \/>\n<meta name=\"twitter:card\" content=\"summary_large_image\" \/>\n<script type=\"application\/ld+json\" class=\"yoast-schema-graph\">{\"@context\":\"https:\/\/schema.org\",\"@graph\":[{\"@type\":\"WebPage\",\"@id\":\"https:\/\/soundgear.com.co\/sitio\/producto\/guitarra-electrica-ltd-ec-401\/\",\"url\":\"https:\/\/soundgear.com.co\/sitio\/producto\/guitarra-electrica-ltd-ec-401\/\",\"name\":\"GUITARRA ELECTRICA LTD EC 401 - Sound Gear\",\"isPartOf\":{\"@id\":\"https:\/\/soundgear.com.co\/sitio\/#website\"},\"primaryImageOfPage\":{\"@id\":\"https:\/\/soundgear.com.co\/sitio\/producto\/guitarra-electrica-ltd-ec-401\/#primaryimage\"},\"image\":{\"@id\":\"https:\/\/soundgear.com.co\/sitio\/producto\/guitarra-electrica-ltd-ec-401\/#primaryimage\"},\"thumbnailUrl\":\"https:\/\/soundgear.com.co\/sitio\/wp-content\/uploads\/2023\/01\/ESPEC401BLK-scaled.jpg\",\"datePublished\":\"2026-03-11T18:29:14+00:00\",\"dateModified\":\"2026-03-11T18:29:18+00:00\",\"breadcrumb\":{\"@id\":\"https:\/\/soundgear.com.co\/sitio\/producto\/guitarra-electrica-ltd-ec-401\/#breadcrumb\"},\"inLanguage\":\"es\",\"potentialAction\":[{\"@type\":\"ReadAction\",\"target\":[\"https:\/\/soundgear.com.co\/sitio\/producto\/guitarra-electrica-ltd-ec-401\/\"]}]},{\"@type\":\"ImageObject\",\"inLanguage\":\"es\",\"@id\":\"https:\/\/soundgear.com.co\/sitio\/producto\/guitarra-electrica-ltd-ec-401\/#primaryimage\",\"url\":\"https:\/\/soundgear.com.co\/sitio\/wp-content\/uploads\/2023\/01\/ESPEC401BLK-scaled.jpg\",\"contentUrl\":\"https:\/\/soundgear.com.co\/sitio\/wp-content\/uploads\/2023\/01\/ESPEC401BLK-scaled.jpg\",\"width\":2048,\"height\":2560},{\"@type\":\"BreadcrumbList\",\"@id\":\"https:\/\/soundgear.com.co\/sitio\/producto\/guitarra-electrica-ltd-ec-401\/#breadcrumb\",\"itemListElement\":[{\"@type\":\"ListItem\",\"position\":1,\"name\":\"Portada\",\"item\":\"https:\/\/soundgear.com.co\/sitio\/\"},{\"@type\":\"ListItem\",\"position\":2,\"name\":\"Tienda\",\"item\":\"https:\/\/soundgear.com.co\/sitio\/tienda\/\"},{\"@type\":\"ListItem\",\"position\":3,\"name\":\"GUITARRA ELECTRICA LTD EC 401\"}]},{\"@type\":\"WebSite\",\"@id\":\"https:\/\/soundgear.com.co\/sitio\/#website\",\"url\":\"https:\/\/soundgear.com.co\/sitio\/\",\"name\":\"Sound Gear\",\"description\":\"Tienda de Instrumentos Musicales\",\"potentialAction\":[{\"@type\":\"SearchAction\",\"target\":{\"@type\":\"EntryPoint\",\"urlTemplate\":\"https:\/\/soundgear.com.co\/sitio\/?s={search_term_string}\"},\"query-input\":{\"@type\":\"PropertyValueSpecification\",\"valueRequired\":true,\"valueName\":\"search_term_string\"}}],\"inLanguage\":\"es\"}]}<\/script>\n<!-- \/ Yoast SEO plugin. -->","yoast_head_json":{"title":"GUITARRA ELECTRICA LTD EC 401 - Sound Gear","robots":{"index":"index","follow":"follow","max-snippet":"max-snippet:-1","max-image-preview":"max-image-preview:large","max-video-preview":"max-video-preview:-1"},"canonical":"https:\/\/soundgear.com.co\/sitio\/producto\/guitarra-electrica-ltd-ec-401\/","og_locale":"es_ES","og_type":"article","og_title":"GUITARRA ELECTRICA LTD EC 401 - Sound Gear","og_description":"Como parte de la serie 400, el EC-401 de LTD est\u00e1 dise\u00f1ado para durar y funcionar incluso para el m\u00fasico profesional m\u00e1s exigente, y cuenta con pastillas activas EMG 81\/60.\u00a0El EC-401 est\u00e1 listo para manejar cualquier tipo de m\u00fasica en la que la guitarra sea lo m\u00e1s importante.\u00a0Tiene un dise\u00f1o de m\u00e1stil fijo para un acceso c\u00f3modo y r\u00e1pido a los trastes m\u00e1s altos, y un cuerpo de caoba, 3 piezas.\u00a0m\u00e1stil de caoba y diapas\u00f3n de \u00e9bano de Macassar.\u00a0Tambi\u00e9n incluye afinadores Grover de alta calidad\u00a0.","og_url":"https:\/\/soundgear.com.co\/sitio\/producto\/guitarra-electrica-ltd-ec-401\/","og_site_name":"Sound Gear","article_modified_time":"2026-03-11T18:29:18+00:00","twitter_card":"summary_large_image","schema":{"@context":"https:\/\/schema.org","@graph":[{"@type":"WebPage","@id":"https:\/\/soundgear.com.co\/sitio\/producto\/guitarra-electrica-ltd-ec-401\/","url":"https:\/\/soundgear.com.co\/sitio\/producto\/guitarra-electrica-ltd-ec-401\/","name":"GUITARRA ELECTRICA LTD EC 401 - Sound Gear","isPartOf":{"@id":"https:\/\/soundgear.com.co\/sitio\/#website"},"primaryImageOfPage":{"@id":"https:\/\/soundgear.com.co\/sitio\/producto\/guitarra-electrica-ltd-ec-401\/#primaryimage"},"image":{"@id":"https:\/\/soundgear.com.co\/sitio\/producto\/guitarra-electrica-ltd-ec-401\/#primaryimage"},"thumbnailUrl":"https:\/\/soundgear.com.co\/sitio\/wp-content\/uploads\/2023\/01\/ESPEC401BLK-scaled.jpg","datePublished":"2026-03-11T18:29:14+00:00","dateModified":"2026-03-11T18:29:18+00:00","breadcrumb":{"@id":"https:\/\/soundgear.com.co\/sitio\/producto\/guitarra-electrica-ltd-ec-401\/#breadcrumb"},"inLanguage":"es","potentialAction":[{"@type":"ReadAction","target":["https:\/\/soundgear.com.co\/sitio\/producto\/guitarra-electrica-ltd-ec-401\/"]}]},{"@type":"ImageObject","inLanguage":"es","@id":"https:\/\/soundgear.com.co\/sitio\/producto\/guitarra-electrica-ltd-ec-401\/#primaryimage","url":"https:\/\/soundgear.com.co\/sitio\/wp-content\/uploads\/2023\/01\/ESPEC401BLK-scaled.jpg","contentUrl":"https:\/\/soundgear.com.co\/sitio\/wp-content\/uploads\/2023\/01\/ESPEC401BLK-scaled.jpg","width":2048,"height":2560},{"@type":"BreadcrumbList","@id":"https:\/\/soundgear.com.co\/sitio\/producto\/guitarra-electrica-ltd-ec-401\/#breadcrumb","itemListElement":[{"@type":"ListItem","position":1,"name":"Portada","item":"https:\/\/soundgear.com.co\/sitio\/"},{"@type":"ListItem","position":2,"name":"Tienda","item":"https:\/\/soundgear.com.co\/sitio\/tienda\/"},{"@type":"ListItem","position":3,"name":"GUITARRA ELECTRICA LTD EC 401"}]},{"@type":"WebSite","@id":"https:\/\/soundgear.com.co\/sitio\/#website","url":"https:\/\/soundgear.com.co\/sitio\/","name":"Sound Gear","description":"Tienda de Instrumentos Musicales","potentialAction":[{"@type":"SearchAction","target":{"@type":"EntryPoint","urlTemplate":"https:\/\/soundgear.com.co\/sitio\/?s={search_term_string}"},"query-input":{"@type":"PropertyValueSpecification","valueRequired":true,"valueName":"search_term_string"}}],"inLanguage":"es"}]}},"_links":{"self":[{"href":"https:\/\/soundgear.com.co\/sitio\/wp-json\/wp\/v2\/product\/29030","targetHints":{"allow":["GET"]}}],"collection":[{"href":"https:\/\/soundgear.com.co\/sitio\/wp-json\/wp\/v2\/product"}],"about":[{"href":"https:\/\/soundgear.com.co\/sitio\/wp-json\/wp\/v2\/types\/product"}],"replies":[{"embeddable":true,"href":"https:\/\/soundgear.com.co\/sitio\/wp-json\/wp\/v2\/comments?post=29030"}],"version-history":[{"count":1,"href":"https:\/\/soundgear.com.co\/sitio\/wp-json\/wp\/v2\/product\/29030\/revisions"}],"predecessor-version":[{"id":29060,"href":"https:\/\/soundgear.com.co\/sitio\/wp-json\/wp\/v2\/product\/29030\/revisions\/29060"}],"wp:featuredmedia":[{"embeddable":true,"href":"https:\/\/soundgear.com.co\/sitio\/wp-json\/wp\/v2\/media\/18119"}],"wp:attachment":[{"href":"https:\/\/soundgear.com.co\/sitio\/wp-json\/wp\/v2\/media?parent=29030"}],"wp:term":[{"taxonomy":"product_brand","embeddable":true,"href":"https:\/\/soundgear.com.co\/sitio\/wp-json\/wp\/v2\/product_brand?post=29030"},{"taxonomy":"product_cat","embeddable":true,"href":"https:\/\/soundgear.com.co\/sitio\/wp-json\/wp\/v2\/product_cat?post=29030"},{"taxonomy":"product_tag","embeddable":true,"href":"https:\/\/soundgear.com.co\/sitio\/wp-json\/wp\/v2\/product_tag?post=29030"}],"curies":[{"name":"wp","href":"https:\/\/api.w.org\/{rel}","templated":true}]}}