{"id":29031,"date":"2026-03-11T13:29:15","date_gmt":"2026-03-11T18:29:15","guid":{"rendered":"https:\/\/soundgear.com.co\/sitio\/?post_type=product&#038;p=29031"},"modified":"2026-03-11T13:29:18","modified_gmt":"2026-03-11T18:29:18","slug":"guitarra-electrica-ltd-mh-200","status":"publish","type":"product","link":"https:\/\/soundgear.com.co\/sitio\/producto\/guitarra-electrica-ltd-mh-200\/","title":{"rendered":"GUITARRA ELECTRICA LTD MH 200"},"content":{"rendered":"","protected":false},"excerpt":{"rendered":"<p>El MH-200 ofrece la parte superior arqueada del ESP Horizon con los elementos de estilo agresivo de la Serie M, todo envuelto en un instrumento asequible de alta calidad.\u00a0Cuenta con una construcci\u00f3n atornillada de un cuerpo de caoba con m\u00e1stil de arce y diapas\u00f3n de jatoba tostado con 24 trastes extra jumbo.\u00a0Disponible en acabado negro, el MH-200 cuenta con un tr\u00e9molo LTD de Floyd Rose y potentes pastillas dise\u00f1adas por ESP.<\/p>\n","protected":false},"featured_media":18128,"comment_status":"open","ping_status":"closed","template":"","meta":{"_joinchat":[]},"product_brand":[],"product_cat":[255,74,72],"product_tag":[],"class_list":{"0":"post-29031","1":"product","2":"type-product","3":"status-publish","4":"has-post-thumbnail","6":"product_cat-guitarras-electricas","7":"product_cat-instrumentos-de-cuerdas","8":"product_cat-instrumentos-musicales","10":"first","11":"outofstock","12":"taxable","13":"shipping-taxable","14":"purchasable","15":"product-type-simple"},"yoast_head":"<!-- This site is optimized with the Yoast SEO plugin v27.1.1 - https:\/\/yoast.com\/product\/yoast-seo-wordpress\/ -->\n<title>GUITARRA ELECTRICA LTD MH 200 - Sound Gear<\/title>\n<meta name=\"robots\" content=\"index, follow, max-snippet:-1, max-image-preview:large, max-video-preview:-1\" \/>\n<link rel=\"canonical\" href=\"https:\/\/soundgear.com.co\/sitio\/producto\/guitarra-electrica-ltd-mh-200\/\" \/>\n<meta property=\"og:locale\" content=\"es_ES\" \/>\n<meta property=\"og:type\" content=\"article\" \/>\n<meta property=\"og:title\" content=\"GUITARRA ELECTRICA LTD MH 200 - Sound Gear\" \/>\n<meta property=\"og:description\" content=\"El MH-200 ofrece la parte superior arqueada del ESP Horizon con los elementos de estilo agresivo de la Serie M, todo envuelto en un instrumento asequible de alta calidad.\u00a0Cuenta con una construcci\u00f3n atornillada de un cuerpo de caoba con m\u00e1stil de arce y diapas\u00f3n de jatoba tostado con 24 trastes extra jumbo.\u00a0Disponible en acabado negro, el MH-200 cuenta con un tr\u00e9molo LTD de Floyd Rose y potentes pastillas dise\u00f1adas por ESP.\" \/>\n<meta property=\"og:url\" content=\"https:\/\/soundgear.com.co\/sitio\/producto\/guitarra-electrica-ltd-mh-200\/\" \/>\n<meta property=\"og:site_name\" content=\"Sound Gear\" \/>\n<meta property=\"article:modified_time\" content=\"2026-03-11T18:29:18+00:00\" \/>\n<meta name=\"twitter:card\" content=\"summary_large_image\" \/>\n<script type=\"application\/ld+json\" class=\"yoast-schema-graph\">{\"@context\":\"https:\/\/schema.org\",\"@graph\":[{\"@type\":\"WebPage\",\"@id\":\"https:\/\/soundgear.com.co\/sitio\/producto\/guitarra-electrica-ltd-mh-200\/\",\"url\":\"https:\/\/soundgear.com.co\/sitio\/producto\/guitarra-electrica-ltd-mh-200\/\",\"name\":\"GUITARRA ELECTRICA LTD MH 200 - Sound Gear\",\"isPartOf\":{\"@id\":\"https:\/\/soundgear.com.co\/sitio\/#website\"},\"primaryImageOfPage\":{\"@id\":\"https:\/\/soundgear.com.co\/sitio\/producto\/guitarra-electrica-ltd-mh-200\/#primaryimage\"},\"image\":{\"@id\":\"https:\/\/soundgear.com.co\/sitio\/producto\/guitarra-electrica-ltd-mh-200\/#primaryimage\"},\"thumbnailUrl\":\"https:\/\/soundgear.com.co\/sitio\/wp-content\/uploads\/2023\/01\/descarga.jpg\",\"datePublished\":\"2026-03-11T18:29:15+00:00\",\"dateModified\":\"2026-03-11T18:29:18+00:00\",\"breadcrumb\":{\"@id\":\"https:\/\/soundgear.com.co\/sitio\/producto\/guitarra-electrica-ltd-mh-200\/#breadcrumb\"},\"inLanguage\":\"es\",\"potentialAction\":[{\"@type\":\"ReadAction\",\"target\":[\"https:\/\/soundgear.com.co\/sitio\/producto\/guitarra-electrica-ltd-mh-200\/\"]}]},{\"@type\":\"ImageObject\",\"inLanguage\":\"es\",\"@id\":\"https:\/\/soundgear.com.co\/sitio\/producto\/guitarra-electrica-ltd-mh-200\/#primaryimage\",\"url\":\"https:\/\/soundgear.com.co\/sitio\/wp-content\/uploads\/2023\/01\/descarga.jpg\",\"contentUrl\":\"https:\/\/soundgear.com.co\/sitio\/wp-content\/uploads\/2023\/01\/descarga.jpg\",\"width\":225,\"height\":225},{\"@type\":\"BreadcrumbList\",\"@id\":\"https:\/\/soundgear.com.co\/sitio\/producto\/guitarra-electrica-ltd-mh-200\/#breadcrumb\",\"itemListElement\":[{\"@type\":\"ListItem\",\"position\":1,\"name\":\"Portada\",\"item\":\"https:\/\/soundgear.com.co\/sitio\/\"},{\"@type\":\"ListItem\",\"position\":2,\"name\":\"Tienda\",\"item\":\"https:\/\/soundgear.com.co\/sitio\/tienda\/\"},{\"@type\":\"ListItem\",\"position\":3,\"name\":\"GUITARRA ELECTRICA LTD MH 200\"}]},{\"@type\":\"WebSite\",\"@id\":\"https:\/\/soundgear.com.co\/sitio\/#website\",\"url\":\"https:\/\/soundgear.com.co\/sitio\/\",\"name\":\"Sound Gear\",\"description\":\"Tienda de Instrumentos Musicales\",\"potentialAction\":[{\"@type\":\"SearchAction\",\"target\":{\"@type\":\"EntryPoint\",\"urlTemplate\":\"https:\/\/soundgear.com.co\/sitio\/?s={search_term_string}\"},\"query-input\":{\"@type\":\"PropertyValueSpecification\",\"valueRequired\":true,\"valueName\":\"search_term_string\"}}],\"inLanguage\":\"es\"}]}<\/script>\n<!-- \/ Yoast SEO plugin. -->","yoast_head_json":{"title":"GUITARRA ELECTRICA LTD MH 200 - Sound Gear","robots":{"index":"index","follow":"follow","max-snippet":"max-snippet:-1","max-image-preview":"max-image-preview:large","max-video-preview":"max-video-preview:-1"},"canonical":"https:\/\/soundgear.com.co\/sitio\/producto\/guitarra-electrica-ltd-mh-200\/","og_locale":"es_ES","og_type":"article","og_title":"GUITARRA ELECTRICA LTD MH 200 - Sound Gear","og_description":"El MH-200 ofrece la parte superior arqueada del ESP Horizon con los elementos de estilo agresivo de la Serie M, todo envuelto en un instrumento asequible de alta calidad.\u00a0Cuenta con una construcci\u00f3n atornillada de un cuerpo de caoba con m\u00e1stil de arce y diapas\u00f3n de jatoba tostado con 24 trastes extra jumbo.\u00a0Disponible en acabado negro, el MH-200 cuenta con un tr\u00e9molo LTD de Floyd Rose y potentes pastillas dise\u00f1adas por ESP.","og_url":"https:\/\/soundgear.com.co\/sitio\/producto\/guitarra-electrica-ltd-mh-200\/","og_site_name":"Sound Gear","article_modified_time":"2026-03-11T18:29:18+00:00","twitter_card":"summary_large_image","schema":{"@context":"https:\/\/schema.org","@graph":[{"@type":"WebPage","@id":"https:\/\/soundgear.com.co\/sitio\/producto\/guitarra-electrica-ltd-mh-200\/","url":"https:\/\/soundgear.com.co\/sitio\/producto\/guitarra-electrica-ltd-mh-200\/","name":"GUITARRA ELECTRICA LTD MH 200 - Sound Gear","isPartOf":{"@id":"https:\/\/soundgear.com.co\/sitio\/#website"},"primaryImageOfPage":{"@id":"https:\/\/soundgear.com.co\/sitio\/producto\/guitarra-electrica-ltd-mh-200\/#primaryimage"},"image":{"@id":"https:\/\/soundgear.com.co\/sitio\/producto\/guitarra-electrica-ltd-mh-200\/#primaryimage"},"thumbnailUrl":"https:\/\/soundgear.com.co\/sitio\/wp-content\/uploads\/2023\/01\/descarga.jpg","datePublished":"2026-03-11T18:29:15+00:00","dateModified":"2026-03-11T18:29:18+00:00","breadcrumb":{"@id":"https:\/\/soundgear.com.co\/sitio\/producto\/guitarra-electrica-ltd-mh-200\/#breadcrumb"},"inLanguage":"es","potentialAction":[{"@type":"ReadAction","target":["https:\/\/soundgear.com.co\/sitio\/producto\/guitarra-electrica-ltd-mh-200\/"]}]},{"@type":"ImageObject","inLanguage":"es","@id":"https:\/\/soundgear.com.co\/sitio\/producto\/guitarra-electrica-ltd-mh-200\/#primaryimage","url":"https:\/\/soundgear.com.co\/sitio\/wp-content\/uploads\/2023\/01\/descarga.jpg","contentUrl":"https:\/\/soundgear.com.co\/sitio\/wp-content\/uploads\/2023\/01\/descarga.jpg","width":225,"height":225},{"@type":"BreadcrumbList","@id":"https:\/\/soundgear.com.co\/sitio\/producto\/guitarra-electrica-ltd-mh-200\/#breadcrumb","itemListElement":[{"@type":"ListItem","position":1,"name":"Portada","item":"https:\/\/soundgear.com.co\/sitio\/"},{"@type":"ListItem","position":2,"name":"Tienda","item":"https:\/\/soundgear.com.co\/sitio\/tienda\/"},{"@type":"ListItem","position":3,"name":"GUITARRA ELECTRICA LTD MH 200"}]},{"@type":"WebSite","@id":"https:\/\/soundgear.com.co\/sitio\/#website","url":"https:\/\/soundgear.com.co\/sitio\/","name":"Sound Gear","description":"Tienda de Instrumentos Musicales","potentialAction":[{"@type":"SearchAction","target":{"@type":"EntryPoint","urlTemplate":"https:\/\/soundgear.com.co\/sitio\/?s={search_term_string}"},"query-input":{"@type":"PropertyValueSpecification","valueRequired":true,"valueName":"search_term_string"}}],"inLanguage":"es"}]}},"_links":{"self":[{"href":"https:\/\/soundgear.com.co\/sitio\/wp-json\/wp\/v2\/product\/29031","targetHints":{"allow":["GET"]}}],"collection":[{"href":"https:\/\/soundgear.com.co\/sitio\/wp-json\/wp\/v2\/product"}],"about":[{"href":"https:\/\/soundgear.com.co\/sitio\/wp-json\/wp\/v2\/types\/product"}],"replies":[{"embeddable":true,"href":"https:\/\/soundgear.com.co\/sitio\/wp-json\/wp\/v2\/comments?post=29031"}],"version-history":[{"count":1,"href":"https:\/\/soundgear.com.co\/sitio\/wp-json\/wp\/v2\/product\/29031\/revisions"}],"predecessor-version":[{"id":29061,"href":"https:\/\/soundgear.com.co\/sitio\/wp-json\/wp\/v2\/product\/29031\/revisions\/29061"}],"wp:featuredmedia":[{"embeddable":true,"href":"https:\/\/soundgear.com.co\/sitio\/wp-json\/wp\/v2\/media\/18128"}],"wp:attachment":[{"href":"https:\/\/soundgear.com.co\/sitio\/wp-json\/wp\/v2\/media?parent=29031"}],"wp:term":[{"taxonomy":"product_brand","embeddable":true,"href":"https:\/\/soundgear.com.co\/sitio\/wp-json\/wp\/v2\/product_brand?post=29031"},{"taxonomy":"product_cat","embeddable":true,"href":"https:\/\/soundgear.com.co\/sitio\/wp-json\/wp\/v2\/product_cat?post=29031"},{"taxonomy":"product_tag","embeddable":true,"href":"https:\/\/soundgear.com.co\/sitio\/wp-json\/wp\/v2\/product_tag?post=29031"}],"curies":[{"name":"wp","href":"https:\/\/api.w.org\/{rel}","templated":true}]}}