{"id":29066,"date":"2026-03-11T13:29:20","date_gmt":"2026-03-11T18:29:20","guid":{"rendered":"https:\/\/soundgear.com.co\/sitio\/?post_type=product&#038;p=29066"},"modified":"2026-03-11T13:29:22","modified_gmt":"2026-03-11T18:29:22","slug":"guitarra-electrica-ltd-viper-256-stbc","status":"publish","type":"product","link":"https:\/\/soundgear.com.co\/sitio\/producto\/guitarra-electrica-ltd-viper-256-stbc\/","title":{"rendered":"GUITARRA ELECTRICA LTD VIPER 256 STBC"},"content":{"rendered":"","protected":false},"excerpt":{"rendered":"<p>La serie Viper de LTD ofrece la apariencia fresca de doble corte compensado que es perfecta para metal, hard rock, blues y mucho m\u00e1s.\u00a0Con el Viper-256, obtienes el ambiente cl\u00e1sico de una m\u00e1quina de rock and roll con cuerpo de caoba y escala de 24.75 \u201d.\u00a0Incluso con su costo sorprendentemente bajo, el Viper-256 todav\u00eda ofrece excelentes caracter\u00edsticas como una construcci\u00f3n de m\u00e1stil fijo con un m\u00e1stil r\u00e1pido de caoba de tres piezas, diapas\u00f3n de jatoba tostado con 24 trastes extra-jumbo, un conjunto de ESP de alto rendimiento Dise\u00f1ado LH- 150 humbuckers con una funci\u00f3n de divisi\u00f3n de bobina en el interruptor push-pull, as\u00ed como sintonizadores LTD y un puente y cordal LTD TOM.<\/p>\n","protected":false},"featured_media":18136,"comment_status":"open","ping_status":"closed","template":"","meta":{"_joinchat":[]},"product_brand":[],"product_cat":[255,74,72],"product_tag":[],"class_list":{"0":"post-29066","1":"product","2":"type-product","3":"status-publish","4":"has-post-thumbnail","6":"product_cat-guitarras-electricas","7":"product_cat-instrumentos-de-cuerdas","8":"product_cat-instrumentos-musicales","10":"first","11":"outofstock","12":"sale","13":"featured","14":"taxable","15":"shipping-taxable","16":"purchasable","17":"product-type-simple"},"yoast_head":"<!-- This site is optimized with the Yoast SEO plugin v27.1.1 - https:\/\/yoast.com\/product\/yoast-seo-wordpress\/ -->\n<title>GUITARRA ELECTRICA LTD VIPER 256 STBC - Sound Gear<\/title>\n<meta name=\"robots\" content=\"index, follow, max-snippet:-1, max-image-preview:large, max-video-preview:-1\" \/>\n<link rel=\"canonical\" href=\"https:\/\/soundgear.com.co\/sitio\/producto\/guitarra-electrica-ltd-viper-256-stbc\/\" \/>\n<meta property=\"og:locale\" content=\"es_ES\" \/>\n<meta property=\"og:type\" content=\"article\" \/>\n<meta property=\"og:title\" content=\"GUITARRA ELECTRICA LTD VIPER 256 STBC - Sound Gear\" \/>\n<meta property=\"og:description\" content=\"La serie Viper de LTD ofrece la apariencia fresca de doble corte compensado que es perfecta para metal, hard rock, blues y mucho m\u00e1s.\u00a0Con el Viper-256, obtienes el ambiente cl\u00e1sico de una m\u00e1quina de rock and roll con cuerpo de caoba y escala de 24.75 \u201d.\u00a0Incluso con su costo sorprendentemente bajo, el Viper-256 todav\u00eda ofrece excelentes caracter\u00edsticas como una construcci\u00f3n de m\u00e1stil fijo con un m\u00e1stil r\u00e1pido de caoba de tres piezas, diapas\u00f3n de jatoba tostado con 24 trastes extra-jumbo, un conjunto de ESP de alto rendimiento Dise\u00f1ado LH- 150 humbuckers con una funci\u00f3n de divisi\u00f3n de bobina en el interruptor push-pull, as\u00ed como sintonizadores LTD y un puente y cordal LTD TOM.\" \/>\n<meta property=\"og:url\" content=\"https:\/\/soundgear.com.co\/sitio\/producto\/guitarra-electrica-ltd-viper-256-stbc\/\" \/>\n<meta property=\"og:site_name\" content=\"Sound Gear\" \/>\n<meta property=\"article:modified_time\" content=\"2026-03-11T18:29:22+00:00\" \/>\n<meta name=\"twitter:card\" content=\"summary_large_image\" \/>\n<script type=\"application\/ld+json\" class=\"yoast-schema-graph\">{\"@context\":\"https:\/\/schema.org\",\"@graph\":[{\"@type\":\"WebPage\",\"@id\":\"https:\/\/soundgear.com.co\/sitio\/producto\/guitarra-electrica-ltd-viper-256-stbc\/\",\"url\":\"https:\/\/soundgear.com.co\/sitio\/producto\/guitarra-electrica-ltd-viper-256-stbc\/\",\"name\":\"GUITARRA ELECTRICA LTD VIPER 256 STBC - Sound Gear\",\"isPartOf\":{\"@id\":\"https:\/\/soundgear.com.co\/sitio\/#website\"},\"primaryImageOfPage\":{\"@id\":\"https:\/\/soundgear.com.co\/sitio\/producto\/guitarra-electrica-ltd-viper-256-stbc\/#primaryimage\"},\"image\":{\"@id\":\"https:\/\/soundgear.com.co\/sitio\/producto\/guitarra-electrica-ltd-viper-256-stbc\/#primaryimage\"},\"thumbnailUrl\":\"https:\/\/soundgear.com.co\/sitio\/wp-content\/uploads\/2023\/01\/ESPVIPER256STBC-scaled.jpg\",\"datePublished\":\"2026-03-11T18:29:20+00:00\",\"dateModified\":\"2026-03-11T18:29:22+00:00\",\"breadcrumb\":{\"@id\":\"https:\/\/soundgear.com.co\/sitio\/producto\/guitarra-electrica-ltd-viper-256-stbc\/#breadcrumb\"},\"inLanguage\":\"es\",\"potentialAction\":[{\"@type\":\"ReadAction\",\"target\":[\"https:\/\/soundgear.com.co\/sitio\/producto\/guitarra-electrica-ltd-viper-256-stbc\/\"]}]},{\"@type\":\"ImageObject\",\"inLanguage\":\"es\",\"@id\":\"https:\/\/soundgear.com.co\/sitio\/producto\/guitarra-electrica-ltd-viper-256-stbc\/#primaryimage\",\"url\":\"https:\/\/soundgear.com.co\/sitio\/wp-content\/uploads\/2023\/01\/ESPVIPER256STBC-scaled.jpg\",\"contentUrl\":\"https:\/\/soundgear.com.co\/sitio\/wp-content\/uploads\/2023\/01\/ESPVIPER256STBC-scaled.jpg\",\"width\":2048,\"height\":2560},{\"@type\":\"BreadcrumbList\",\"@id\":\"https:\/\/soundgear.com.co\/sitio\/producto\/guitarra-electrica-ltd-viper-256-stbc\/#breadcrumb\",\"itemListElement\":[{\"@type\":\"ListItem\",\"position\":1,\"name\":\"Portada\",\"item\":\"https:\/\/soundgear.com.co\/sitio\/\"},{\"@type\":\"ListItem\",\"position\":2,\"name\":\"Tienda\",\"item\":\"https:\/\/soundgear.com.co\/sitio\/tienda\/\"},{\"@type\":\"ListItem\",\"position\":3,\"name\":\"GUITARRA ELECTRICA LTD VIPER 256 STBC\"}]},{\"@type\":\"WebSite\",\"@id\":\"https:\/\/soundgear.com.co\/sitio\/#website\",\"url\":\"https:\/\/soundgear.com.co\/sitio\/\",\"name\":\"Sound Gear\",\"description\":\"Tienda de Instrumentos Musicales\",\"potentialAction\":[{\"@type\":\"SearchAction\",\"target\":{\"@type\":\"EntryPoint\",\"urlTemplate\":\"https:\/\/soundgear.com.co\/sitio\/?s={search_term_string}\"},\"query-input\":{\"@type\":\"PropertyValueSpecification\",\"valueRequired\":true,\"valueName\":\"search_term_string\"}}],\"inLanguage\":\"es\"}]}<\/script>\n<!-- \/ Yoast SEO plugin. -->","yoast_head_json":{"title":"GUITARRA ELECTRICA LTD VIPER 256 STBC - Sound Gear","robots":{"index":"index","follow":"follow","max-snippet":"max-snippet:-1","max-image-preview":"max-image-preview:large","max-video-preview":"max-video-preview:-1"},"canonical":"https:\/\/soundgear.com.co\/sitio\/producto\/guitarra-electrica-ltd-viper-256-stbc\/","og_locale":"es_ES","og_type":"article","og_title":"GUITARRA ELECTRICA LTD VIPER 256 STBC - Sound Gear","og_description":"La serie Viper de LTD ofrece la apariencia fresca de doble corte compensado que es perfecta para metal, hard rock, blues y mucho m\u00e1s.\u00a0Con el Viper-256, obtienes el ambiente cl\u00e1sico de una m\u00e1quina de rock and roll con cuerpo de caoba y escala de 24.75 \u201d.\u00a0Incluso con su costo sorprendentemente bajo, el Viper-256 todav\u00eda ofrece excelentes caracter\u00edsticas como una construcci\u00f3n de m\u00e1stil fijo con un m\u00e1stil r\u00e1pido de caoba de tres piezas, diapas\u00f3n de jatoba tostado con 24 trastes extra-jumbo, un conjunto de ESP de alto rendimiento Dise\u00f1ado LH- 150 humbuckers con una funci\u00f3n de divisi\u00f3n de bobina en el interruptor push-pull, as\u00ed como sintonizadores LTD y un puente y cordal LTD TOM.","og_url":"https:\/\/soundgear.com.co\/sitio\/producto\/guitarra-electrica-ltd-viper-256-stbc\/","og_site_name":"Sound Gear","article_modified_time":"2026-03-11T18:29:22+00:00","twitter_card":"summary_large_image","schema":{"@context":"https:\/\/schema.org","@graph":[{"@type":"WebPage","@id":"https:\/\/soundgear.com.co\/sitio\/producto\/guitarra-electrica-ltd-viper-256-stbc\/","url":"https:\/\/soundgear.com.co\/sitio\/producto\/guitarra-electrica-ltd-viper-256-stbc\/","name":"GUITARRA ELECTRICA LTD VIPER 256 STBC - Sound Gear","isPartOf":{"@id":"https:\/\/soundgear.com.co\/sitio\/#website"},"primaryImageOfPage":{"@id":"https:\/\/soundgear.com.co\/sitio\/producto\/guitarra-electrica-ltd-viper-256-stbc\/#primaryimage"},"image":{"@id":"https:\/\/soundgear.com.co\/sitio\/producto\/guitarra-electrica-ltd-viper-256-stbc\/#primaryimage"},"thumbnailUrl":"https:\/\/soundgear.com.co\/sitio\/wp-content\/uploads\/2023\/01\/ESPVIPER256STBC-scaled.jpg","datePublished":"2026-03-11T18:29:20+00:00","dateModified":"2026-03-11T18:29:22+00:00","breadcrumb":{"@id":"https:\/\/soundgear.com.co\/sitio\/producto\/guitarra-electrica-ltd-viper-256-stbc\/#breadcrumb"},"inLanguage":"es","potentialAction":[{"@type":"ReadAction","target":["https:\/\/soundgear.com.co\/sitio\/producto\/guitarra-electrica-ltd-viper-256-stbc\/"]}]},{"@type":"ImageObject","inLanguage":"es","@id":"https:\/\/soundgear.com.co\/sitio\/producto\/guitarra-electrica-ltd-viper-256-stbc\/#primaryimage","url":"https:\/\/soundgear.com.co\/sitio\/wp-content\/uploads\/2023\/01\/ESPVIPER256STBC-scaled.jpg","contentUrl":"https:\/\/soundgear.com.co\/sitio\/wp-content\/uploads\/2023\/01\/ESPVIPER256STBC-scaled.jpg","width":2048,"height":2560},{"@type":"BreadcrumbList","@id":"https:\/\/soundgear.com.co\/sitio\/producto\/guitarra-electrica-ltd-viper-256-stbc\/#breadcrumb","itemListElement":[{"@type":"ListItem","position":1,"name":"Portada","item":"https:\/\/soundgear.com.co\/sitio\/"},{"@type":"ListItem","position":2,"name":"Tienda","item":"https:\/\/soundgear.com.co\/sitio\/tienda\/"},{"@type":"ListItem","position":3,"name":"GUITARRA ELECTRICA LTD VIPER 256 STBC"}]},{"@type":"WebSite","@id":"https:\/\/soundgear.com.co\/sitio\/#website","url":"https:\/\/soundgear.com.co\/sitio\/","name":"Sound Gear","description":"Tienda de Instrumentos Musicales","potentialAction":[{"@type":"SearchAction","target":{"@type":"EntryPoint","urlTemplate":"https:\/\/soundgear.com.co\/sitio\/?s={search_term_string}"},"query-input":{"@type":"PropertyValueSpecification","valueRequired":true,"valueName":"search_term_string"}}],"inLanguage":"es"}]}},"_links":{"self":[{"href":"https:\/\/soundgear.com.co\/sitio\/wp-json\/wp\/v2\/product\/29066","targetHints":{"allow":["GET"]}}],"collection":[{"href":"https:\/\/soundgear.com.co\/sitio\/wp-json\/wp\/v2\/product"}],"about":[{"href":"https:\/\/soundgear.com.co\/sitio\/wp-json\/wp\/v2\/types\/product"}],"replies":[{"embeddable":true,"href":"https:\/\/soundgear.com.co\/sitio\/wp-json\/wp\/v2\/comments?post=29066"}],"version-history":[{"count":1,"href":"https:\/\/soundgear.com.co\/sitio\/wp-json\/wp\/v2\/product\/29066\/revisions"}],"predecessor-version":[{"id":29096,"href":"https:\/\/soundgear.com.co\/sitio\/wp-json\/wp\/v2\/product\/29066\/revisions\/29096"}],"wp:featuredmedia":[{"embeddable":true,"href":"https:\/\/soundgear.com.co\/sitio\/wp-json\/wp\/v2\/media\/18136"}],"wp:attachment":[{"href":"https:\/\/soundgear.com.co\/sitio\/wp-json\/wp\/v2\/media?parent=29066"}],"wp:term":[{"taxonomy":"product_brand","embeddable":true,"href":"https:\/\/soundgear.com.co\/sitio\/wp-json\/wp\/v2\/product_brand?post=29066"},{"taxonomy":"product_cat","embeddable":true,"href":"https:\/\/soundgear.com.co\/sitio\/wp-json\/wp\/v2\/product_cat?post=29066"},{"taxonomy":"product_tag","embeddable":true,"href":"https:\/\/soundgear.com.co\/sitio\/wp-json\/wp\/v2\/product_tag?post=29066"}],"curies":[{"name":"wp","href":"https:\/\/api.w.org\/{rel}","templated":true}]}}