{"id":29076,"date":"2026-03-11T13:29:20","date_gmt":"2026-03-11T18:29:20","guid":{"rendered":"https:\/\/soundgear.com.co\/sitio\/?post_type=product&#038;p=29076"},"modified":"2026-03-11T13:29:23","modified_gmt":"2026-03-11T18:29:23","slug":"pedal-darkglass-harmonic-booster-preamplificador-limpio","status":"publish","type":"product","link":"https:\/\/soundgear.com.co\/sitio\/producto\/pedal-darkglass-harmonic-booster-preamplificador-limpio\/","title":{"rendered":"PEDAL DARKGLASS HARMONIC BOOSTER &#8211; PREAMPLIFICADOR LIMPIO"},"content":{"rendered":"","protected":false},"excerpt":{"rendered":"<h2>Preamplificador de bajo limpio.<\/h2>\n<p>&nbsp;<\/p>\n<p>Dise\u00f1ado para ser el complemento perfecto para nuestros circuitos de distorsi\u00f3n, la flexibilidad y portabilidad del Harmonic Booster tambi\u00e9n es la soluci\u00f3n integral perfecta para los m\u00fasicos que tocan conciertos en busca de un preamplificador limpio preciso y arm\u00f3nicamente rico.<\/p>\n","protected":false},"featured_media":18485,"comment_status":"open","ping_status":"closed","template":"","meta":{"_joinchat":[]},"product_brand":[],"product_cat":[80,82],"product_tag":[],"class_list":{"0":"post-29076","1":"product","2":"type-product","3":"status-publish","4":"has-post-thumbnail","6":"product_cat-accesorios","7":"product_cat-pedales","9":"first","10":"instock","11":"featured","12":"taxable","13":"shipping-taxable","14":"purchasable","15":"product-type-simple"},"yoast_head":"<!-- This site is optimized with the Yoast SEO plugin v27.1.1 - https:\/\/yoast.com\/product\/yoast-seo-wordpress\/ -->\n<title>PEDAL DARKGLASS HARMONIC BOOSTER - PREAMPLIFICADOR LIMPIO - Sound Gear<\/title>\n<meta name=\"robots\" content=\"index, follow, max-snippet:-1, max-image-preview:large, max-video-preview:-1\" \/>\n<link rel=\"canonical\" href=\"https:\/\/soundgear.com.co\/sitio\/producto\/pedal-darkglass-harmonic-booster-preamplificador-limpio\/\" \/>\n<meta property=\"og:locale\" content=\"es_ES\" \/>\n<meta property=\"og:type\" content=\"article\" \/>\n<meta property=\"og:title\" content=\"PEDAL DARKGLASS HARMONIC BOOSTER - PREAMPLIFICADOR LIMPIO - Sound Gear\" \/>\n<meta property=\"og:description\" content=\"Preamplificador de bajo limpio. &nbsp;  Dise\u00f1ado para ser el complemento perfecto para nuestros circuitos de distorsi\u00f3n, la flexibilidad y portabilidad del Harmonic Booster tambi\u00e9n es la soluci\u00f3n integral perfecta para los m\u00fasicos que tocan conciertos en busca de un preamplificador limpio preciso y arm\u00f3nicamente rico.\" \/>\n<meta property=\"og:url\" content=\"https:\/\/soundgear.com.co\/sitio\/producto\/pedal-darkglass-harmonic-booster-preamplificador-limpio\/\" \/>\n<meta property=\"og:site_name\" content=\"Sound Gear\" \/>\n<meta property=\"article:modified_time\" content=\"2026-03-11T18:29:23+00:00\" \/>\n<meta name=\"twitter:card\" content=\"summary_large_image\" \/>\n<script type=\"application\/ld+json\" class=\"yoast-schema-graph\">{\"@context\":\"https:\/\/schema.org\",\"@graph\":[{\"@type\":\"WebPage\",\"@id\":\"https:\/\/soundgear.com.co\/sitio\/producto\/pedal-darkglass-harmonic-booster-preamplificador-limpio\/\",\"url\":\"https:\/\/soundgear.com.co\/sitio\/producto\/pedal-darkglass-harmonic-booster-preamplificador-limpio\/\",\"name\":\"PEDAL DARKGLASS HARMONIC BOOSTER - PREAMPLIFICADOR LIMPIO - Sound Gear\",\"isPartOf\":{\"@id\":\"https:\/\/soundgear.com.co\/sitio\/#website\"},\"primaryImageOfPage\":{\"@id\":\"https:\/\/soundgear.com.co\/sitio\/producto\/pedal-darkglass-harmonic-booster-preamplificador-limpio\/#primaryimage\"},\"image\":{\"@id\":\"https:\/\/soundgear.com.co\/sitio\/producto\/pedal-darkglass-harmonic-booster-preamplificador-limpio\/#primaryimage\"},\"thumbnailUrl\":\"https:\/\/soundgear.com.co\/sitio\/wp-content\/uploads\/2023\/02\/DAR-HBO-scaled.jpg\",\"datePublished\":\"2026-03-11T18:29:20+00:00\",\"dateModified\":\"2026-03-11T18:29:23+00:00\",\"breadcrumb\":{\"@id\":\"https:\/\/soundgear.com.co\/sitio\/producto\/pedal-darkglass-harmonic-booster-preamplificador-limpio\/#breadcrumb\"},\"inLanguage\":\"es\",\"potentialAction\":[{\"@type\":\"ReadAction\",\"target\":[\"https:\/\/soundgear.com.co\/sitio\/producto\/pedal-darkglass-harmonic-booster-preamplificador-limpio\/\"]}]},{\"@type\":\"ImageObject\",\"inLanguage\":\"es\",\"@id\":\"https:\/\/soundgear.com.co\/sitio\/producto\/pedal-darkglass-harmonic-booster-preamplificador-limpio\/#primaryimage\",\"url\":\"https:\/\/soundgear.com.co\/sitio\/wp-content\/uploads\/2023\/02\/DAR-HBO-scaled.jpg\",\"contentUrl\":\"https:\/\/soundgear.com.co\/sitio\/wp-content\/uploads\/2023\/02\/DAR-HBO-scaled.jpg\",\"width\":2048,\"height\":2560},{\"@type\":\"BreadcrumbList\",\"@id\":\"https:\/\/soundgear.com.co\/sitio\/producto\/pedal-darkglass-harmonic-booster-preamplificador-limpio\/#breadcrumb\",\"itemListElement\":[{\"@type\":\"ListItem\",\"position\":1,\"name\":\"Portada\",\"item\":\"https:\/\/soundgear.com.co\/sitio\/\"},{\"@type\":\"ListItem\",\"position\":2,\"name\":\"Tienda\",\"item\":\"https:\/\/soundgear.com.co\/sitio\/tienda\/\"},{\"@type\":\"ListItem\",\"position\":3,\"name\":\"PEDAL DARKGLASS HARMONIC BOOSTER &#8211; PREAMPLIFICADOR LIMPIO\"}]},{\"@type\":\"WebSite\",\"@id\":\"https:\/\/soundgear.com.co\/sitio\/#website\",\"url\":\"https:\/\/soundgear.com.co\/sitio\/\",\"name\":\"Sound Gear\",\"description\":\"Tienda de Instrumentos Musicales\",\"potentialAction\":[{\"@type\":\"SearchAction\",\"target\":{\"@type\":\"EntryPoint\",\"urlTemplate\":\"https:\/\/soundgear.com.co\/sitio\/?s={search_term_string}\"},\"query-input\":{\"@type\":\"PropertyValueSpecification\",\"valueRequired\":true,\"valueName\":\"search_term_string\"}}],\"inLanguage\":\"es\"}]}<\/script>\n<!-- \/ Yoast SEO plugin. -->","yoast_head_json":{"title":"PEDAL DARKGLASS HARMONIC BOOSTER - PREAMPLIFICADOR LIMPIO - Sound Gear","robots":{"index":"index","follow":"follow","max-snippet":"max-snippet:-1","max-image-preview":"max-image-preview:large","max-video-preview":"max-video-preview:-1"},"canonical":"https:\/\/soundgear.com.co\/sitio\/producto\/pedal-darkglass-harmonic-booster-preamplificador-limpio\/","og_locale":"es_ES","og_type":"article","og_title":"PEDAL DARKGLASS HARMONIC BOOSTER - PREAMPLIFICADOR LIMPIO - Sound Gear","og_description":"Preamplificador de bajo limpio. &nbsp;  Dise\u00f1ado para ser el complemento perfecto para nuestros circuitos de distorsi\u00f3n, la flexibilidad y portabilidad del Harmonic Booster tambi\u00e9n es la soluci\u00f3n integral perfecta para los m\u00fasicos que tocan conciertos en busca de un preamplificador limpio preciso y arm\u00f3nicamente rico.","og_url":"https:\/\/soundgear.com.co\/sitio\/producto\/pedal-darkglass-harmonic-booster-preamplificador-limpio\/","og_site_name":"Sound Gear","article_modified_time":"2026-03-11T18:29:23+00:00","twitter_card":"summary_large_image","schema":{"@context":"https:\/\/schema.org","@graph":[{"@type":"WebPage","@id":"https:\/\/soundgear.com.co\/sitio\/producto\/pedal-darkglass-harmonic-booster-preamplificador-limpio\/","url":"https:\/\/soundgear.com.co\/sitio\/producto\/pedal-darkglass-harmonic-booster-preamplificador-limpio\/","name":"PEDAL DARKGLASS HARMONIC BOOSTER - PREAMPLIFICADOR LIMPIO - Sound Gear","isPartOf":{"@id":"https:\/\/soundgear.com.co\/sitio\/#website"},"primaryImageOfPage":{"@id":"https:\/\/soundgear.com.co\/sitio\/producto\/pedal-darkglass-harmonic-booster-preamplificador-limpio\/#primaryimage"},"image":{"@id":"https:\/\/soundgear.com.co\/sitio\/producto\/pedal-darkglass-harmonic-booster-preamplificador-limpio\/#primaryimage"},"thumbnailUrl":"https:\/\/soundgear.com.co\/sitio\/wp-content\/uploads\/2023\/02\/DAR-HBO-scaled.jpg","datePublished":"2026-03-11T18:29:20+00:00","dateModified":"2026-03-11T18:29:23+00:00","breadcrumb":{"@id":"https:\/\/soundgear.com.co\/sitio\/producto\/pedal-darkglass-harmonic-booster-preamplificador-limpio\/#breadcrumb"},"inLanguage":"es","potentialAction":[{"@type":"ReadAction","target":["https:\/\/soundgear.com.co\/sitio\/producto\/pedal-darkglass-harmonic-booster-preamplificador-limpio\/"]}]},{"@type":"ImageObject","inLanguage":"es","@id":"https:\/\/soundgear.com.co\/sitio\/producto\/pedal-darkglass-harmonic-booster-preamplificador-limpio\/#primaryimage","url":"https:\/\/soundgear.com.co\/sitio\/wp-content\/uploads\/2023\/02\/DAR-HBO-scaled.jpg","contentUrl":"https:\/\/soundgear.com.co\/sitio\/wp-content\/uploads\/2023\/02\/DAR-HBO-scaled.jpg","width":2048,"height":2560},{"@type":"BreadcrumbList","@id":"https:\/\/soundgear.com.co\/sitio\/producto\/pedal-darkglass-harmonic-booster-preamplificador-limpio\/#breadcrumb","itemListElement":[{"@type":"ListItem","position":1,"name":"Portada","item":"https:\/\/soundgear.com.co\/sitio\/"},{"@type":"ListItem","position":2,"name":"Tienda","item":"https:\/\/soundgear.com.co\/sitio\/tienda\/"},{"@type":"ListItem","position":3,"name":"PEDAL DARKGLASS HARMONIC BOOSTER &#8211; PREAMPLIFICADOR LIMPIO"}]},{"@type":"WebSite","@id":"https:\/\/soundgear.com.co\/sitio\/#website","url":"https:\/\/soundgear.com.co\/sitio\/","name":"Sound Gear","description":"Tienda de Instrumentos Musicales","potentialAction":[{"@type":"SearchAction","target":{"@type":"EntryPoint","urlTemplate":"https:\/\/soundgear.com.co\/sitio\/?s={search_term_string}"},"query-input":{"@type":"PropertyValueSpecification","valueRequired":true,"valueName":"search_term_string"}}],"inLanguage":"es"}]}},"_links":{"self":[{"href":"https:\/\/soundgear.com.co\/sitio\/wp-json\/wp\/v2\/product\/29076","targetHints":{"allow":["GET"]}}],"collection":[{"href":"https:\/\/soundgear.com.co\/sitio\/wp-json\/wp\/v2\/product"}],"about":[{"href":"https:\/\/soundgear.com.co\/sitio\/wp-json\/wp\/v2\/types\/product"}],"replies":[{"embeddable":true,"href":"https:\/\/soundgear.com.co\/sitio\/wp-json\/wp\/v2\/comments?post=29076"}],"version-history":[{"count":1,"href":"https:\/\/soundgear.com.co\/sitio\/wp-json\/wp\/v2\/product\/29076\/revisions"}],"predecessor-version":[{"id":29106,"href":"https:\/\/soundgear.com.co\/sitio\/wp-json\/wp\/v2\/product\/29076\/revisions\/29106"}],"wp:featuredmedia":[{"embeddable":true,"href":"https:\/\/soundgear.com.co\/sitio\/wp-json\/wp\/v2\/media\/18485"}],"wp:attachment":[{"href":"https:\/\/soundgear.com.co\/sitio\/wp-json\/wp\/v2\/media?parent=29076"}],"wp:term":[{"taxonomy":"product_brand","embeddable":true,"href":"https:\/\/soundgear.com.co\/sitio\/wp-json\/wp\/v2\/product_brand?post=29076"},{"taxonomy":"product_cat","embeddable":true,"href":"https:\/\/soundgear.com.co\/sitio\/wp-json\/wp\/v2\/product_cat?post=29076"},{"taxonomy":"product_tag","embeddable":true,"href":"https:\/\/soundgear.com.co\/sitio\/wp-json\/wp\/v2\/product_tag?post=29076"}],"curies":[{"name":"wp","href":"https:\/\/api.w.org\/{rel}","templated":true}]}}