{"id":29093,"date":"2026-03-11T13:29:21","date_gmt":"2026-03-11T18:29:21","guid":{"rendered":"https:\/\/soundgear.com.co\/sitio\/?post_type=product&#038;p=29093"},"modified":"2026-03-11T13:29:25","modified_gmt":"2026-03-11T18:29:25","slug":"pedal-joyo-atmosphere","status":"publish","type":"product","link":"https:\/\/soundgear.com.co\/sitio\/producto\/pedal-joyo-atmosphere\/","title":{"rendered":"PEDAL JOYO ATMOSPHERE"},"content":{"rendered":"","protected":false},"excerpt":{"rendered":"<p>ATMOSPHERE presenta 9 tipos de reverberaci\u00f3n digital incorporados, incluidos SPRING, CHURCH, PLATE, EKO-VERB, SHIMMER, COMET, REWIND, FOREST, PULSE, adem\u00e1s del ajuste tradicional MIX, DECAY y TONE, tiene control de profundidad de efectos de modulaci\u00f3n dedicado para Efectos de modulaci\u00f3n. El interruptor de funci\u00f3n TRAIL es para activar la funci\u00f3n Trail, lo que permite que el tono de los efectos se desvanezca y suene mucho m\u00e1s natural entre el encendido y el apagado.<\/p>\n","protected":false},"featured_media":16930,"comment_status":"open","ping_status":"closed","template":"","meta":{"_joinchat":[]},"product_brand":[],"product_cat":[82],"product_tag":[],"class_list":{"0":"post-29093","1":"product","2":"type-product","3":"status-publish","4":"has-post-thumbnail","6":"product_cat-pedales","8":"first","9":"instock","10":"sold-individually","11":"taxable","12":"shipping-taxable","13":"purchasable","14":"product-type-simple"},"yoast_head":"<!-- This site is optimized with the Yoast SEO plugin v27.1.1 - https:\/\/yoast.com\/product\/yoast-seo-wordpress\/ -->\n<title>PEDAL JOYO ATMOSPHERE - Sound Gear<\/title>\n<meta name=\"robots\" content=\"index, follow, max-snippet:-1, max-image-preview:large, max-video-preview:-1\" \/>\n<link rel=\"canonical\" href=\"https:\/\/soundgear.com.co\/sitio\/producto\/pedal-joyo-atmosphere\/\" \/>\n<meta property=\"og:locale\" content=\"es_ES\" \/>\n<meta property=\"og:type\" content=\"article\" \/>\n<meta property=\"og:title\" content=\"PEDAL JOYO ATMOSPHERE - Sound Gear\" \/>\n<meta property=\"og:description\" content=\"ATMOSPHERE presenta 9 tipos de reverberaci\u00f3n digital incorporados, incluidos SPRING, CHURCH, PLATE, EKO-VERB, SHIMMER, COMET, REWIND, FOREST, PULSE, adem\u00e1s del ajuste tradicional MIX, DECAY y TONE, tiene control de profundidad de efectos de modulaci\u00f3n dedicado para Efectos de modulaci\u00f3n. El interruptor de funci\u00f3n TRAIL es para activar la funci\u00f3n Trail, lo que permite que el tono de los efectos se desvanezca y suene mucho m\u00e1s natural entre el encendido y el apagado.\" \/>\n<meta property=\"og:url\" content=\"https:\/\/soundgear.com.co\/sitio\/producto\/pedal-joyo-atmosphere\/\" \/>\n<meta property=\"og:site_name\" content=\"Sound Gear\" \/>\n<meta property=\"article:modified_time\" content=\"2026-03-11T18:29:25+00:00\" \/>\n<meta name=\"twitter:card\" content=\"summary_large_image\" \/>\n<script type=\"application\/ld+json\" class=\"yoast-schema-graph\">{\"@context\":\"https:\/\/schema.org\",\"@graph\":[{\"@type\":\"WebPage\",\"@id\":\"https:\/\/soundgear.com.co\/sitio\/producto\/pedal-joyo-atmosphere\/\",\"url\":\"https:\/\/soundgear.com.co\/sitio\/producto\/pedal-joyo-atmosphere\/\",\"name\":\"PEDAL JOYO ATMOSPHERE - Sound Gear\",\"isPartOf\":{\"@id\":\"https:\/\/soundgear.com.co\/sitio\/#website\"},\"primaryImageOfPage\":{\"@id\":\"https:\/\/soundgear.com.co\/sitio\/producto\/pedal-joyo-atmosphere\/#primaryimage\"},\"image\":{\"@id\":\"https:\/\/soundgear.com.co\/sitio\/producto\/pedal-joyo-atmosphere\/#primaryimage\"},\"thumbnailUrl\":\"https:\/\/soundgear.com.co\/sitio\/wp-content\/uploads\/2023\/02\/pedal-joyo-atmosphere.jpg\",\"datePublished\":\"2026-03-11T18:29:21+00:00\",\"dateModified\":\"2026-03-11T18:29:25+00:00\",\"breadcrumb\":{\"@id\":\"https:\/\/soundgear.com.co\/sitio\/producto\/pedal-joyo-atmosphere\/#breadcrumb\"},\"inLanguage\":\"es\",\"potentialAction\":[{\"@type\":\"ReadAction\",\"target\":[\"https:\/\/soundgear.com.co\/sitio\/producto\/pedal-joyo-atmosphere\/\"]}]},{\"@type\":\"ImageObject\",\"inLanguage\":\"es\",\"@id\":\"https:\/\/soundgear.com.co\/sitio\/producto\/pedal-joyo-atmosphere\/#primaryimage\",\"url\":\"https:\/\/soundgear.com.co\/sitio\/wp-content\/uploads\/2023\/02\/pedal-joyo-atmosphere.jpg\",\"contentUrl\":\"https:\/\/soundgear.com.co\/sitio\/wp-content\/uploads\/2023\/02\/pedal-joyo-atmosphere.jpg\",\"width\":1000,\"height\":1000},{\"@type\":\"BreadcrumbList\",\"@id\":\"https:\/\/soundgear.com.co\/sitio\/producto\/pedal-joyo-atmosphere\/#breadcrumb\",\"itemListElement\":[{\"@type\":\"ListItem\",\"position\":1,\"name\":\"Portada\",\"item\":\"https:\/\/soundgear.com.co\/sitio\/\"},{\"@type\":\"ListItem\",\"position\":2,\"name\":\"Tienda\",\"item\":\"https:\/\/soundgear.com.co\/sitio\/tienda\/\"},{\"@type\":\"ListItem\",\"position\":3,\"name\":\"PEDAL JOYO ATMOSPHERE\"}]},{\"@type\":\"WebSite\",\"@id\":\"https:\/\/soundgear.com.co\/sitio\/#website\",\"url\":\"https:\/\/soundgear.com.co\/sitio\/\",\"name\":\"Sound Gear\",\"description\":\"Tienda de Instrumentos Musicales\",\"potentialAction\":[{\"@type\":\"SearchAction\",\"target\":{\"@type\":\"EntryPoint\",\"urlTemplate\":\"https:\/\/soundgear.com.co\/sitio\/?s={search_term_string}\"},\"query-input\":{\"@type\":\"PropertyValueSpecification\",\"valueRequired\":true,\"valueName\":\"search_term_string\"}}],\"inLanguage\":\"es\"}]}<\/script>\n<!-- \/ Yoast SEO plugin. -->","yoast_head_json":{"title":"PEDAL JOYO ATMOSPHERE - Sound Gear","robots":{"index":"index","follow":"follow","max-snippet":"max-snippet:-1","max-image-preview":"max-image-preview:large","max-video-preview":"max-video-preview:-1"},"canonical":"https:\/\/soundgear.com.co\/sitio\/producto\/pedal-joyo-atmosphere\/","og_locale":"es_ES","og_type":"article","og_title":"PEDAL JOYO ATMOSPHERE - Sound Gear","og_description":"ATMOSPHERE presenta 9 tipos de reverberaci\u00f3n digital incorporados, incluidos SPRING, CHURCH, PLATE, EKO-VERB, SHIMMER, COMET, REWIND, FOREST, PULSE, adem\u00e1s del ajuste tradicional MIX, DECAY y TONE, tiene control de profundidad de efectos de modulaci\u00f3n dedicado para Efectos de modulaci\u00f3n. El interruptor de funci\u00f3n TRAIL es para activar la funci\u00f3n Trail, lo que permite que el tono de los efectos se desvanezca y suene mucho m\u00e1s natural entre el encendido y el apagado.","og_url":"https:\/\/soundgear.com.co\/sitio\/producto\/pedal-joyo-atmosphere\/","og_site_name":"Sound Gear","article_modified_time":"2026-03-11T18:29:25+00:00","twitter_card":"summary_large_image","schema":{"@context":"https:\/\/schema.org","@graph":[{"@type":"WebPage","@id":"https:\/\/soundgear.com.co\/sitio\/producto\/pedal-joyo-atmosphere\/","url":"https:\/\/soundgear.com.co\/sitio\/producto\/pedal-joyo-atmosphere\/","name":"PEDAL JOYO ATMOSPHERE - Sound Gear","isPartOf":{"@id":"https:\/\/soundgear.com.co\/sitio\/#website"},"primaryImageOfPage":{"@id":"https:\/\/soundgear.com.co\/sitio\/producto\/pedal-joyo-atmosphere\/#primaryimage"},"image":{"@id":"https:\/\/soundgear.com.co\/sitio\/producto\/pedal-joyo-atmosphere\/#primaryimage"},"thumbnailUrl":"https:\/\/soundgear.com.co\/sitio\/wp-content\/uploads\/2023\/02\/pedal-joyo-atmosphere.jpg","datePublished":"2026-03-11T18:29:21+00:00","dateModified":"2026-03-11T18:29:25+00:00","breadcrumb":{"@id":"https:\/\/soundgear.com.co\/sitio\/producto\/pedal-joyo-atmosphere\/#breadcrumb"},"inLanguage":"es","potentialAction":[{"@type":"ReadAction","target":["https:\/\/soundgear.com.co\/sitio\/producto\/pedal-joyo-atmosphere\/"]}]},{"@type":"ImageObject","inLanguage":"es","@id":"https:\/\/soundgear.com.co\/sitio\/producto\/pedal-joyo-atmosphere\/#primaryimage","url":"https:\/\/soundgear.com.co\/sitio\/wp-content\/uploads\/2023\/02\/pedal-joyo-atmosphere.jpg","contentUrl":"https:\/\/soundgear.com.co\/sitio\/wp-content\/uploads\/2023\/02\/pedal-joyo-atmosphere.jpg","width":1000,"height":1000},{"@type":"BreadcrumbList","@id":"https:\/\/soundgear.com.co\/sitio\/producto\/pedal-joyo-atmosphere\/#breadcrumb","itemListElement":[{"@type":"ListItem","position":1,"name":"Portada","item":"https:\/\/soundgear.com.co\/sitio\/"},{"@type":"ListItem","position":2,"name":"Tienda","item":"https:\/\/soundgear.com.co\/sitio\/tienda\/"},{"@type":"ListItem","position":3,"name":"PEDAL JOYO ATMOSPHERE"}]},{"@type":"WebSite","@id":"https:\/\/soundgear.com.co\/sitio\/#website","url":"https:\/\/soundgear.com.co\/sitio\/","name":"Sound Gear","description":"Tienda de Instrumentos Musicales","potentialAction":[{"@type":"SearchAction","target":{"@type":"EntryPoint","urlTemplate":"https:\/\/soundgear.com.co\/sitio\/?s={search_term_string}"},"query-input":{"@type":"PropertyValueSpecification","valueRequired":true,"valueName":"search_term_string"}}],"inLanguage":"es"}]}},"_links":{"self":[{"href":"https:\/\/soundgear.com.co\/sitio\/wp-json\/wp\/v2\/product\/29093","targetHints":{"allow":["GET"]}}],"collection":[{"href":"https:\/\/soundgear.com.co\/sitio\/wp-json\/wp\/v2\/product"}],"about":[{"href":"https:\/\/soundgear.com.co\/sitio\/wp-json\/wp\/v2\/types\/product"}],"replies":[{"embeddable":true,"href":"https:\/\/soundgear.com.co\/sitio\/wp-json\/wp\/v2\/comments?post=29093"}],"version-history":[{"count":1,"href":"https:\/\/soundgear.com.co\/sitio\/wp-json\/wp\/v2\/product\/29093\/revisions"}],"predecessor-version":[{"id":29123,"href":"https:\/\/soundgear.com.co\/sitio\/wp-json\/wp\/v2\/product\/29093\/revisions\/29123"}],"wp:featuredmedia":[{"embeddable":true,"href":"https:\/\/soundgear.com.co\/sitio\/wp-json\/wp\/v2\/media\/16930"}],"wp:attachment":[{"href":"https:\/\/soundgear.com.co\/sitio\/wp-json\/wp\/v2\/media?parent=29093"}],"wp:term":[{"taxonomy":"product_brand","embeddable":true,"href":"https:\/\/soundgear.com.co\/sitio\/wp-json\/wp\/v2\/product_brand?post=29093"},{"taxonomy":"product_cat","embeddable":true,"href":"https:\/\/soundgear.com.co\/sitio\/wp-json\/wp\/v2\/product_cat?post=29093"},{"taxonomy":"product_tag","embeddable":true,"href":"https:\/\/soundgear.com.co\/sitio\/wp-json\/wp\/v2\/product_tag?post=29093"}],"curies":[{"name":"wp","href":"https:\/\/api.w.org\/{rel}","templated":true}]}}