{"id":29127,"date":"2026-03-11T13:29:26","date_gmt":"2026-03-11T18:29:26","guid":{"rendered":"https:\/\/soundgear.com.co\/sitio\/?post_type=product&#038;p=29127"},"modified":"2026-03-11T13:29:28","modified_gmt":"2026-03-11T18:29:28","slug":"pedal-joyo-future-chorus","status":"publish","type":"product","link":"https:\/\/soundgear.com.co\/sitio\/producto\/pedal-joyo-future-chorus\/","title":{"rendered":"PEDAL JOYO FUTURE CHORUS"},"content":{"rendered":"","protected":false},"excerpt":{"rendered":"<p>Para muchos guitarristas, Chorus es ese efecto cursi de los a\u00f1os 80. Cierto, pero tambi\u00e9n puede ampliar el sonido de tu guitarra, llevarlo al frente de la mezcla y darle mucha m\u00e1s profundidad a tus sonidos limpios. El FUTURE CHORUS es un coro anal\u00f3gico sutil que nunca suena \u00abdemasiado\u00bb. incluso en configuraciones extremas, cada sonido que marque permanece completamente utilizable. As\u00ed que si buscas sonidos de chorus locos y tambaleantes, sigue buscando, pero si necesitas un chorus bellamente transparente que funcione en muchas situaciones, el FUTURE CHORUS es para ti.<\/p>\n","protected":false},"featured_media":16942,"comment_status":"open","ping_status":"closed","template":"","meta":{"_joinchat":[]},"product_brand":[],"product_cat":[82],"product_tag":[],"class_list":{"0":"post-29127","1":"product","2":"type-product","3":"status-publish","4":"has-post-thumbnail","6":"product_cat-pedales","8":"first","9":"outofstock","10":"sold-individually","11":"taxable","12":"shipping-taxable","13":"purchasable","14":"product-type-simple"},"yoast_head":"<!-- This site is optimized with the Yoast SEO plugin v27.1.1 - https:\/\/yoast.com\/product\/yoast-seo-wordpress\/ -->\n<title>PEDAL JOYO FUTURE CHORUS - Sound Gear<\/title>\n<meta name=\"robots\" content=\"index, follow, max-snippet:-1, max-image-preview:large, max-video-preview:-1\" \/>\n<link rel=\"canonical\" href=\"https:\/\/soundgear.com.co\/sitio\/producto\/pedal-joyo-future-chorus\/\" \/>\n<meta property=\"og:locale\" content=\"es_ES\" \/>\n<meta property=\"og:type\" content=\"article\" \/>\n<meta property=\"og:title\" content=\"PEDAL JOYO FUTURE CHORUS - Sound Gear\" \/>\n<meta property=\"og:description\" content=\"Para muchos guitarristas, Chorus es ese efecto cursi de los a\u00f1os 80. Cierto, pero tambi\u00e9n puede ampliar el sonido de tu guitarra, llevarlo al frente de la mezcla y darle mucha m\u00e1s profundidad a tus sonidos limpios. El FUTURE CHORUS es un coro anal\u00f3gico sutil que nunca suena &quot;demasiado&quot;. incluso en configuraciones extremas, cada sonido que marque permanece completamente utilizable. As\u00ed que si buscas sonidos de chorus locos y tambaleantes, sigue buscando, pero si necesitas un chorus bellamente transparente que funcione en muchas situaciones, el FUTURE CHORUS es para ti.\" \/>\n<meta property=\"og:url\" content=\"https:\/\/soundgear.com.co\/sitio\/producto\/pedal-joyo-future-chorus\/\" \/>\n<meta property=\"og:site_name\" content=\"Sound Gear\" \/>\n<meta property=\"article:modified_time\" content=\"2026-03-11T18:29:28+00:00\" \/>\n<meta name=\"twitter:card\" content=\"summary_large_image\" \/>\n<script type=\"application\/ld+json\" class=\"yoast-schema-graph\">{\"@context\":\"https:\/\/schema.org\",\"@graph\":[{\"@type\":\"WebPage\",\"@id\":\"https:\/\/soundgear.com.co\/sitio\/producto\/pedal-joyo-future-chorus\/\",\"url\":\"https:\/\/soundgear.com.co\/sitio\/producto\/pedal-joyo-future-chorus\/\",\"name\":\"PEDAL JOYO FUTURE CHORUS - Sound Gear\",\"isPartOf\":{\"@id\":\"https:\/\/soundgear.com.co\/sitio\/#website\"},\"primaryImageOfPage\":{\"@id\":\"https:\/\/soundgear.com.co\/sitio\/producto\/pedal-joyo-future-chorus\/#primaryimage\"},\"image\":{\"@id\":\"https:\/\/soundgear.com.co\/sitio\/producto\/pedal-joyo-future-chorus\/#primaryimage\"},\"thumbnailUrl\":\"https:\/\/soundgear.com.co\/sitio\/wp-content\/uploads\/2023\/02\/pedal-joyo-future-chorus-1.jpg\",\"datePublished\":\"2026-03-11T18:29:26+00:00\",\"dateModified\":\"2026-03-11T18:29:28+00:00\",\"breadcrumb\":{\"@id\":\"https:\/\/soundgear.com.co\/sitio\/producto\/pedal-joyo-future-chorus\/#breadcrumb\"},\"inLanguage\":\"es\",\"potentialAction\":[{\"@type\":\"ReadAction\",\"target\":[\"https:\/\/soundgear.com.co\/sitio\/producto\/pedal-joyo-future-chorus\/\"]}]},{\"@type\":\"ImageObject\",\"inLanguage\":\"es\",\"@id\":\"https:\/\/soundgear.com.co\/sitio\/producto\/pedal-joyo-future-chorus\/#primaryimage\",\"url\":\"https:\/\/soundgear.com.co\/sitio\/wp-content\/uploads\/2023\/02\/pedal-joyo-future-chorus-1.jpg\",\"contentUrl\":\"https:\/\/soundgear.com.co\/sitio\/wp-content\/uploads\/2023\/02\/pedal-joyo-future-chorus-1.jpg\",\"width\":1000,\"height\":1000},{\"@type\":\"BreadcrumbList\",\"@id\":\"https:\/\/soundgear.com.co\/sitio\/producto\/pedal-joyo-future-chorus\/#breadcrumb\",\"itemListElement\":[{\"@type\":\"ListItem\",\"position\":1,\"name\":\"Portada\",\"item\":\"https:\/\/soundgear.com.co\/sitio\/\"},{\"@type\":\"ListItem\",\"position\":2,\"name\":\"Tienda\",\"item\":\"https:\/\/soundgear.com.co\/sitio\/tienda\/\"},{\"@type\":\"ListItem\",\"position\":3,\"name\":\"PEDAL JOYO FUTURE CHORUS\"}]},{\"@type\":\"WebSite\",\"@id\":\"https:\/\/soundgear.com.co\/sitio\/#website\",\"url\":\"https:\/\/soundgear.com.co\/sitio\/\",\"name\":\"Sound Gear\",\"description\":\"Tienda de Instrumentos Musicales\",\"potentialAction\":[{\"@type\":\"SearchAction\",\"target\":{\"@type\":\"EntryPoint\",\"urlTemplate\":\"https:\/\/soundgear.com.co\/sitio\/?s={search_term_string}\"},\"query-input\":{\"@type\":\"PropertyValueSpecification\",\"valueRequired\":true,\"valueName\":\"search_term_string\"}}],\"inLanguage\":\"es\"}]}<\/script>\n<!-- \/ Yoast SEO plugin. -->","yoast_head_json":{"title":"PEDAL JOYO FUTURE CHORUS - Sound Gear","robots":{"index":"index","follow":"follow","max-snippet":"max-snippet:-1","max-image-preview":"max-image-preview:large","max-video-preview":"max-video-preview:-1"},"canonical":"https:\/\/soundgear.com.co\/sitio\/producto\/pedal-joyo-future-chorus\/","og_locale":"es_ES","og_type":"article","og_title":"PEDAL JOYO FUTURE CHORUS - Sound Gear","og_description":"Para muchos guitarristas, Chorus es ese efecto cursi de los a\u00f1os 80. Cierto, pero tambi\u00e9n puede ampliar el sonido de tu guitarra, llevarlo al frente de la mezcla y darle mucha m\u00e1s profundidad a tus sonidos limpios. El FUTURE CHORUS es un coro anal\u00f3gico sutil que nunca suena \"demasiado\". incluso en configuraciones extremas, cada sonido que marque permanece completamente utilizable. As\u00ed que si buscas sonidos de chorus locos y tambaleantes, sigue buscando, pero si necesitas un chorus bellamente transparente que funcione en muchas situaciones, el FUTURE CHORUS es para ti.","og_url":"https:\/\/soundgear.com.co\/sitio\/producto\/pedal-joyo-future-chorus\/","og_site_name":"Sound Gear","article_modified_time":"2026-03-11T18:29:28+00:00","twitter_card":"summary_large_image","schema":{"@context":"https:\/\/schema.org","@graph":[{"@type":"WebPage","@id":"https:\/\/soundgear.com.co\/sitio\/producto\/pedal-joyo-future-chorus\/","url":"https:\/\/soundgear.com.co\/sitio\/producto\/pedal-joyo-future-chorus\/","name":"PEDAL JOYO FUTURE CHORUS - Sound Gear","isPartOf":{"@id":"https:\/\/soundgear.com.co\/sitio\/#website"},"primaryImageOfPage":{"@id":"https:\/\/soundgear.com.co\/sitio\/producto\/pedal-joyo-future-chorus\/#primaryimage"},"image":{"@id":"https:\/\/soundgear.com.co\/sitio\/producto\/pedal-joyo-future-chorus\/#primaryimage"},"thumbnailUrl":"https:\/\/soundgear.com.co\/sitio\/wp-content\/uploads\/2023\/02\/pedal-joyo-future-chorus-1.jpg","datePublished":"2026-03-11T18:29:26+00:00","dateModified":"2026-03-11T18:29:28+00:00","breadcrumb":{"@id":"https:\/\/soundgear.com.co\/sitio\/producto\/pedal-joyo-future-chorus\/#breadcrumb"},"inLanguage":"es","potentialAction":[{"@type":"ReadAction","target":["https:\/\/soundgear.com.co\/sitio\/producto\/pedal-joyo-future-chorus\/"]}]},{"@type":"ImageObject","inLanguage":"es","@id":"https:\/\/soundgear.com.co\/sitio\/producto\/pedal-joyo-future-chorus\/#primaryimage","url":"https:\/\/soundgear.com.co\/sitio\/wp-content\/uploads\/2023\/02\/pedal-joyo-future-chorus-1.jpg","contentUrl":"https:\/\/soundgear.com.co\/sitio\/wp-content\/uploads\/2023\/02\/pedal-joyo-future-chorus-1.jpg","width":1000,"height":1000},{"@type":"BreadcrumbList","@id":"https:\/\/soundgear.com.co\/sitio\/producto\/pedal-joyo-future-chorus\/#breadcrumb","itemListElement":[{"@type":"ListItem","position":1,"name":"Portada","item":"https:\/\/soundgear.com.co\/sitio\/"},{"@type":"ListItem","position":2,"name":"Tienda","item":"https:\/\/soundgear.com.co\/sitio\/tienda\/"},{"@type":"ListItem","position":3,"name":"PEDAL JOYO FUTURE CHORUS"}]},{"@type":"WebSite","@id":"https:\/\/soundgear.com.co\/sitio\/#website","url":"https:\/\/soundgear.com.co\/sitio\/","name":"Sound Gear","description":"Tienda de Instrumentos Musicales","potentialAction":[{"@type":"SearchAction","target":{"@type":"EntryPoint","urlTemplate":"https:\/\/soundgear.com.co\/sitio\/?s={search_term_string}"},"query-input":{"@type":"PropertyValueSpecification","valueRequired":true,"valueName":"search_term_string"}}],"inLanguage":"es"}]}},"_links":{"self":[{"href":"https:\/\/soundgear.com.co\/sitio\/wp-json\/wp\/v2\/product\/29127","targetHints":{"allow":["GET"]}}],"collection":[{"href":"https:\/\/soundgear.com.co\/sitio\/wp-json\/wp\/v2\/product"}],"about":[{"href":"https:\/\/soundgear.com.co\/sitio\/wp-json\/wp\/v2\/types\/product"}],"replies":[{"embeddable":true,"href":"https:\/\/soundgear.com.co\/sitio\/wp-json\/wp\/v2\/comments?post=29127"}],"version-history":[{"count":1,"href":"https:\/\/soundgear.com.co\/sitio\/wp-json\/wp\/v2\/product\/29127\/revisions"}],"predecessor-version":[{"id":29157,"href":"https:\/\/soundgear.com.co\/sitio\/wp-json\/wp\/v2\/product\/29127\/revisions\/29157"}],"wp:featuredmedia":[{"embeddable":true,"href":"https:\/\/soundgear.com.co\/sitio\/wp-json\/wp\/v2\/media\/16942"}],"wp:attachment":[{"href":"https:\/\/soundgear.com.co\/sitio\/wp-json\/wp\/v2\/media?parent=29127"}],"wp:term":[{"taxonomy":"product_brand","embeddable":true,"href":"https:\/\/soundgear.com.co\/sitio\/wp-json\/wp\/v2\/product_brand?post=29127"},{"taxonomy":"product_cat","embeddable":true,"href":"https:\/\/soundgear.com.co\/sitio\/wp-json\/wp\/v2\/product_cat?post=29127"},{"taxonomy":"product_tag","embeddable":true,"href":"https:\/\/soundgear.com.co\/sitio\/wp-json\/wp\/v2\/product_tag?post=29127"}],"curies":[{"name":"wp","href":"https:\/\/api.w.org\/{rel}","templated":true}]}}