{"id":29133,"date":"2026-03-11T13:29:27","date_gmt":"2026-03-11T18:29:27","guid":{"rendered":"https:\/\/soundgear.com.co\/sitio\/?post_type=product&#038;p=29133"},"modified":"2026-03-11T13:29:29","modified_gmt":"2026-03-11T18:29:29","slug":"interface-scarlett-solo-studio-combo","status":"publish","type":"product","link":"https:\/\/soundgear.com.co\/sitio\/producto\/interface-scarlett-solo-studio-combo\/","title":{"rendered":"INTERFACE SCARLETT SOLO STUDIO COMBO"},"content":{"rendered":"","protected":false},"excerpt":{"rendered":"<h2 class=\"product__subtitle\">TODO LO QUE NECESITAS PARA GRABAR.<\/h2>\n<div class=\"product__intro\">\n<p>Desde las mesas de una inmensa comunidad internacional de m\u00fasicos, productores y personas con estudios de grabaci\u00f3n caseros, la emblem\u00e1tica 2i2 ha ayudado a crear m\u00e1s discos que ninguna otra interfaz en la historia. Con micr\u00f3fono, auriculares y todos los cables necesarios, la Scarlett 2i2 Studio es todo lo que necesitas para grabar con calidad de estudio en casa.<\/p>\n<\/div>\n","protected":false},"featured_media":17011,"comment_status":"open","ping_status":"closed","template":"","meta":{"_joinchat":[]},"product_brand":[],"product_cat":[79],"product_tag":[],"class_list":{"0":"post-29133","1":"product","2":"type-product","3":"status-publish","4":"has-post-thumbnail","6":"product_cat-interfaces-de-audio","8":"first","9":"outofstock","10":"sold-individually","11":"taxable","12":"shipping-taxable","13":"purchasable","14":"product-type-simple"},"yoast_head":"<!-- This site is optimized with the Yoast SEO plugin v27.1.1 - https:\/\/yoast.com\/product\/yoast-seo-wordpress\/ -->\n<title>INTERFACE SCARLETT SOLO STUDIO COMBO - Sound Gear<\/title>\n<meta name=\"robots\" content=\"index, follow, max-snippet:-1, max-image-preview:large, max-video-preview:-1\" \/>\n<link rel=\"canonical\" href=\"https:\/\/soundgear.com.co\/sitio\/producto\/interface-scarlett-solo-studio-combo\/\" \/>\n<meta property=\"og:locale\" content=\"es_ES\" \/>\n<meta property=\"og:type\" content=\"article\" \/>\n<meta property=\"og:title\" content=\"INTERFACE SCARLETT SOLO STUDIO COMBO - Sound Gear\" \/>\n<meta property=\"og:description\" content=\"TODO LO QUE NECESITAS PARA GRABAR.   Desde las mesas de una inmensa comunidad internacional de m\u00fasicos, productores y personas con estudios de grabaci\u00f3n caseros, la emblem\u00e1tica 2i2 ha ayudado a crear m\u00e1s discos que ninguna otra interfaz en la historia. Con micr\u00f3fono, auriculares y todos los cables necesarios, la Scarlett 2i2 Studio es todo lo que necesitas para grabar con calidad de estudio en casa.\" \/>\n<meta property=\"og:url\" content=\"https:\/\/soundgear.com.co\/sitio\/producto\/interface-scarlett-solo-studio-combo\/\" \/>\n<meta property=\"og:site_name\" content=\"Sound Gear\" \/>\n<meta property=\"article:modified_time\" content=\"2026-03-11T18:29:29+00:00\" \/>\n<meta name=\"twitter:card\" content=\"summary_large_image\" \/>\n<script type=\"application\/ld+json\" class=\"yoast-schema-graph\">{\"@context\":\"https:\/\/schema.org\",\"@graph\":[{\"@type\":\"WebPage\",\"@id\":\"https:\/\/soundgear.com.co\/sitio\/producto\/interface-scarlett-solo-studio-combo\/\",\"url\":\"https:\/\/soundgear.com.co\/sitio\/producto\/interface-scarlett-solo-studio-combo\/\",\"name\":\"INTERFACE SCARLETT SOLO STUDIO COMBO - Sound Gear\",\"isPartOf\":{\"@id\":\"https:\/\/soundgear.com.co\/sitio\/#website\"},\"primaryImageOfPage\":{\"@id\":\"https:\/\/soundgear.com.co\/sitio\/producto\/interface-scarlett-solo-studio-combo\/#primaryimage\"},\"image\":{\"@id\":\"https:\/\/soundgear.com.co\/sitio\/producto\/interface-scarlett-solo-studio-combo\/#primaryimage\"},\"thumbnailUrl\":\"https:\/\/soundgear.com.co\/sitio\/wp-content\/uploads\/2023\/05\/interface-scarlett-solo-studio-combo.jpg\",\"datePublished\":\"2026-03-11T18:29:27+00:00\",\"dateModified\":\"2026-03-11T18:29:29+00:00\",\"breadcrumb\":{\"@id\":\"https:\/\/soundgear.com.co\/sitio\/producto\/interface-scarlett-solo-studio-combo\/#breadcrumb\"},\"inLanguage\":\"es\",\"potentialAction\":[{\"@type\":\"ReadAction\",\"target\":[\"https:\/\/soundgear.com.co\/sitio\/producto\/interface-scarlett-solo-studio-combo\/\"]}]},{\"@type\":\"ImageObject\",\"inLanguage\":\"es\",\"@id\":\"https:\/\/soundgear.com.co\/sitio\/producto\/interface-scarlett-solo-studio-combo\/#primaryimage\",\"url\":\"https:\/\/soundgear.com.co\/sitio\/wp-content\/uploads\/2023\/05\/interface-scarlett-solo-studio-combo.jpg\",\"contentUrl\":\"https:\/\/soundgear.com.co\/sitio\/wp-content\/uploads\/2023\/05\/interface-scarlett-solo-studio-combo.jpg\",\"width\":1000,\"height\":1000},{\"@type\":\"BreadcrumbList\",\"@id\":\"https:\/\/soundgear.com.co\/sitio\/producto\/interface-scarlett-solo-studio-combo\/#breadcrumb\",\"itemListElement\":[{\"@type\":\"ListItem\",\"position\":1,\"name\":\"Portada\",\"item\":\"https:\/\/soundgear.com.co\/sitio\/\"},{\"@type\":\"ListItem\",\"position\":2,\"name\":\"Tienda\",\"item\":\"https:\/\/soundgear.com.co\/sitio\/tienda\/\"},{\"@type\":\"ListItem\",\"position\":3,\"name\":\"INTERFACE SCARLETT SOLO STUDIO COMBO\"}]},{\"@type\":\"WebSite\",\"@id\":\"https:\/\/soundgear.com.co\/sitio\/#website\",\"url\":\"https:\/\/soundgear.com.co\/sitio\/\",\"name\":\"Sound Gear\",\"description\":\"Tienda de Instrumentos Musicales\",\"potentialAction\":[{\"@type\":\"SearchAction\",\"target\":{\"@type\":\"EntryPoint\",\"urlTemplate\":\"https:\/\/soundgear.com.co\/sitio\/?s={search_term_string}\"},\"query-input\":{\"@type\":\"PropertyValueSpecification\",\"valueRequired\":true,\"valueName\":\"search_term_string\"}}],\"inLanguage\":\"es\"}]}<\/script>\n<!-- \/ Yoast SEO plugin. -->","yoast_head_json":{"title":"INTERFACE SCARLETT SOLO STUDIO COMBO - Sound Gear","robots":{"index":"index","follow":"follow","max-snippet":"max-snippet:-1","max-image-preview":"max-image-preview:large","max-video-preview":"max-video-preview:-1"},"canonical":"https:\/\/soundgear.com.co\/sitio\/producto\/interface-scarlett-solo-studio-combo\/","og_locale":"es_ES","og_type":"article","og_title":"INTERFACE SCARLETT SOLO STUDIO COMBO - Sound Gear","og_description":"TODO LO QUE NECESITAS PARA GRABAR.   Desde las mesas de una inmensa comunidad internacional de m\u00fasicos, productores y personas con estudios de grabaci\u00f3n caseros, la emblem\u00e1tica 2i2 ha ayudado a crear m\u00e1s discos que ninguna otra interfaz en la historia. Con micr\u00f3fono, auriculares y todos los cables necesarios, la Scarlett 2i2 Studio es todo lo que necesitas para grabar con calidad de estudio en casa.","og_url":"https:\/\/soundgear.com.co\/sitio\/producto\/interface-scarlett-solo-studio-combo\/","og_site_name":"Sound Gear","article_modified_time":"2026-03-11T18:29:29+00:00","twitter_card":"summary_large_image","schema":{"@context":"https:\/\/schema.org","@graph":[{"@type":"WebPage","@id":"https:\/\/soundgear.com.co\/sitio\/producto\/interface-scarlett-solo-studio-combo\/","url":"https:\/\/soundgear.com.co\/sitio\/producto\/interface-scarlett-solo-studio-combo\/","name":"INTERFACE SCARLETT SOLO STUDIO COMBO - Sound Gear","isPartOf":{"@id":"https:\/\/soundgear.com.co\/sitio\/#website"},"primaryImageOfPage":{"@id":"https:\/\/soundgear.com.co\/sitio\/producto\/interface-scarlett-solo-studio-combo\/#primaryimage"},"image":{"@id":"https:\/\/soundgear.com.co\/sitio\/producto\/interface-scarlett-solo-studio-combo\/#primaryimage"},"thumbnailUrl":"https:\/\/soundgear.com.co\/sitio\/wp-content\/uploads\/2023\/05\/interface-scarlett-solo-studio-combo.jpg","datePublished":"2026-03-11T18:29:27+00:00","dateModified":"2026-03-11T18:29:29+00:00","breadcrumb":{"@id":"https:\/\/soundgear.com.co\/sitio\/producto\/interface-scarlett-solo-studio-combo\/#breadcrumb"},"inLanguage":"es","potentialAction":[{"@type":"ReadAction","target":["https:\/\/soundgear.com.co\/sitio\/producto\/interface-scarlett-solo-studio-combo\/"]}]},{"@type":"ImageObject","inLanguage":"es","@id":"https:\/\/soundgear.com.co\/sitio\/producto\/interface-scarlett-solo-studio-combo\/#primaryimage","url":"https:\/\/soundgear.com.co\/sitio\/wp-content\/uploads\/2023\/05\/interface-scarlett-solo-studio-combo.jpg","contentUrl":"https:\/\/soundgear.com.co\/sitio\/wp-content\/uploads\/2023\/05\/interface-scarlett-solo-studio-combo.jpg","width":1000,"height":1000},{"@type":"BreadcrumbList","@id":"https:\/\/soundgear.com.co\/sitio\/producto\/interface-scarlett-solo-studio-combo\/#breadcrumb","itemListElement":[{"@type":"ListItem","position":1,"name":"Portada","item":"https:\/\/soundgear.com.co\/sitio\/"},{"@type":"ListItem","position":2,"name":"Tienda","item":"https:\/\/soundgear.com.co\/sitio\/tienda\/"},{"@type":"ListItem","position":3,"name":"INTERFACE SCARLETT SOLO STUDIO COMBO"}]},{"@type":"WebSite","@id":"https:\/\/soundgear.com.co\/sitio\/#website","url":"https:\/\/soundgear.com.co\/sitio\/","name":"Sound Gear","description":"Tienda de Instrumentos Musicales","potentialAction":[{"@type":"SearchAction","target":{"@type":"EntryPoint","urlTemplate":"https:\/\/soundgear.com.co\/sitio\/?s={search_term_string}"},"query-input":{"@type":"PropertyValueSpecification","valueRequired":true,"valueName":"search_term_string"}}],"inLanguage":"es"}]}},"_links":{"self":[{"href":"https:\/\/soundgear.com.co\/sitio\/wp-json\/wp\/v2\/product\/29133","targetHints":{"allow":["GET"]}}],"collection":[{"href":"https:\/\/soundgear.com.co\/sitio\/wp-json\/wp\/v2\/product"}],"about":[{"href":"https:\/\/soundgear.com.co\/sitio\/wp-json\/wp\/v2\/types\/product"}],"replies":[{"embeddable":true,"href":"https:\/\/soundgear.com.co\/sitio\/wp-json\/wp\/v2\/comments?post=29133"}],"version-history":[{"count":1,"href":"https:\/\/soundgear.com.co\/sitio\/wp-json\/wp\/v2\/product\/29133\/revisions"}],"predecessor-version":[{"id":29163,"href":"https:\/\/soundgear.com.co\/sitio\/wp-json\/wp\/v2\/product\/29133\/revisions\/29163"}],"wp:featuredmedia":[{"embeddable":true,"href":"https:\/\/soundgear.com.co\/sitio\/wp-json\/wp\/v2\/media\/17011"}],"wp:attachment":[{"href":"https:\/\/soundgear.com.co\/sitio\/wp-json\/wp\/v2\/media?parent=29133"}],"wp:term":[{"taxonomy":"product_brand","embeddable":true,"href":"https:\/\/soundgear.com.co\/sitio\/wp-json\/wp\/v2\/product_brand?post=29133"},{"taxonomy":"product_cat","embeddable":true,"href":"https:\/\/soundgear.com.co\/sitio\/wp-json\/wp\/v2\/product_cat?post=29133"},{"taxonomy":"product_tag","embeddable":true,"href":"https:\/\/soundgear.com.co\/sitio\/wp-json\/wp\/v2\/product_tag?post=29133"}],"curies":[{"name":"wp","href":"https:\/\/api.w.org\/{rel}","templated":true}]}}