{"id":29150,"date":"2026-03-11T13:29:28","date_gmt":"2026-03-11T18:29:28","guid":{"rendered":"https:\/\/soundgear.com.co\/sitio\/?post_type=product&#038;p=29150"},"modified":"2026-03-11T13:29:31","modified_gmt":"2026-03-11T18:29:31","slug":"pedal-joyo-time-magic-delay","status":"publish","type":"product","link":"https:\/\/soundgear.com.co\/sitio\/producto\/pedal-joyo-time-magic-delay\/","title":{"rendered":"PEDAL JOYO TIME MAGIC (DELAY)"},"content":{"rendered":"","protected":false},"excerpt":{"rendered":"<p>El mini pedal de retardo JOYO Time Magic es un retardo digital de sonido anal\u00f3gico con todas las excelentes caracter\u00edsticas de una l\u00ednea de retardo de brigada de cubo (BBD). Un impresionante tiempo de retardo m\u00e1ximo de 600 ms y retroalimentaci\u00f3n que se puede impulsar realmente, logre una amplia gama de sus sonidos de retardo favoritos.<\/p>\n","protected":false},"featured_media":17077,"comment_status":"open","ping_status":"closed","template":"","meta":{"_joinchat":[]},"product_brand":[],"product_cat":[82],"product_tag":[],"class_list":{"0":"post-29150","1":"product","2":"type-product","3":"status-publish","4":"has-post-thumbnail","6":"product_cat-pedales","8":"first","9":"instock","10":"sold-individually","11":"taxable","12":"shipping-taxable","13":"purchasable","14":"product-type-simple"},"yoast_head":"<!-- This site is optimized with the Yoast SEO plugin v27.1.1 - https:\/\/yoast.com\/product\/yoast-seo-wordpress\/ -->\n<title>PEDAL JOYO TIME MAGIC (DELAY) - Sound Gear<\/title>\n<meta name=\"robots\" content=\"index, follow, max-snippet:-1, max-image-preview:large, max-video-preview:-1\" \/>\n<link rel=\"canonical\" href=\"https:\/\/soundgear.com.co\/sitio\/producto\/pedal-joyo-time-magic-delay\/\" \/>\n<meta property=\"og:locale\" content=\"es_ES\" \/>\n<meta property=\"og:type\" content=\"article\" \/>\n<meta property=\"og:title\" content=\"PEDAL JOYO TIME MAGIC (DELAY) - Sound Gear\" \/>\n<meta property=\"og:description\" content=\"El mini pedal de retardo JOYO Time Magic es un retardo digital de sonido anal\u00f3gico con todas las excelentes caracter\u00edsticas de una l\u00ednea de retardo de brigada de cubo (BBD). Un impresionante tiempo de retardo m\u00e1ximo de 600 ms y retroalimentaci\u00f3n que se puede impulsar realmente, logre una amplia gama de sus sonidos de retardo favoritos.\" \/>\n<meta property=\"og:url\" content=\"https:\/\/soundgear.com.co\/sitio\/producto\/pedal-joyo-time-magic-delay\/\" \/>\n<meta property=\"og:site_name\" content=\"Sound Gear\" \/>\n<meta property=\"article:modified_time\" content=\"2026-03-11T18:29:31+00:00\" \/>\n<meta name=\"twitter:card\" content=\"summary_large_image\" \/>\n<script type=\"application\/ld+json\" class=\"yoast-schema-graph\">{\"@context\":\"https:\/\/schema.org\",\"@graph\":[{\"@type\":\"WebPage\",\"@id\":\"https:\/\/soundgear.com.co\/sitio\/producto\/pedal-joyo-time-magic-delay\/\",\"url\":\"https:\/\/soundgear.com.co\/sitio\/producto\/pedal-joyo-time-magic-delay\/\",\"name\":\"PEDAL JOYO TIME MAGIC (DELAY) - Sound Gear\",\"isPartOf\":{\"@id\":\"https:\/\/soundgear.com.co\/sitio\/#website\"},\"primaryImageOfPage\":{\"@id\":\"https:\/\/soundgear.com.co\/sitio\/producto\/pedal-joyo-time-magic-delay\/#primaryimage\"},\"image\":{\"@id\":\"https:\/\/soundgear.com.co\/sitio\/producto\/pedal-joyo-time-magic-delay\/#primaryimage\"},\"thumbnailUrl\":\"https:\/\/soundgear.com.co\/sitio\/wp-content\/uploads\/2023\/05\/pedal-joyo-time-magic-delay.jpg\",\"datePublished\":\"2026-03-11T18:29:28+00:00\",\"dateModified\":\"2026-03-11T18:29:31+00:00\",\"breadcrumb\":{\"@id\":\"https:\/\/soundgear.com.co\/sitio\/producto\/pedal-joyo-time-magic-delay\/#breadcrumb\"},\"inLanguage\":\"es\",\"potentialAction\":[{\"@type\":\"ReadAction\",\"target\":[\"https:\/\/soundgear.com.co\/sitio\/producto\/pedal-joyo-time-magic-delay\/\"]}]},{\"@type\":\"ImageObject\",\"inLanguage\":\"es\",\"@id\":\"https:\/\/soundgear.com.co\/sitio\/producto\/pedal-joyo-time-magic-delay\/#primaryimage\",\"url\":\"https:\/\/soundgear.com.co\/sitio\/wp-content\/uploads\/2023\/05\/pedal-joyo-time-magic-delay.jpg\",\"contentUrl\":\"https:\/\/soundgear.com.co\/sitio\/wp-content\/uploads\/2023\/05\/pedal-joyo-time-magic-delay.jpg\",\"width\":1000,\"height\":1000},{\"@type\":\"BreadcrumbList\",\"@id\":\"https:\/\/soundgear.com.co\/sitio\/producto\/pedal-joyo-time-magic-delay\/#breadcrumb\",\"itemListElement\":[{\"@type\":\"ListItem\",\"position\":1,\"name\":\"Portada\",\"item\":\"https:\/\/soundgear.com.co\/sitio\/\"},{\"@type\":\"ListItem\",\"position\":2,\"name\":\"Tienda\",\"item\":\"https:\/\/soundgear.com.co\/sitio\/tienda\/\"},{\"@type\":\"ListItem\",\"position\":3,\"name\":\"PEDAL JOYO TIME MAGIC (DELAY)\"}]},{\"@type\":\"WebSite\",\"@id\":\"https:\/\/soundgear.com.co\/sitio\/#website\",\"url\":\"https:\/\/soundgear.com.co\/sitio\/\",\"name\":\"Sound Gear\",\"description\":\"Tienda de Instrumentos Musicales\",\"potentialAction\":[{\"@type\":\"SearchAction\",\"target\":{\"@type\":\"EntryPoint\",\"urlTemplate\":\"https:\/\/soundgear.com.co\/sitio\/?s={search_term_string}\"},\"query-input\":{\"@type\":\"PropertyValueSpecification\",\"valueRequired\":true,\"valueName\":\"search_term_string\"}}],\"inLanguage\":\"es\"}]}<\/script>\n<!-- \/ Yoast SEO plugin. -->","yoast_head_json":{"title":"PEDAL JOYO TIME MAGIC (DELAY) - Sound Gear","robots":{"index":"index","follow":"follow","max-snippet":"max-snippet:-1","max-image-preview":"max-image-preview:large","max-video-preview":"max-video-preview:-1"},"canonical":"https:\/\/soundgear.com.co\/sitio\/producto\/pedal-joyo-time-magic-delay\/","og_locale":"es_ES","og_type":"article","og_title":"PEDAL JOYO TIME MAGIC (DELAY) - Sound Gear","og_description":"El mini pedal de retardo JOYO Time Magic es un retardo digital de sonido anal\u00f3gico con todas las excelentes caracter\u00edsticas de una l\u00ednea de retardo de brigada de cubo (BBD). Un impresionante tiempo de retardo m\u00e1ximo de 600 ms y retroalimentaci\u00f3n que se puede impulsar realmente, logre una amplia gama de sus sonidos de retardo favoritos.","og_url":"https:\/\/soundgear.com.co\/sitio\/producto\/pedal-joyo-time-magic-delay\/","og_site_name":"Sound Gear","article_modified_time":"2026-03-11T18:29:31+00:00","twitter_card":"summary_large_image","schema":{"@context":"https:\/\/schema.org","@graph":[{"@type":"WebPage","@id":"https:\/\/soundgear.com.co\/sitio\/producto\/pedal-joyo-time-magic-delay\/","url":"https:\/\/soundgear.com.co\/sitio\/producto\/pedal-joyo-time-magic-delay\/","name":"PEDAL JOYO TIME MAGIC (DELAY) - Sound Gear","isPartOf":{"@id":"https:\/\/soundgear.com.co\/sitio\/#website"},"primaryImageOfPage":{"@id":"https:\/\/soundgear.com.co\/sitio\/producto\/pedal-joyo-time-magic-delay\/#primaryimage"},"image":{"@id":"https:\/\/soundgear.com.co\/sitio\/producto\/pedal-joyo-time-magic-delay\/#primaryimage"},"thumbnailUrl":"https:\/\/soundgear.com.co\/sitio\/wp-content\/uploads\/2023\/05\/pedal-joyo-time-magic-delay.jpg","datePublished":"2026-03-11T18:29:28+00:00","dateModified":"2026-03-11T18:29:31+00:00","breadcrumb":{"@id":"https:\/\/soundgear.com.co\/sitio\/producto\/pedal-joyo-time-magic-delay\/#breadcrumb"},"inLanguage":"es","potentialAction":[{"@type":"ReadAction","target":["https:\/\/soundgear.com.co\/sitio\/producto\/pedal-joyo-time-magic-delay\/"]}]},{"@type":"ImageObject","inLanguage":"es","@id":"https:\/\/soundgear.com.co\/sitio\/producto\/pedal-joyo-time-magic-delay\/#primaryimage","url":"https:\/\/soundgear.com.co\/sitio\/wp-content\/uploads\/2023\/05\/pedal-joyo-time-magic-delay.jpg","contentUrl":"https:\/\/soundgear.com.co\/sitio\/wp-content\/uploads\/2023\/05\/pedal-joyo-time-magic-delay.jpg","width":1000,"height":1000},{"@type":"BreadcrumbList","@id":"https:\/\/soundgear.com.co\/sitio\/producto\/pedal-joyo-time-magic-delay\/#breadcrumb","itemListElement":[{"@type":"ListItem","position":1,"name":"Portada","item":"https:\/\/soundgear.com.co\/sitio\/"},{"@type":"ListItem","position":2,"name":"Tienda","item":"https:\/\/soundgear.com.co\/sitio\/tienda\/"},{"@type":"ListItem","position":3,"name":"PEDAL JOYO TIME MAGIC (DELAY)"}]},{"@type":"WebSite","@id":"https:\/\/soundgear.com.co\/sitio\/#website","url":"https:\/\/soundgear.com.co\/sitio\/","name":"Sound Gear","description":"Tienda de Instrumentos Musicales","potentialAction":[{"@type":"SearchAction","target":{"@type":"EntryPoint","urlTemplate":"https:\/\/soundgear.com.co\/sitio\/?s={search_term_string}"},"query-input":{"@type":"PropertyValueSpecification","valueRequired":true,"valueName":"search_term_string"}}],"inLanguage":"es"}]}},"_links":{"self":[{"href":"https:\/\/soundgear.com.co\/sitio\/wp-json\/wp\/v2\/product\/29150","targetHints":{"allow":["GET"]}}],"collection":[{"href":"https:\/\/soundgear.com.co\/sitio\/wp-json\/wp\/v2\/product"}],"about":[{"href":"https:\/\/soundgear.com.co\/sitio\/wp-json\/wp\/v2\/types\/product"}],"replies":[{"embeddable":true,"href":"https:\/\/soundgear.com.co\/sitio\/wp-json\/wp\/v2\/comments?post=29150"}],"version-history":[{"count":1,"href":"https:\/\/soundgear.com.co\/sitio\/wp-json\/wp\/v2\/product\/29150\/revisions"}],"predecessor-version":[{"id":29180,"href":"https:\/\/soundgear.com.co\/sitio\/wp-json\/wp\/v2\/product\/29150\/revisions\/29180"}],"wp:featuredmedia":[{"embeddable":true,"href":"https:\/\/soundgear.com.co\/sitio\/wp-json\/wp\/v2\/media\/17077"}],"wp:attachment":[{"href":"https:\/\/soundgear.com.co\/sitio\/wp-json\/wp\/v2\/media?parent=29150"}],"wp:term":[{"taxonomy":"product_brand","embeddable":true,"href":"https:\/\/soundgear.com.co\/sitio\/wp-json\/wp\/v2\/product_brand?post=29150"},{"taxonomy":"product_cat","embeddable":true,"href":"https:\/\/soundgear.com.co\/sitio\/wp-json\/wp\/v2\/product_cat?post=29150"},{"taxonomy":"product_tag","embeddable":true,"href":"https:\/\/soundgear.com.co\/sitio\/wp-json\/wp\/v2\/product_tag?post=29150"}],"curies":[{"name":"wp","href":"https:\/\/api.w.org\/{rel}","templated":true}]}}