{"id":29184,"date":"2026-03-11T13:29:32","date_gmt":"2026-03-11T18:29:32","guid":{"rendered":"https:\/\/soundgear.com.co\/sitio\/?post_type=product&#038;p=29184"},"modified":"2026-03-11T13:29:35","modified_gmt":"2026-03-11T18:29:35","slug":"teclado-electronico-yamaha-psr-sx600","status":"publish","type":"product","link":"https:\/\/soundgear.com.co\/sitio\/producto\/teclado-electronico-yamaha-psr-sx600\/","title":{"rendered":"TECLADO ELECTRONICO YAMAHA PSR-SX600"},"content":{"rendered":"","protected":false},"excerpt":{"rendered":"<p>Con funciones intuitivas y calidad de sonido superior, el PSR-SX600 ofrece el control expresivo que exigen los profesionales. Adem\u00e1s, la amplia gama de sonidos realistas que esperas encontrar en un teclado de alto nivel de Yamaha, como el Piano de cola, el potente PSR-SX600 tambien viene con una paleta de sonido regional para Brasil, China y \u00c1frica. Efectos de gran calidad a\u00f1aden un toque final profesional al sonido del PSR-SX600 que se pueden disfrutar a trav\u00e9s del altavoz integrado o lo puedes conectar a un sistema de amplificaci\u00f3n con la salidad de alta calidad.<\/p>\n","protected":false},"featured_media":18384,"comment_status":"open","ping_status":"closed","template":"","meta":{"_joinchat":[]},"product_brand":[],"product_cat":[73],"product_tag":[],"class_list":{"0":"post-29184","1":"product","2":"type-product","3":"status-publish","4":"has-post-thumbnail","6":"product_cat-teclados","8":"first","9":"outofstock","10":"taxable","11":"shipping-taxable","12":"purchasable","13":"product-type-simple"},"yoast_head":"<!-- This site is optimized with the Yoast SEO plugin v27.1.1 - https:\/\/yoast.com\/product\/yoast-seo-wordpress\/ -->\n<title>TECLADO ELECTRONICO YAMAHA PSR-SX600 - Sound Gear<\/title>\n<meta name=\"robots\" content=\"index, follow, max-snippet:-1, max-image-preview:large, max-video-preview:-1\" \/>\n<link rel=\"canonical\" href=\"https:\/\/soundgear.com.co\/sitio\/producto\/teclado-electronico-yamaha-psr-sx600\/\" \/>\n<meta property=\"og:locale\" content=\"es_ES\" \/>\n<meta property=\"og:type\" content=\"article\" \/>\n<meta property=\"og:title\" content=\"TECLADO ELECTRONICO YAMAHA PSR-SX600 - Sound Gear\" \/>\n<meta property=\"og:description\" content=\"Con funciones intuitivas y calidad de sonido superior, el PSR-SX600 ofrece el control expresivo que exigen los profesionales. Adem\u00e1s, la amplia gama de sonidos realistas que esperas encontrar en un teclado de alto nivel de Yamaha, como el Piano de cola, el potente PSR-SX600 tambien viene con una paleta de sonido regional para Brasil, China y \u00c1frica. Efectos de gran calidad a\u00f1aden un toque final profesional al sonido del PSR-SX600 que se pueden disfrutar a trav\u00e9s del altavoz integrado o lo puedes conectar a un sistema de amplificaci\u00f3n con la salidad de alta calidad.\" \/>\n<meta property=\"og:url\" content=\"https:\/\/soundgear.com.co\/sitio\/producto\/teclado-electronico-yamaha-psr-sx600\/\" \/>\n<meta property=\"og:site_name\" content=\"Sound Gear\" \/>\n<meta property=\"article:modified_time\" content=\"2026-03-11T18:29:35+00:00\" \/>\n<meta name=\"twitter:card\" content=\"summary_large_image\" \/>\n<script type=\"application\/ld+json\" class=\"yoast-schema-graph\">{\"@context\":\"https:\/\/schema.org\",\"@graph\":[{\"@type\":\"WebPage\",\"@id\":\"https:\/\/soundgear.com.co\/sitio\/producto\/teclado-electronico-yamaha-psr-sx600\/\",\"url\":\"https:\/\/soundgear.com.co\/sitio\/producto\/teclado-electronico-yamaha-psr-sx600\/\",\"name\":\"TECLADO ELECTRONICO YAMAHA PSR-SX600 - Sound Gear\",\"isPartOf\":{\"@id\":\"https:\/\/soundgear.com.co\/sitio\/#website\"},\"primaryImageOfPage\":{\"@id\":\"https:\/\/soundgear.com.co\/sitio\/producto\/teclado-electronico-yamaha-psr-sx600\/#primaryimage\"},\"image\":{\"@id\":\"https:\/\/soundgear.com.co\/sitio\/producto\/teclado-electronico-yamaha-psr-sx600\/#primaryimage\"},\"thumbnailUrl\":\"https:\/\/soundgear.com.co\/sitio\/wp-content\/uploads\/2023\/07\/YAMPSRSX600.jpg\",\"datePublished\":\"2026-03-11T18:29:32+00:00\",\"dateModified\":\"2026-03-11T18:29:35+00:00\",\"breadcrumb\":{\"@id\":\"https:\/\/soundgear.com.co\/sitio\/producto\/teclado-electronico-yamaha-psr-sx600\/#breadcrumb\"},\"inLanguage\":\"es\",\"potentialAction\":[{\"@type\":\"ReadAction\",\"target\":[\"https:\/\/soundgear.com.co\/sitio\/producto\/teclado-electronico-yamaha-psr-sx600\/\"]}]},{\"@type\":\"ImageObject\",\"inLanguage\":\"es\",\"@id\":\"https:\/\/soundgear.com.co\/sitio\/producto\/teclado-electronico-yamaha-psr-sx600\/#primaryimage\",\"url\":\"https:\/\/soundgear.com.co\/sitio\/wp-content\/uploads\/2023\/07\/YAMPSRSX600.jpg\",\"contentUrl\":\"https:\/\/soundgear.com.co\/sitio\/wp-content\/uploads\/2023\/07\/YAMPSRSX600.jpg\",\"width\":352,\"height\":143},{\"@type\":\"BreadcrumbList\",\"@id\":\"https:\/\/soundgear.com.co\/sitio\/producto\/teclado-electronico-yamaha-psr-sx600\/#breadcrumb\",\"itemListElement\":[{\"@type\":\"ListItem\",\"position\":1,\"name\":\"Portada\",\"item\":\"https:\/\/soundgear.com.co\/sitio\/\"},{\"@type\":\"ListItem\",\"position\":2,\"name\":\"Tienda\",\"item\":\"https:\/\/soundgear.com.co\/sitio\/tienda\/\"},{\"@type\":\"ListItem\",\"position\":3,\"name\":\"TECLADO ELECTRONICO YAMAHA PSR-SX600\"}]},{\"@type\":\"WebSite\",\"@id\":\"https:\/\/soundgear.com.co\/sitio\/#website\",\"url\":\"https:\/\/soundgear.com.co\/sitio\/\",\"name\":\"Sound Gear\",\"description\":\"Tienda de Instrumentos Musicales\",\"potentialAction\":[{\"@type\":\"SearchAction\",\"target\":{\"@type\":\"EntryPoint\",\"urlTemplate\":\"https:\/\/soundgear.com.co\/sitio\/?s={search_term_string}\"},\"query-input\":{\"@type\":\"PropertyValueSpecification\",\"valueRequired\":true,\"valueName\":\"search_term_string\"}}],\"inLanguage\":\"es\"}]}<\/script>\n<!-- \/ Yoast SEO plugin. -->","yoast_head_json":{"title":"TECLADO ELECTRONICO YAMAHA PSR-SX600 - Sound Gear","robots":{"index":"index","follow":"follow","max-snippet":"max-snippet:-1","max-image-preview":"max-image-preview:large","max-video-preview":"max-video-preview:-1"},"canonical":"https:\/\/soundgear.com.co\/sitio\/producto\/teclado-electronico-yamaha-psr-sx600\/","og_locale":"es_ES","og_type":"article","og_title":"TECLADO ELECTRONICO YAMAHA PSR-SX600 - Sound Gear","og_description":"Con funciones intuitivas y calidad de sonido superior, el PSR-SX600 ofrece el control expresivo que exigen los profesionales. Adem\u00e1s, la amplia gama de sonidos realistas que esperas encontrar en un teclado de alto nivel de Yamaha, como el Piano de cola, el potente PSR-SX600 tambien viene con una paleta de sonido regional para Brasil, China y \u00c1frica. Efectos de gran calidad a\u00f1aden un toque final profesional al sonido del PSR-SX600 que se pueden disfrutar a trav\u00e9s del altavoz integrado o lo puedes conectar a un sistema de amplificaci\u00f3n con la salidad de alta calidad.","og_url":"https:\/\/soundgear.com.co\/sitio\/producto\/teclado-electronico-yamaha-psr-sx600\/","og_site_name":"Sound Gear","article_modified_time":"2026-03-11T18:29:35+00:00","twitter_card":"summary_large_image","schema":{"@context":"https:\/\/schema.org","@graph":[{"@type":"WebPage","@id":"https:\/\/soundgear.com.co\/sitio\/producto\/teclado-electronico-yamaha-psr-sx600\/","url":"https:\/\/soundgear.com.co\/sitio\/producto\/teclado-electronico-yamaha-psr-sx600\/","name":"TECLADO ELECTRONICO YAMAHA PSR-SX600 - Sound Gear","isPartOf":{"@id":"https:\/\/soundgear.com.co\/sitio\/#website"},"primaryImageOfPage":{"@id":"https:\/\/soundgear.com.co\/sitio\/producto\/teclado-electronico-yamaha-psr-sx600\/#primaryimage"},"image":{"@id":"https:\/\/soundgear.com.co\/sitio\/producto\/teclado-electronico-yamaha-psr-sx600\/#primaryimage"},"thumbnailUrl":"https:\/\/soundgear.com.co\/sitio\/wp-content\/uploads\/2023\/07\/YAMPSRSX600.jpg","datePublished":"2026-03-11T18:29:32+00:00","dateModified":"2026-03-11T18:29:35+00:00","breadcrumb":{"@id":"https:\/\/soundgear.com.co\/sitio\/producto\/teclado-electronico-yamaha-psr-sx600\/#breadcrumb"},"inLanguage":"es","potentialAction":[{"@type":"ReadAction","target":["https:\/\/soundgear.com.co\/sitio\/producto\/teclado-electronico-yamaha-psr-sx600\/"]}]},{"@type":"ImageObject","inLanguage":"es","@id":"https:\/\/soundgear.com.co\/sitio\/producto\/teclado-electronico-yamaha-psr-sx600\/#primaryimage","url":"https:\/\/soundgear.com.co\/sitio\/wp-content\/uploads\/2023\/07\/YAMPSRSX600.jpg","contentUrl":"https:\/\/soundgear.com.co\/sitio\/wp-content\/uploads\/2023\/07\/YAMPSRSX600.jpg","width":352,"height":143},{"@type":"BreadcrumbList","@id":"https:\/\/soundgear.com.co\/sitio\/producto\/teclado-electronico-yamaha-psr-sx600\/#breadcrumb","itemListElement":[{"@type":"ListItem","position":1,"name":"Portada","item":"https:\/\/soundgear.com.co\/sitio\/"},{"@type":"ListItem","position":2,"name":"Tienda","item":"https:\/\/soundgear.com.co\/sitio\/tienda\/"},{"@type":"ListItem","position":3,"name":"TECLADO ELECTRONICO YAMAHA PSR-SX600"}]},{"@type":"WebSite","@id":"https:\/\/soundgear.com.co\/sitio\/#website","url":"https:\/\/soundgear.com.co\/sitio\/","name":"Sound Gear","description":"Tienda de Instrumentos Musicales","potentialAction":[{"@type":"SearchAction","target":{"@type":"EntryPoint","urlTemplate":"https:\/\/soundgear.com.co\/sitio\/?s={search_term_string}"},"query-input":{"@type":"PropertyValueSpecification","valueRequired":true,"valueName":"search_term_string"}}],"inLanguage":"es"}]}},"_links":{"self":[{"href":"https:\/\/soundgear.com.co\/sitio\/wp-json\/wp\/v2\/product\/29184","targetHints":{"allow":["GET"]}}],"collection":[{"href":"https:\/\/soundgear.com.co\/sitio\/wp-json\/wp\/v2\/product"}],"about":[{"href":"https:\/\/soundgear.com.co\/sitio\/wp-json\/wp\/v2\/types\/product"}],"replies":[{"embeddable":true,"href":"https:\/\/soundgear.com.co\/sitio\/wp-json\/wp\/v2\/comments?post=29184"}],"version-history":[{"count":1,"href":"https:\/\/soundgear.com.co\/sitio\/wp-json\/wp\/v2\/product\/29184\/revisions"}],"predecessor-version":[{"id":29212,"href":"https:\/\/soundgear.com.co\/sitio\/wp-json\/wp\/v2\/product\/29184\/revisions\/29212"}],"wp:featuredmedia":[{"embeddable":true,"href":"https:\/\/soundgear.com.co\/sitio\/wp-json\/wp\/v2\/media\/18384"}],"wp:attachment":[{"href":"https:\/\/soundgear.com.co\/sitio\/wp-json\/wp\/v2\/media?parent=29184"}],"wp:term":[{"taxonomy":"product_brand","embeddable":true,"href":"https:\/\/soundgear.com.co\/sitio\/wp-json\/wp\/v2\/product_brand?post=29184"},{"taxonomy":"product_cat","embeddable":true,"href":"https:\/\/soundgear.com.co\/sitio\/wp-json\/wp\/v2\/product_cat?post=29184"},{"taxonomy":"product_tag","embeddable":true,"href":"https:\/\/soundgear.com.co\/sitio\/wp-json\/wp\/v2\/product_tag?post=29184"}],"curies":[{"name":"wp","href":"https:\/\/api.w.org\/{rel}","templated":true}]}}