{"id":29204,"date":"2026-03-11T13:29:34","date_gmt":"2026-03-11T18:29:34","guid":{"rendered":"https:\/\/soundgear.com.co\/sitio\/?post_type=product&#038;p=29204"},"modified":"2026-03-11T13:29:37","modified_gmt":"2026-03-11T18:29:37","slug":"guitarra-electroacustica-alhambra-college","status":"publish","type":"product","link":"https:\/\/soundgear.com.co\/sitio\/producto\/guitarra-electroacustica-alhambra-college\/","title":{"rendered":"GUITARRA ELECTROACUSTICA ALHAMBRA COLLEGE"},"content":{"rendered":"","protected":false},"excerpt":{"rendered":"<p>Una guitarra totalmente personalizable en la que se pueden elegir diferentes maderas para los aros y fondo y la tapa. Adem\u00e1s de dos tipos de clavijero y el acabado del instrumento.<\/p>\n<p>Una guitarra cl\u00e1sica con una inmejorable relaci\u00f3n calidad \u2013 precio, a la que se une la belleza de un instrumento totalmente personalizable.<\/p>\n<p>&nbsp;<\/p>\n<p>Microfono fishman activo con ecualizador a 2 bandas<\/p>\n","protected":false},"featured_media":17385,"comment_status":"closed","ping_status":"closed","template":"","meta":{"_joinchat":[]},"product_brand":[],"product_cat":[261],"product_tag":[],"class_list":{"0":"post-29204","1":"product","2":"type-product","3":"status-publish","4":"has-post-thumbnail","6":"product_cat-guitarras-electroacusticas","8":"first","9":"outofstock","10":"sold-individually","11":"taxable","12":"shipping-taxable","13":"purchasable","14":"product-type-simple"},"yoast_head":"<!-- This site is optimized with the Yoast SEO plugin v27.1.1 - https:\/\/yoast.com\/product\/yoast-seo-wordpress\/ -->\n<title>GUITARRA ELECTROACUSTICA ALHAMBRA COLLEGE - Sound Gear<\/title>\n<meta name=\"robots\" content=\"index, follow, max-snippet:-1, max-image-preview:large, max-video-preview:-1\" \/>\n<link rel=\"canonical\" href=\"https:\/\/soundgear.com.co\/sitio\/producto\/guitarra-electroacustica-alhambra-college\/\" \/>\n<meta property=\"og:locale\" content=\"es_ES\" \/>\n<meta property=\"og:type\" content=\"article\" \/>\n<meta property=\"og:title\" content=\"GUITARRA ELECTROACUSTICA ALHAMBRA COLLEGE - Sound Gear\" \/>\n<meta property=\"og:description\" content=\"Una guitarra totalmente personalizable en la que se pueden elegir diferentes maderas para los aros y fondo y la tapa. Adem\u00e1s de dos tipos de clavijero y el acabado del instrumento.  Una guitarra cl\u00e1sica con una inmejorable relaci\u00f3n calidad \u2013 precio, a la que se une la belleza de un instrumento totalmente personalizable.  &nbsp;  Microfono fishman activo con ecualizador a 2 bandas\" \/>\n<meta property=\"og:url\" content=\"https:\/\/soundgear.com.co\/sitio\/producto\/guitarra-electroacustica-alhambra-college\/\" \/>\n<meta property=\"og:site_name\" content=\"Sound Gear\" \/>\n<meta property=\"article:modified_time\" content=\"2026-03-11T18:29:37+00:00\" \/>\n<meta name=\"twitter:card\" content=\"summary_large_image\" \/>\n<script type=\"application\/ld+json\" class=\"yoast-schema-graph\">{\"@context\":\"https:\/\/schema.org\",\"@graph\":[{\"@type\":\"WebPage\",\"@id\":\"https:\/\/soundgear.com.co\/sitio\/producto\/guitarra-electroacustica-alhambra-college\/\",\"url\":\"https:\/\/soundgear.com.co\/sitio\/producto\/guitarra-electroacustica-alhambra-college\/\",\"name\":\"GUITARRA ELECTROACUSTICA ALHAMBRA COLLEGE - Sound Gear\",\"isPartOf\":{\"@id\":\"https:\/\/soundgear.com.co\/sitio\/#website\"},\"primaryImageOfPage\":{\"@id\":\"https:\/\/soundgear.com.co\/sitio\/producto\/guitarra-electroacustica-alhambra-college\/#primaryimage\"},\"image\":{\"@id\":\"https:\/\/soundgear.com.co\/sitio\/producto\/guitarra-electroacustica-alhambra-college\/#primaryimage\"},\"thumbnailUrl\":\"https:\/\/soundgear.com.co\/sitio\/wp-content\/uploads\/2024\/01\/GUITARRA-ELECTROACUSTICA-ALHAMBRA-COLLEGE.jpg\",\"datePublished\":\"2026-03-11T18:29:34+00:00\",\"dateModified\":\"2026-03-11T18:29:37+00:00\",\"breadcrumb\":{\"@id\":\"https:\/\/soundgear.com.co\/sitio\/producto\/guitarra-electroacustica-alhambra-college\/#breadcrumb\"},\"inLanguage\":\"es\",\"potentialAction\":[{\"@type\":\"ReadAction\",\"target\":[\"https:\/\/soundgear.com.co\/sitio\/producto\/guitarra-electroacustica-alhambra-college\/\"]}]},{\"@type\":\"ImageObject\",\"inLanguage\":\"es\",\"@id\":\"https:\/\/soundgear.com.co\/sitio\/producto\/guitarra-electroacustica-alhambra-college\/#primaryimage\",\"url\":\"https:\/\/soundgear.com.co\/sitio\/wp-content\/uploads\/2024\/01\/GUITARRA-ELECTROACUSTICA-ALHAMBRA-COLLEGE.jpg\",\"contentUrl\":\"https:\/\/soundgear.com.co\/sitio\/wp-content\/uploads\/2024\/01\/GUITARRA-ELECTROACUSTICA-ALHAMBRA-COLLEGE.jpg\",\"width\":1000,\"height\":1000},{\"@type\":\"BreadcrumbList\",\"@id\":\"https:\/\/soundgear.com.co\/sitio\/producto\/guitarra-electroacustica-alhambra-college\/#breadcrumb\",\"itemListElement\":[{\"@type\":\"ListItem\",\"position\":1,\"name\":\"Portada\",\"item\":\"https:\/\/soundgear.com.co\/sitio\/\"},{\"@type\":\"ListItem\",\"position\":2,\"name\":\"Tienda\",\"item\":\"https:\/\/soundgear.com.co\/sitio\/tienda\/\"},{\"@type\":\"ListItem\",\"position\":3,\"name\":\"GUITARRA ELECTROACUSTICA ALHAMBRA COLLEGE\"}]},{\"@type\":\"WebSite\",\"@id\":\"https:\/\/soundgear.com.co\/sitio\/#website\",\"url\":\"https:\/\/soundgear.com.co\/sitio\/\",\"name\":\"Sound Gear\",\"description\":\"Tienda de Instrumentos Musicales\",\"potentialAction\":[{\"@type\":\"SearchAction\",\"target\":{\"@type\":\"EntryPoint\",\"urlTemplate\":\"https:\/\/soundgear.com.co\/sitio\/?s={search_term_string}\"},\"query-input\":{\"@type\":\"PropertyValueSpecification\",\"valueRequired\":true,\"valueName\":\"search_term_string\"}}],\"inLanguage\":\"es\"}]}<\/script>\n<!-- \/ Yoast SEO plugin. -->","yoast_head_json":{"title":"GUITARRA ELECTROACUSTICA ALHAMBRA COLLEGE - Sound Gear","robots":{"index":"index","follow":"follow","max-snippet":"max-snippet:-1","max-image-preview":"max-image-preview:large","max-video-preview":"max-video-preview:-1"},"canonical":"https:\/\/soundgear.com.co\/sitio\/producto\/guitarra-electroacustica-alhambra-college\/","og_locale":"es_ES","og_type":"article","og_title":"GUITARRA ELECTROACUSTICA ALHAMBRA COLLEGE - Sound Gear","og_description":"Una guitarra totalmente personalizable en la que se pueden elegir diferentes maderas para los aros y fondo y la tapa. Adem\u00e1s de dos tipos de clavijero y el acabado del instrumento.  Una guitarra cl\u00e1sica con una inmejorable relaci\u00f3n calidad \u2013 precio, a la que se une la belleza de un instrumento totalmente personalizable.  &nbsp;  Microfono fishman activo con ecualizador a 2 bandas","og_url":"https:\/\/soundgear.com.co\/sitio\/producto\/guitarra-electroacustica-alhambra-college\/","og_site_name":"Sound Gear","article_modified_time":"2026-03-11T18:29:37+00:00","twitter_card":"summary_large_image","schema":{"@context":"https:\/\/schema.org","@graph":[{"@type":"WebPage","@id":"https:\/\/soundgear.com.co\/sitio\/producto\/guitarra-electroacustica-alhambra-college\/","url":"https:\/\/soundgear.com.co\/sitio\/producto\/guitarra-electroacustica-alhambra-college\/","name":"GUITARRA ELECTROACUSTICA ALHAMBRA COLLEGE - Sound Gear","isPartOf":{"@id":"https:\/\/soundgear.com.co\/sitio\/#website"},"primaryImageOfPage":{"@id":"https:\/\/soundgear.com.co\/sitio\/producto\/guitarra-electroacustica-alhambra-college\/#primaryimage"},"image":{"@id":"https:\/\/soundgear.com.co\/sitio\/producto\/guitarra-electroacustica-alhambra-college\/#primaryimage"},"thumbnailUrl":"https:\/\/soundgear.com.co\/sitio\/wp-content\/uploads\/2024\/01\/GUITARRA-ELECTROACUSTICA-ALHAMBRA-COLLEGE.jpg","datePublished":"2026-03-11T18:29:34+00:00","dateModified":"2026-03-11T18:29:37+00:00","breadcrumb":{"@id":"https:\/\/soundgear.com.co\/sitio\/producto\/guitarra-electroacustica-alhambra-college\/#breadcrumb"},"inLanguage":"es","potentialAction":[{"@type":"ReadAction","target":["https:\/\/soundgear.com.co\/sitio\/producto\/guitarra-electroacustica-alhambra-college\/"]}]},{"@type":"ImageObject","inLanguage":"es","@id":"https:\/\/soundgear.com.co\/sitio\/producto\/guitarra-electroacustica-alhambra-college\/#primaryimage","url":"https:\/\/soundgear.com.co\/sitio\/wp-content\/uploads\/2024\/01\/GUITARRA-ELECTROACUSTICA-ALHAMBRA-COLLEGE.jpg","contentUrl":"https:\/\/soundgear.com.co\/sitio\/wp-content\/uploads\/2024\/01\/GUITARRA-ELECTROACUSTICA-ALHAMBRA-COLLEGE.jpg","width":1000,"height":1000},{"@type":"BreadcrumbList","@id":"https:\/\/soundgear.com.co\/sitio\/producto\/guitarra-electroacustica-alhambra-college\/#breadcrumb","itemListElement":[{"@type":"ListItem","position":1,"name":"Portada","item":"https:\/\/soundgear.com.co\/sitio\/"},{"@type":"ListItem","position":2,"name":"Tienda","item":"https:\/\/soundgear.com.co\/sitio\/tienda\/"},{"@type":"ListItem","position":3,"name":"GUITARRA ELECTROACUSTICA ALHAMBRA COLLEGE"}]},{"@type":"WebSite","@id":"https:\/\/soundgear.com.co\/sitio\/#website","url":"https:\/\/soundgear.com.co\/sitio\/","name":"Sound Gear","description":"Tienda de Instrumentos Musicales","potentialAction":[{"@type":"SearchAction","target":{"@type":"EntryPoint","urlTemplate":"https:\/\/soundgear.com.co\/sitio\/?s={search_term_string}"},"query-input":{"@type":"PropertyValueSpecification","valueRequired":true,"valueName":"search_term_string"}}],"inLanguage":"es"}]}},"_links":{"self":[{"href":"https:\/\/soundgear.com.co\/sitio\/wp-json\/wp\/v2\/product\/29204","targetHints":{"allow":["GET"]}}],"collection":[{"href":"https:\/\/soundgear.com.co\/sitio\/wp-json\/wp\/v2\/product"}],"about":[{"href":"https:\/\/soundgear.com.co\/sitio\/wp-json\/wp\/v2\/types\/product"}],"replies":[{"embeddable":true,"href":"https:\/\/soundgear.com.co\/sitio\/wp-json\/wp\/v2\/comments?post=29204"}],"version-history":[{"count":1,"href":"https:\/\/soundgear.com.co\/sitio\/wp-json\/wp\/v2\/product\/29204\/revisions"}],"predecessor-version":[{"id":29234,"href":"https:\/\/soundgear.com.co\/sitio\/wp-json\/wp\/v2\/product\/29204\/revisions\/29234"}],"wp:featuredmedia":[{"embeddable":true,"href":"https:\/\/soundgear.com.co\/sitio\/wp-json\/wp\/v2\/media\/17385"}],"wp:attachment":[{"href":"https:\/\/soundgear.com.co\/sitio\/wp-json\/wp\/v2\/media?parent=29204"}],"wp:term":[{"taxonomy":"product_brand","embeddable":true,"href":"https:\/\/soundgear.com.co\/sitio\/wp-json\/wp\/v2\/product_brand?post=29204"},{"taxonomy":"product_cat","embeddable":true,"href":"https:\/\/soundgear.com.co\/sitio\/wp-json\/wp\/v2\/product_cat?post=29204"},{"taxonomy":"product_tag","embeddable":true,"href":"https:\/\/soundgear.com.co\/sitio\/wp-json\/wp\/v2\/product_tag?post=29204"}],"curies":[{"name":"wp","href":"https:\/\/api.w.org\/{rel}","templated":true}]}}