{"id":29249,"date":"2026-03-11T13:29:40","date_gmt":"2026-03-11T18:29:40","guid":{"rendered":"https:\/\/soundgear.com.co\/sitio\/?post_type=product&#038;p=29249"},"modified":"2026-03-11T13:29:43","modified_gmt":"2026-03-11T18:29:43","slug":"pedal-randall-overdrive-para-guitarra-o-bajo-facepunche","status":"publish","type":"product","link":"https:\/\/soundgear.com.co\/sitio\/producto\/pedal-randall-overdrive-para-guitarra-o-bajo-facepunche\/","title":{"rendered":"PEDAL RANDALL OVERDRIVE PARA GUITARRA O BAJO FACEPUNCHE"},"content":{"rendered":"","protected":false},"excerpt":{"rendered":"<p>El FACEPUNCH es un discreto pedal de refuerzo selectivo de frecuencia dise\u00f1ado por transistores (unidad a +20 dB) que tiene una respuesta de tipo sobrecarga de triodo.\u00a0Perfectamente adaptado para impulsar el extremo frontal de cualquier amplificador de v\u00e1lvulas para llevarlo a una ganancia extrema a trav\u00e9s del nivel de se\u00f1al del control PUNCH y el control FREQ para ajustar o agregar el espesor que falta en su tono junto con un control SMOOTH final para ajustar la parte superior. acabar con el nerviosismo.<\/p>\n","protected":false},"featured_media":17437,"comment_status":"closed","ping_status":"closed","template":"","meta":{"_joinchat":[]},"product_brand":[],"product_cat":[82],"product_tag":[],"class_list":{"0":"post-29249","1":"product","2":"type-product","3":"status-publish","4":"has-post-thumbnail","6":"product_cat-pedales","8":"first","9":"instock","10":"taxable","11":"shipping-taxable","12":"purchasable","13":"product-type-simple"},"yoast_head":"<!-- This site is optimized with the Yoast SEO plugin v27.1.1 - https:\/\/yoast.com\/product\/yoast-seo-wordpress\/ -->\n<title>PEDAL RANDALL OVERDRIVE PARA GUITARRA O BAJO FACEPUNCHE - Sound Gear<\/title>\n<meta name=\"robots\" content=\"index, follow, max-snippet:-1, max-image-preview:large, max-video-preview:-1\" \/>\n<link rel=\"canonical\" href=\"https:\/\/soundgear.com.co\/sitio\/producto\/pedal-randall-overdrive-para-guitarra-o-bajo-facepunche\/\" \/>\n<meta property=\"og:locale\" content=\"es_ES\" \/>\n<meta property=\"og:type\" content=\"article\" \/>\n<meta property=\"og:title\" content=\"PEDAL RANDALL OVERDRIVE PARA GUITARRA O BAJO FACEPUNCHE - Sound Gear\" \/>\n<meta property=\"og:description\" content=\"El FACEPUNCH es un discreto pedal de refuerzo selectivo de frecuencia dise\u00f1ado por transistores (unidad a +20 dB) que tiene una respuesta de tipo sobrecarga de triodo.\u00a0Perfectamente adaptado para impulsar el extremo frontal de cualquier amplificador de v\u00e1lvulas para llevarlo a una ganancia extrema a trav\u00e9s del nivel de se\u00f1al del control PUNCH y el control FREQ para ajustar o agregar el espesor que falta en su tono junto con un control SMOOTH final para ajustar la parte superior. acabar con el nerviosismo.\" \/>\n<meta property=\"og:url\" content=\"https:\/\/soundgear.com.co\/sitio\/producto\/pedal-randall-overdrive-para-guitarra-o-bajo-facepunche\/\" \/>\n<meta property=\"og:site_name\" content=\"Sound Gear\" \/>\n<meta property=\"article:modified_time\" content=\"2026-03-11T18:29:43+00:00\" \/>\n<meta name=\"twitter:card\" content=\"summary_large_image\" \/>\n<script type=\"application\/ld+json\" class=\"yoast-schema-graph\">{\"@context\":\"https:\/\/schema.org\",\"@graph\":[{\"@type\":\"WebPage\",\"@id\":\"https:\/\/soundgear.com.co\/sitio\/producto\/pedal-randall-overdrive-para-guitarra-o-bajo-facepunche\/\",\"url\":\"https:\/\/soundgear.com.co\/sitio\/producto\/pedal-randall-overdrive-para-guitarra-o-bajo-facepunche\/\",\"name\":\"PEDAL RANDALL OVERDRIVE PARA GUITARRA O BAJO FACEPUNCHE - Sound Gear\",\"isPartOf\":{\"@id\":\"https:\/\/soundgear.com.co\/sitio\/#website\"},\"primaryImageOfPage\":{\"@id\":\"https:\/\/soundgear.com.co\/sitio\/producto\/pedal-randall-overdrive-para-guitarra-o-bajo-facepunche\/#primaryimage\"},\"image\":{\"@id\":\"https:\/\/soundgear.com.co\/sitio\/producto\/pedal-randall-overdrive-para-guitarra-o-bajo-facepunche\/#primaryimage\"},\"thumbnailUrl\":\"https:\/\/soundgear.com.co\/sitio\/wp-content\/uploads\/2024\/01\/pedal-randall-overdrive-para-guitarra-o-bajo-facepunche.jpg\",\"datePublished\":\"2026-03-11T18:29:40+00:00\",\"dateModified\":\"2026-03-11T18:29:43+00:00\",\"breadcrumb\":{\"@id\":\"https:\/\/soundgear.com.co\/sitio\/producto\/pedal-randall-overdrive-para-guitarra-o-bajo-facepunche\/#breadcrumb\"},\"inLanguage\":\"es\",\"potentialAction\":[{\"@type\":\"ReadAction\",\"target\":[\"https:\/\/soundgear.com.co\/sitio\/producto\/pedal-randall-overdrive-para-guitarra-o-bajo-facepunche\/\"]}]},{\"@type\":\"ImageObject\",\"inLanguage\":\"es\",\"@id\":\"https:\/\/soundgear.com.co\/sitio\/producto\/pedal-randall-overdrive-para-guitarra-o-bajo-facepunche\/#primaryimage\",\"url\":\"https:\/\/soundgear.com.co\/sitio\/wp-content\/uploads\/2024\/01\/pedal-randall-overdrive-para-guitarra-o-bajo-facepunche.jpg\",\"contentUrl\":\"https:\/\/soundgear.com.co\/sitio\/wp-content\/uploads\/2024\/01\/pedal-randall-overdrive-para-guitarra-o-bajo-facepunche.jpg\",\"width\":1000,\"height\":1000},{\"@type\":\"BreadcrumbList\",\"@id\":\"https:\/\/soundgear.com.co\/sitio\/producto\/pedal-randall-overdrive-para-guitarra-o-bajo-facepunche\/#breadcrumb\",\"itemListElement\":[{\"@type\":\"ListItem\",\"position\":1,\"name\":\"Portada\",\"item\":\"https:\/\/soundgear.com.co\/sitio\/\"},{\"@type\":\"ListItem\",\"position\":2,\"name\":\"Tienda\",\"item\":\"https:\/\/soundgear.com.co\/sitio\/tienda\/\"},{\"@type\":\"ListItem\",\"position\":3,\"name\":\"PEDAL RANDALL OVERDRIVE PARA GUITARRA O BAJO FACEPUNCHE\"}]},{\"@type\":\"WebSite\",\"@id\":\"https:\/\/soundgear.com.co\/sitio\/#website\",\"url\":\"https:\/\/soundgear.com.co\/sitio\/\",\"name\":\"Sound Gear\",\"description\":\"Tienda de Instrumentos Musicales\",\"potentialAction\":[{\"@type\":\"SearchAction\",\"target\":{\"@type\":\"EntryPoint\",\"urlTemplate\":\"https:\/\/soundgear.com.co\/sitio\/?s={search_term_string}\"},\"query-input\":{\"@type\":\"PropertyValueSpecification\",\"valueRequired\":true,\"valueName\":\"search_term_string\"}}],\"inLanguage\":\"es\"}]}<\/script>\n<!-- \/ Yoast SEO plugin. -->","yoast_head_json":{"title":"PEDAL RANDALL OVERDRIVE PARA GUITARRA O BAJO FACEPUNCHE - Sound Gear","robots":{"index":"index","follow":"follow","max-snippet":"max-snippet:-1","max-image-preview":"max-image-preview:large","max-video-preview":"max-video-preview:-1"},"canonical":"https:\/\/soundgear.com.co\/sitio\/producto\/pedal-randall-overdrive-para-guitarra-o-bajo-facepunche\/","og_locale":"es_ES","og_type":"article","og_title":"PEDAL RANDALL OVERDRIVE PARA GUITARRA O BAJO FACEPUNCHE - Sound Gear","og_description":"El FACEPUNCH es un discreto pedal de refuerzo selectivo de frecuencia dise\u00f1ado por transistores (unidad a +20 dB) que tiene una respuesta de tipo sobrecarga de triodo.\u00a0Perfectamente adaptado para impulsar el extremo frontal de cualquier amplificador de v\u00e1lvulas para llevarlo a una ganancia extrema a trav\u00e9s del nivel de se\u00f1al del control PUNCH y el control FREQ para ajustar o agregar el espesor que falta en su tono junto con un control SMOOTH final para ajustar la parte superior. acabar con el nerviosismo.","og_url":"https:\/\/soundgear.com.co\/sitio\/producto\/pedal-randall-overdrive-para-guitarra-o-bajo-facepunche\/","og_site_name":"Sound Gear","article_modified_time":"2026-03-11T18:29:43+00:00","twitter_card":"summary_large_image","schema":{"@context":"https:\/\/schema.org","@graph":[{"@type":"WebPage","@id":"https:\/\/soundgear.com.co\/sitio\/producto\/pedal-randall-overdrive-para-guitarra-o-bajo-facepunche\/","url":"https:\/\/soundgear.com.co\/sitio\/producto\/pedal-randall-overdrive-para-guitarra-o-bajo-facepunche\/","name":"PEDAL RANDALL OVERDRIVE PARA GUITARRA O BAJO FACEPUNCHE - Sound Gear","isPartOf":{"@id":"https:\/\/soundgear.com.co\/sitio\/#website"},"primaryImageOfPage":{"@id":"https:\/\/soundgear.com.co\/sitio\/producto\/pedal-randall-overdrive-para-guitarra-o-bajo-facepunche\/#primaryimage"},"image":{"@id":"https:\/\/soundgear.com.co\/sitio\/producto\/pedal-randall-overdrive-para-guitarra-o-bajo-facepunche\/#primaryimage"},"thumbnailUrl":"https:\/\/soundgear.com.co\/sitio\/wp-content\/uploads\/2024\/01\/pedal-randall-overdrive-para-guitarra-o-bajo-facepunche.jpg","datePublished":"2026-03-11T18:29:40+00:00","dateModified":"2026-03-11T18:29:43+00:00","breadcrumb":{"@id":"https:\/\/soundgear.com.co\/sitio\/producto\/pedal-randall-overdrive-para-guitarra-o-bajo-facepunche\/#breadcrumb"},"inLanguage":"es","potentialAction":[{"@type":"ReadAction","target":["https:\/\/soundgear.com.co\/sitio\/producto\/pedal-randall-overdrive-para-guitarra-o-bajo-facepunche\/"]}]},{"@type":"ImageObject","inLanguage":"es","@id":"https:\/\/soundgear.com.co\/sitio\/producto\/pedal-randall-overdrive-para-guitarra-o-bajo-facepunche\/#primaryimage","url":"https:\/\/soundgear.com.co\/sitio\/wp-content\/uploads\/2024\/01\/pedal-randall-overdrive-para-guitarra-o-bajo-facepunche.jpg","contentUrl":"https:\/\/soundgear.com.co\/sitio\/wp-content\/uploads\/2024\/01\/pedal-randall-overdrive-para-guitarra-o-bajo-facepunche.jpg","width":1000,"height":1000},{"@type":"BreadcrumbList","@id":"https:\/\/soundgear.com.co\/sitio\/producto\/pedal-randall-overdrive-para-guitarra-o-bajo-facepunche\/#breadcrumb","itemListElement":[{"@type":"ListItem","position":1,"name":"Portada","item":"https:\/\/soundgear.com.co\/sitio\/"},{"@type":"ListItem","position":2,"name":"Tienda","item":"https:\/\/soundgear.com.co\/sitio\/tienda\/"},{"@type":"ListItem","position":3,"name":"PEDAL RANDALL OVERDRIVE PARA GUITARRA O BAJO FACEPUNCHE"}]},{"@type":"WebSite","@id":"https:\/\/soundgear.com.co\/sitio\/#website","url":"https:\/\/soundgear.com.co\/sitio\/","name":"Sound Gear","description":"Tienda de Instrumentos Musicales","potentialAction":[{"@type":"SearchAction","target":{"@type":"EntryPoint","urlTemplate":"https:\/\/soundgear.com.co\/sitio\/?s={search_term_string}"},"query-input":{"@type":"PropertyValueSpecification","valueRequired":true,"valueName":"search_term_string"}}],"inLanguage":"es"}]}},"_links":{"self":[{"href":"https:\/\/soundgear.com.co\/sitio\/wp-json\/wp\/v2\/product\/29249","targetHints":{"allow":["GET"]}}],"collection":[{"href":"https:\/\/soundgear.com.co\/sitio\/wp-json\/wp\/v2\/product"}],"about":[{"href":"https:\/\/soundgear.com.co\/sitio\/wp-json\/wp\/v2\/types\/product"}],"replies":[{"embeddable":true,"href":"https:\/\/soundgear.com.co\/sitio\/wp-json\/wp\/v2\/comments?post=29249"}],"version-history":[{"count":1,"href":"https:\/\/soundgear.com.co\/sitio\/wp-json\/wp\/v2\/product\/29249\/revisions"}],"predecessor-version":[{"id":29280,"href":"https:\/\/soundgear.com.co\/sitio\/wp-json\/wp\/v2\/product\/29249\/revisions\/29280"}],"wp:featuredmedia":[{"embeddable":true,"href":"https:\/\/soundgear.com.co\/sitio\/wp-json\/wp\/v2\/media\/17437"}],"wp:attachment":[{"href":"https:\/\/soundgear.com.co\/sitio\/wp-json\/wp\/v2\/media?parent=29249"}],"wp:term":[{"taxonomy":"product_brand","embeddable":true,"href":"https:\/\/soundgear.com.co\/sitio\/wp-json\/wp\/v2\/product_brand?post=29249"},{"taxonomy":"product_cat","embeddable":true,"href":"https:\/\/soundgear.com.co\/sitio\/wp-json\/wp\/v2\/product_cat?post=29249"},{"taxonomy":"product_tag","embeddable":true,"href":"https:\/\/soundgear.com.co\/sitio\/wp-json\/wp\/v2\/product_tag?post=29249"}],"curies":[{"name":"wp","href":"https:\/\/api.w.org\/{rel}","templated":true}]}}