{"id":29263,"date":"2026-03-11T13:29:41","date_gmt":"2026-03-11T18:29:41","guid":{"rendered":"https:\/\/soundgear.com.co\/sitio\/?post_type=product&#038;p=29263"},"modified":"2026-03-11T13:29:44","modified_gmt":"2026-03-11T18:29:44","slug":"monitor-autoamplificado-krk-rp5g4-na-120v","status":"publish","type":"product","link":"https:\/\/soundgear.com.co\/sitio\/producto\/monitor-autoamplificado-krk-rp5g4-na-120v\/","title":{"rendered":"MONITOR AUTOAMPLIFICADO KRK RP5G4-NA 120V"},"content":{"rendered":"","protected":false},"excerpt":{"rendered":"<p>El nuevo monitor profesional de 5 \u00ab\u00bbKRK ROKIT RP5 G4 (Generaci\u00f3n 4) amplifica la creatividad de la m\u00fasica y el sonido a un nivel completamente nuevo de la industria. El ecualizador gr\u00e1fico impulsado por DSP con 25 configuraciones ayuda a acondicionar su entorno ac\u00fastico mientras ofrece nuevos niveles de versatilidad en un monitor de estudio. Los controladores combinados fabricados con Kevlar\u00ae aseguran la misma integridad sonora en todas las frecuencias. Una nueva caja de altavoz y puerto de disparo frontal cient\u00edficamente dise\u00f1ados ofrecen una extensi\u00f3n y precisi\u00f3n excepcionales, punzonado y posicionamiento de sala flexible. Sin embargo, un eficiente amplificador de potencia Clase D personalizado impulsa los altavoces de manera uniforme y m\u00e1s eficiente a temperaturas de funcionamiento reducidas y mejora la integridad del audio.<\/p>\n","protected":false},"featured_media":17483,"comment_status":"closed","ping_status":"closed","template":"","meta":{"_joinchat":[]},"product_brand":[],"product_cat":[78],"product_tag":[],"class_list":{"0":"post-29263","1":"product","2":"type-product","3":"status-publish","4":"has-post-thumbnail","6":"product_cat-sonido-y-amplificacion","8":"first","9":"outofstock","10":"taxable","11":"shipping-taxable","12":"purchasable","13":"product-type-simple"},"yoast_head":"<!-- This site is optimized with the Yoast SEO plugin v27.1.1 - https:\/\/yoast.com\/product\/yoast-seo-wordpress\/ -->\n<title>MONITOR AUTOAMPLIFICADO KRK RP5G4-NA 120V - Sound Gear<\/title>\n<meta name=\"robots\" content=\"index, follow, max-snippet:-1, max-image-preview:large, max-video-preview:-1\" \/>\n<link rel=\"canonical\" href=\"https:\/\/soundgear.com.co\/sitio\/producto\/monitor-autoamplificado-krk-rp5g4-na-120v\/\" \/>\n<meta property=\"og:locale\" content=\"es_ES\" \/>\n<meta property=\"og:type\" content=\"article\" \/>\n<meta property=\"og:title\" content=\"MONITOR AUTOAMPLIFICADO KRK RP5G4-NA 120V - Sound Gear\" \/>\n<meta property=\"og:description\" content=\"El nuevo monitor profesional de 5 &quot;&quot;KRK ROKIT RP5 G4 (Generaci\u00f3n 4) amplifica la creatividad de la m\u00fasica y el sonido a un nivel completamente nuevo de la industria. El ecualizador gr\u00e1fico impulsado por DSP con 25 configuraciones ayuda a acondicionar su entorno ac\u00fastico mientras ofrece nuevos niveles de versatilidad en un monitor de estudio. Los controladores combinados fabricados con Kevlar\u00ae aseguran la misma integridad sonora en todas las frecuencias. Una nueva caja de altavoz y puerto de disparo frontal cient\u00edficamente dise\u00f1ados ofrecen una extensi\u00f3n y precisi\u00f3n excepcionales, punzonado y posicionamiento de sala flexible. Sin embargo, un eficiente amplificador de potencia Clase D personalizado impulsa los altavoces de manera uniforme y m\u00e1s eficiente a temperaturas de funcionamiento reducidas y mejora la integridad del audio.\" \/>\n<meta property=\"og:url\" content=\"https:\/\/soundgear.com.co\/sitio\/producto\/monitor-autoamplificado-krk-rp5g4-na-120v\/\" \/>\n<meta property=\"og:site_name\" content=\"Sound Gear\" \/>\n<meta property=\"article:modified_time\" content=\"2026-03-11T18:29:44+00:00\" \/>\n<meta name=\"twitter:card\" content=\"summary_large_image\" \/>\n<script type=\"application\/ld+json\" class=\"yoast-schema-graph\">{\"@context\":\"https:\/\/schema.org\",\"@graph\":[{\"@type\":\"WebPage\",\"@id\":\"https:\/\/soundgear.com.co\/sitio\/producto\/monitor-autoamplificado-krk-rp5g4-na-120v\/\",\"url\":\"https:\/\/soundgear.com.co\/sitio\/producto\/monitor-autoamplificado-krk-rp5g4-na-120v\/\",\"name\":\"MONITOR AUTOAMPLIFICADO KRK RP5G4-NA 120V - Sound Gear\",\"isPartOf\":{\"@id\":\"https:\/\/soundgear.com.co\/sitio\/#website\"},\"primaryImageOfPage\":{\"@id\":\"https:\/\/soundgear.com.co\/sitio\/producto\/monitor-autoamplificado-krk-rp5g4-na-120v\/#primaryimage\"},\"image\":{\"@id\":\"https:\/\/soundgear.com.co\/sitio\/producto\/monitor-autoamplificado-krk-rp5g4-na-120v\/#primaryimage\"},\"thumbnailUrl\":\"https:\/\/soundgear.com.co\/sitio\/wp-content\/uploads\/2024\/01\/MONITOR-AUTOAMPLIFICADO-KRK-RP5G4-NA-120V.jpg\",\"datePublished\":\"2026-03-11T18:29:41+00:00\",\"dateModified\":\"2026-03-11T18:29:44+00:00\",\"breadcrumb\":{\"@id\":\"https:\/\/soundgear.com.co\/sitio\/producto\/monitor-autoamplificado-krk-rp5g4-na-120v\/#breadcrumb\"},\"inLanguage\":\"es\",\"potentialAction\":[{\"@type\":\"ReadAction\",\"target\":[\"https:\/\/soundgear.com.co\/sitio\/producto\/monitor-autoamplificado-krk-rp5g4-na-120v\/\"]}]},{\"@type\":\"ImageObject\",\"inLanguage\":\"es\",\"@id\":\"https:\/\/soundgear.com.co\/sitio\/producto\/monitor-autoamplificado-krk-rp5g4-na-120v\/#primaryimage\",\"url\":\"https:\/\/soundgear.com.co\/sitio\/wp-content\/uploads\/2024\/01\/MONITOR-AUTOAMPLIFICADO-KRK-RP5G4-NA-120V.jpg\",\"contentUrl\":\"https:\/\/soundgear.com.co\/sitio\/wp-content\/uploads\/2024\/01\/MONITOR-AUTOAMPLIFICADO-KRK-RP5G4-NA-120V.jpg\",\"width\":1000,\"height\":1000},{\"@type\":\"BreadcrumbList\",\"@id\":\"https:\/\/soundgear.com.co\/sitio\/producto\/monitor-autoamplificado-krk-rp5g4-na-120v\/#breadcrumb\",\"itemListElement\":[{\"@type\":\"ListItem\",\"position\":1,\"name\":\"Portada\",\"item\":\"https:\/\/soundgear.com.co\/sitio\/\"},{\"@type\":\"ListItem\",\"position\":2,\"name\":\"Tienda\",\"item\":\"https:\/\/soundgear.com.co\/sitio\/tienda\/\"},{\"@type\":\"ListItem\",\"position\":3,\"name\":\"MONITOR AUTOAMPLIFICADO KRK RP5G4-NA 120V\"}]},{\"@type\":\"WebSite\",\"@id\":\"https:\/\/soundgear.com.co\/sitio\/#website\",\"url\":\"https:\/\/soundgear.com.co\/sitio\/\",\"name\":\"Sound Gear\",\"description\":\"Tienda de Instrumentos Musicales\",\"potentialAction\":[{\"@type\":\"SearchAction\",\"target\":{\"@type\":\"EntryPoint\",\"urlTemplate\":\"https:\/\/soundgear.com.co\/sitio\/?s={search_term_string}\"},\"query-input\":{\"@type\":\"PropertyValueSpecification\",\"valueRequired\":true,\"valueName\":\"search_term_string\"}}],\"inLanguage\":\"es\"}]}<\/script>\n<!-- \/ Yoast SEO plugin. -->","yoast_head_json":{"title":"MONITOR AUTOAMPLIFICADO KRK RP5G4-NA 120V - Sound Gear","robots":{"index":"index","follow":"follow","max-snippet":"max-snippet:-1","max-image-preview":"max-image-preview:large","max-video-preview":"max-video-preview:-1"},"canonical":"https:\/\/soundgear.com.co\/sitio\/producto\/monitor-autoamplificado-krk-rp5g4-na-120v\/","og_locale":"es_ES","og_type":"article","og_title":"MONITOR AUTOAMPLIFICADO KRK RP5G4-NA 120V - Sound Gear","og_description":"El nuevo monitor profesional de 5 \"\"KRK ROKIT RP5 G4 (Generaci\u00f3n 4) amplifica la creatividad de la m\u00fasica y el sonido a un nivel completamente nuevo de la industria. El ecualizador gr\u00e1fico impulsado por DSP con 25 configuraciones ayuda a acondicionar su entorno ac\u00fastico mientras ofrece nuevos niveles de versatilidad en un monitor de estudio. Los controladores combinados fabricados con Kevlar\u00ae aseguran la misma integridad sonora en todas las frecuencias. Una nueva caja de altavoz y puerto de disparo frontal cient\u00edficamente dise\u00f1ados ofrecen una extensi\u00f3n y precisi\u00f3n excepcionales, punzonado y posicionamiento de sala flexible. Sin embargo, un eficiente amplificador de potencia Clase D personalizado impulsa los altavoces de manera uniforme y m\u00e1s eficiente a temperaturas de funcionamiento reducidas y mejora la integridad del audio.","og_url":"https:\/\/soundgear.com.co\/sitio\/producto\/monitor-autoamplificado-krk-rp5g4-na-120v\/","og_site_name":"Sound Gear","article_modified_time":"2026-03-11T18:29:44+00:00","twitter_card":"summary_large_image","schema":{"@context":"https:\/\/schema.org","@graph":[{"@type":"WebPage","@id":"https:\/\/soundgear.com.co\/sitio\/producto\/monitor-autoamplificado-krk-rp5g4-na-120v\/","url":"https:\/\/soundgear.com.co\/sitio\/producto\/monitor-autoamplificado-krk-rp5g4-na-120v\/","name":"MONITOR AUTOAMPLIFICADO KRK RP5G4-NA 120V - Sound Gear","isPartOf":{"@id":"https:\/\/soundgear.com.co\/sitio\/#website"},"primaryImageOfPage":{"@id":"https:\/\/soundgear.com.co\/sitio\/producto\/monitor-autoamplificado-krk-rp5g4-na-120v\/#primaryimage"},"image":{"@id":"https:\/\/soundgear.com.co\/sitio\/producto\/monitor-autoamplificado-krk-rp5g4-na-120v\/#primaryimage"},"thumbnailUrl":"https:\/\/soundgear.com.co\/sitio\/wp-content\/uploads\/2024\/01\/MONITOR-AUTOAMPLIFICADO-KRK-RP5G4-NA-120V.jpg","datePublished":"2026-03-11T18:29:41+00:00","dateModified":"2026-03-11T18:29:44+00:00","breadcrumb":{"@id":"https:\/\/soundgear.com.co\/sitio\/producto\/monitor-autoamplificado-krk-rp5g4-na-120v\/#breadcrumb"},"inLanguage":"es","potentialAction":[{"@type":"ReadAction","target":["https:\/\/soundgear.com.co\/sitio\/producto\/monitor-autoamplificado-krk-rp5g4-na-120v\/"]}]},{"@type":"ImageObject","inLanguage":"es","@id":"https:\/\/soundgear.com.co\/sitio\/producto\/monitor-autoamplificado-krk-rp5g4-na-120v\/#primaryimage","url":"https:\/\/soundgear.com.co\/sitio\/wp-content\/uploads\/2024\/01\/MONITOR-AUTOAMPLIFICADO-KRK-RP5G4-NA-120V.jpg","contentUrl":"https:\/\/soundgear.com.co\/sitio\/wp-content\/uploads\/2024\/01\/MONITOR-AUTOAMPLIFICADO-KRK-RP5G4-NA-120V.jpg","width":1000,"height":1000},{"@type":"BreadcrumbList","@id":"https:\/\/soundgear.com.co\/sitio\/producto\/monitor-autoamplificado-krk-rp5g4-na-120v\/#breadcrumb","itemListElement":[{"@type":"ListItem","position":1,"name":"Portada","item":"https:\/\/soundgear.com.co\/sitio\/"},{"@type":"ListItem","position":2,"name":"Tienda","item":"https:\/\/soundgear.com.co\/sitio\/tienda\/"},{"@type":"ListItem","position":3,"name":"MONITOR AUTOAMPLIFICADO KRK RP5G4-NA 120V"}]},{"@type":"WebSite","@id":"https:\/\/soundgear.com.co\/sitio\/#website","url":"https:\/\/soundgear.com.co\/sitio\/","name":"Sound Gear","description":"Tienda de Instrumentos Musicales","potentialAction":[{"@type":"SearchAction","target":{"@type":"EntryPoint","urlTemplate":"https:\/\/soundgear.com.co\/sitio\/?s={search_term_string}"},"query-input":{"@type":"PropertyValueSpecification","valueRequired":true,"valueName":"search_term_string"}}],"inLanguage":"es"}]}},"_links":{"self":[{"href":"https:\/\/soundgear.com.co\/sitio\/wp-json\/wp\/v2\/product\/29263","targetHints":{"allow":["GET"]}}],"collection":[{"href":"https:\/\/soundgear.com.co\/sitio\/wp-json\/wp\/v2\/product"}],"about":[{"href":"https:\/\/soundgear.com.co\/sitio\/wp-json\/wp\/v2\/types\/product"}],"replies":[{"embeddable":true,"href":"https:\/\/soundgear.com.co\/sitio\/wp-json\/wp\/v2\/comments?post=29263"}],"version-history":[{"count":1,"href":"https:\/\/soundgear.com.co\/sitio\/wp-json\/wp\/v2\/product\/29263\/revisions"}],"predecessor-version":[{"id":29293,"href":"https:\/\/soundgear.com.co\/sitio\/wp-json\/wp\/v2\/product\/29263\/revisions\/29293"}],"wp:featuredmedia":[{"embeddable":true,"href":"https:\/\/soundgear.com.co\/sitio\/wp-json\/wp\/v2\/media\/17483"}],"wp:attachment":[{"href":"https:\/\/soundgear.com.co\/sitio\/wp-json\/wp\/v2\/media?parent=29263"}],"wp:term":[{"taxonomy":"product_brand","embeddable":true,"href":"https:\/\/soundgear.com.co\/sitio\/wp-json\/wp\/v2\/product_brand?post=29263"},{"taxonomy":"product_cat","embeddable":true,"href":"https:\/\/soundgear.com.co\/sitio\/wp-json\/wp\/v2\/product_cat?post=29263"},{"taxonomy":"product_tag","embeddable":true,"href":"https:\/\/soundgear.com.co\/sitio\/wp-json\/wp\/v2\/product_tag?post=29263"}],"curies":[{"name":"wp","href":"https:\/\/api.w.org\/{rel}","templated":true}]}}