{"id":29304,"date":"2026-03-11T13:29:47","date_gmt":"2026-03-11T18:29:47","guid":{"rendered":"https:\/\/soundgear.com.co\/sitio\/?post_type=product&#038;p=29304"},"modified":"2026-03-11T13:29:49","modified_gmt":"2026-03-11T18:29:49","slug":"amplificador-randall-para-bajo-de-35-w-black-chrome","status":"publish","type":"product","link":"https:\/\/soundgear.com.co\/sitio\/producto\/amplificador-randall-para-bajo-de-35-w-black-chrome\/","title":{"rendered":"AMPLIFICADOR RANDALL PARA BAJO DE 35 W BLACK CHROME"},"content":{"rendered":"","protected":false},"excerpt":{"rendered":"<p>El Randall RX-35BM es el principal amplificador de bajos de 35 vatios de Randall. Le ofrece un gabinete de gabinete cerrado s\u00f3lido con un combo de amplificador de bajos de excelente calidad, profundo y potente. Hay conectores de entrada High (1MOhm) y Low (35KOhm) con diferente sensibilidad para conectar el bajo, un volumen maestro, 3 Band EQ para cubrir la ecualizaci\u00f3n de graves, medios y agudos para compartir los tonos deseados, entrada de CD est\u00e9reo, conector de tel\u00e9fono y un Randall Jaguar Bass de 10 \u201d(4 ohmios) para una salida s\u00f3lida = 35 vatios de bajos graves.<\/p>\n","protected":false},"featured_media":17522,"comment_status":"closed","ping_status":"closed","template":"","meta":{"_joinchat":[]},"product_brand":[],"product_cat":[225],"product_tag":[],"class_list":{"0":"post-29304","1":"product","2":"type-product","3":"status-publish","4":"has-post-thumbnail","6":"product_cat-amplificadores","8":"first","9":"instock","10":"taxable","11":"shipping-taxable","12":"purchasable","13":"product-type-simple"},"yoast_head":"<!-- This site is optimized with the Yoast SEO plugin v27.1.1 - https:\/\/yoast.com\/product\/yoast-seo-wordpress\/ -->\n<title>AMPLIFICADOR RANDALL PARA BAJO DE 35 W BLACK CHROME - Sound Gear<\/title>\n<meta name=\"robots\" content=\"index, follow, max-snippet:-1, max-image-preview:large, max-video-preview:-1\" \/>\n<link rel=\"canonical\" href=\"https:\/\/soundgear.com.co\/sitio\/producto\/amplificador-randall-para-bajo-de-35-w-black-chrome\/\" \/>\n<meta property=\"og:locale\" content=\"es_ES\" \/>\n<meta property=\"og:type\" content=\"article\" \/>\n<meta property=\"og:title\" content=\"AMPLIFICADOR RANDALL PARA BAJO DE 35 W BLACK CHROME - Sound Gear\" \/>\n<meta property=\"og:description\" content=\"El Randall RX-35BM es el principal amplificador de bajos de 35 vatios de Randall. Le ofrece un gabinete de gabinete cerrado s\u00f3lido con un combo de amplificador de bajos de excelente calidad, profundo y potente. Hay conectores de entrada High (1MOhm) y Low (35KOhm) con diferente sensibilidad para conectar el bajo, un volumen maestro, 3 Band EQ para cubrir la ecualizaci\u00f3n de graves, medios y agudos para compartir los tonos deseados, entrada de CD est\u00e9reo, conector de tel\u00e9fono y un Randall Jaguar Bass de 10 \u201d(4 ohmios) para una salida s\u00f3lida = 35 vatios de bajos graves.\" \/>\n<meta property=\"og:url\" content=\"https:\/\/soundgear.com.co\/sitio\/producto\/amplificador-randall-para-bajo-de-35-w-black-chrome\/\" \/>\n<meta property=\"og:site_name\" content=\"Sound Gear\" \/>\n<meta property=\"article:modified_time\" content=\"2026-03-11T18:29:49+00:00\" \/>\n<meta name=\"twitter:card\" content=\"summary_large_image\" \/>\n<script type=\"application\/ld+json\" class=\"yoast-schema-graph\">{\"@context\":\"https:\/\/schema.org\",\"@graph\":[{\"@type\":\"WebPage\",\"@id\":\"https:\/\/soundgear.com.co\/sitio\/producto\/amplificador-randall-para-bajo-de-35-w-black-chrome\/\",\"url\":\"https:\/\/soundgear.com.co\/sitio\/producto\/amplificador-randall-para-bajo-de-35-w-black-chrome\/\",\"name\":\"AMPLIFICADOR RANDALL PARA BAJO DE 35 W BLACK CHROME - Sound Gear\",\"isPartOf\":{\"@id\":\"https:\/\/soundgear.com.co\/sitio\/#website\"},\"primaryImageOfPage\":{\"@id\":\"https:\/\/soundgear.com.co\/sitio\/producto\/amplificador-randall-para-bajo-de-35-w-black-chrome\/#primaryimage\"},\"image\":{\"@id\":\"https:\/\/soundgear.com.co\/sitio\/producto\/amplificador-randall-para-bajo-de-35-w-black-chrome\/#primaryimage\"},\"thumbnailUrl\":\"https:\/\/soundgear.com.co\/sitio\/wp-content\/uploads\/2024\/01\/amplificador-randall-para-bajo-de-35-w-black-chrome.jpg\",\"datePublished\":\"2026-03-11T18:29:47+00:00\",\"dateModified\":\"2026-03-11T18:29:49+00:00\",\"breadcrumb\":{\"@id\":\"https:\/\/soundgear.com.co\/sitio\/producto\/amplificador-randall-para-bajo-de-35-w-black-chrome\/#breadcrumb\"},\"inLanguage\":\"es\",\"potentialAction\":[{\"@type\":\"ReadAction\",\"target\":[\"https:\/\/soundgear.com.co\/sitio\/producto\/amplificador-randall-para-bajo-de-35-w-black-chrome\/\"]}]},{\"@type\":\"ImageObject\",\"inLanguage\":\"es\",\"@id\":\"https:\/\/soundgear.com.co\/sitio\/producto\/amplificador-randall-para-bajo-de-35-w-black-chrome\/#primaryimage\",\"url\":\"https:\/\/soundgear.com.co\/sitio\/wp-content\/uploads\/2024\/01\/amplificador-randall-para-bajo-de-35-w-black-chrome.jpg\",\"contentUrl\":\"https:\/\/soundgear.com.co\/sitio\/wp-content\/uploads\/2024\/01\/amplificador-randall-para-bajo-de-35-w-black-chrome.jpg\",\"width\":1000,\"height\":1000},{\"@type\":\"BreadcrumbList\",\"@id\":\"https:\/\/soundgear.com.co\/sitio\/producto\/amplificador-randall-para-bajo-de-35-w-black-chrome\/#breadcrumb\",\"itemListElement\":[{\"@type\":\"ListItem\",\"position\":1,\"name\":\"Portada\",\"item\":\"https:\/\/soundgear.com.co\/sitio\/\"},{\"@type\":\"ListItem\",\"position\":2,\"name\":\"Tienda\",\"item\":\"https:\/\/soundgear.com.co\/sitio\/tienda\/\"},{\"@type\":\"ListItem\",\"position\":3,\"name\":\"AMPLIFICADOR RANDALL PARA BAJO DE 35 W BLACK CHROME\"}]},{\"@type\":\"WebSite\",\"@id\":\"https:\/\/soundgear.com.co\/sitio\/#website\",\"url\":\"https:\/\/soundgear.com.co\/sitio\/\",\"name\":\"Sound Gear\",\"description\":\"Tienda de Instrumentos Musicales\",\"potentialAction\":[{\"@type\":\"SearchAction\",\"target\":{\"@type\":\"EntryPoint\",\"urlTemplate\":\"https:\/\/soundgear.com.co\/sitio\/?s={search_term_string}\"},\"query-input\":{\"@type\":\"PropertyValueSpecification\",\"valueRequired\":true,\"valueName\":\"search_term_string\"}}],\"inLanguage\":\"es\"}]}<\/script>\n<!-- \/ Yoast SEO plugin. -->","yoast_head_json":{"title":"AMPLIFICADOR RANDALL PARA BAJO DE 35 W BLACK CHROME - Sound Gear","robots":{"index":"index","follow":"follow","max-snippet":"max-snippet:-1","max-image-preview":"max-image-preview:large","max-video-preview":"max-video-preview:-1"},"canonical":"https:\/\/soundgear.com.co\/sitio\/producto\/amplificador-randall-para-bajo-de-35-w-black-chrome\/","og_locale":"es_ES","og_type":"article","og_title":"AMPLIFICADOR RANDALL PARA BAJO DE 35 W BLACK CHROME - Sound Gear","og_description":"El Randall RX-35BM es el principal amplificador de bajos de 35 vatios de Randall. Le ofrece un gabinete de gabinete cerrado s\u00f3lido con un combo de amplificador de bajos de excelente calidad, profundo y potente. Hay conectores de entrada High (1MOhm) y Low (35KOhm) con diferente sensibilidad para conectar el bajo, un volumen maestro, 3 Band EQ para cubrir la ecualizaci\u00f3n de graves, medios y agudos para compartir los tonos deseados, entrada de CD est\u00e9reo, conector de tel\u00e9fono y un Randall Jaguar Bass de 10 \u201d(4 ohmios) para una salida s\u00f3lida = 35 vatios de bajos graves.","og_url":"https:\/\/soundgear.com.co\/sitio\/producto\/amplificador-randall-para-bajo-de-35-w-black-chrome\/","og_site_name":"Sound Gear","article_modified_time":"2026-03-11T18:29:49+00:00","twitter_card":"summary_large_image","schema":{"@context":"https:\/\/schema.org","@graph":[{"@type":"WebPage","@id":"https:\/\/soundgear.com.co\/sitio\/producto\/amplificador-randall-para-bajo-de-35-w-black-chrome\/","url":"https:\/\/soundgear.com.co\/sitio\/producto\/amplificador-randall-para-bajo-de-35-w-black-chrome\/","name":"AMPLIFICADOR RANDALL PARA BAJO DE 35 W BLACK CHROME - Sound Gear","isPartOf":{"@id":"https:\/\/soundgear.com.co\/sitio\/#website"},"primaryImageOfPage":{"@id":"https:\/\/soundgear.com.co\/sitio\/producto\/amplificador-randall-para-bajo-de-35-w-black-chrome\/#primaryimage"},"image":{"@id":"https:\/\/soundgear.com.co\/sitio\/producto\/amplificador-randall-para-bajo-de-35-w-black-chrome\/#primaryimage"},"thumbnailUrl":"https:\/\/soundgear.com.co\/sitio\/wp-content\/uploads\/2024\/01\/amplificador-randall-para-bajo-de-35-w-black-chrome.jpg","datePublished":"2026-03-11T18:29:47+00:00","dateModified":"2026-03-11T18:29:49+00:00","breadcrumb":{"@id":"https:\/\/soundgear.com.co\/sitio\/producto\/amplificador-randall-para-bajo-de-35-w-black-chrome\/#breadcrumb"},"inLanguage":"es","potentialAction":[{"@type":"ReadAction","target":["https:\/\/soundgear.com.co\/sitio\/producto\/amplificador-randall-para-bajo-de-35-w-black-chrome\/"]}]},{"@type":"ImageObject","inLanguage":"es","@id":"https:\/\/soundgear.com.co\/sitio\/producto\/amplificador-randall-para-bajo-de-35-w-black-chrome\/#primaryimage","url":"https:\/\/soundgear.com.co\/sitio\/wp-content\/uploads\/2024\/01\/amplificador-randall-para-bajo-de-35-w-black-chrome.jpg","contentUrl":"https:\/\/soundgear.com.co\/sitio\/wp-content\/uploads\/2024\/01\/amplificador-randall-para-bajo-de-35-w-black-chrome.jpg","width":1000,"height":1000},{"@type":"BreadcrumbList","@id":"https:\/\/soundgear.com.co\/sitio\/producto\/amplificador-randall-para-bajo-de-35-w-black-chrome\/#breadcrumb","itemListElement":[{"@type":"ListItem","position":1,"name":"Portada","item":"https:\/\/soundgear.com.co\/sitio\/"},{"@type":"ListItem","position":2,"name":"Tienda","item":"https:\/\/soundgear.com.co\/sitio\/tienda\/"},{"@type":"ListItem","position":3,"name":"AMPLIFICADOR RANDALL PARA BAJO DE 35 W BLACK CHROME"}]},{"@type":"WebSite","@id":"https:\/\/soundgear.com.co\/sitio\/#website","url":"https:\/\/soundgear.com.co\/sitio\/","name":"Sound Gear","description":"Tienda de Instrumentos Musicales","potentialAction":[{"@type":"SearchAction","target":{"@type":"EntryPoint","urlTemplate":"https:\/\/soundgear.com.co\/sitio\/?s={search_term_string}"},"query-input":{"@type":"PropertyValueSpecification","valueRequired":true,"valueName":"search_term_string"}}],"inLanguage":"es"}]}},"_links":{"self":[{"href":"https:\/\/soundgear.com.co\/sitio\/wp-json\/wp\/v2\/product\/29304","targetHints":{"allow":["GET"]}}],"collection":[{"href":"https:\/\/soundgear.com.co\/sitio\/wp-json\/wp\/v2\/product"}],"about":[{"href":"https:\/\/soundgear.com.co\/sitio\/wp-json\/wp\/v2\/types\/product"}],"replies":[{"embeddable":true,"href":"https:\/\/soundgear.com.co\/sitio\/wp-json\/wp\/v2\/comments?post=29304"}],"version-history":[{"count":1,"href":"https:\/\/soundgear.com.co\/sitio\/wp-json\/wp\/v2\/product\/29304\/revisions"}],"predecessor-version":[{"id":29334,"href":"https:\/\/soundgear.com.co\/sitio\/wp-json\/wp\/v2\/product\/29304\/revisions\/29334"}],"wp:featuredmedia":[{"embeddable":true,"href":"https:\/\/soundgear.com.co\/sitio\/wp-json\/wp\/v2\/media\/17522"}],"wp:attachment":[{"href":"https:\/\/soundgear.com.co\/sitio\/wp-json\/wp\/v2\/media?parent=29304"}],"wp:term":[{"taxonomy":"product_brand","embeddable":true,"href":"https:\/\/soundgear.com.co\/sitio\/wp-json\/wp\/v2\/product_brand?post=29304"},{"taxonomy":"product_cat","embeddable":true,"href":"https:\/\/soundgear.com.co\/sitio\/wp-json\/wp\/v2\/product_cat?post=29304"},{"taxonomy":"product_tag","embeddable":true,"href":"https:\/\/soundgear.com.co\/sitio\/wp-json\/wp\/v2\/product_tag?post=29304"}],"curies":[{"name":"wp","href":"https:\/\/api.w.org\/{rel}","templated":true}]}}