{"id":29432,"date":"2026-03-11T13:30:03","date_gmt":"2026-03-11T18:30:03","guid":{"rendered":"https:\/\/soundgear.com.co\/sitio\/?post_type=product&#038;p=29432"},"modified":"2026-03-11T13:30:06","modified_gmt":"2026-03-11T18:30:06","slug":"guitarra-ltd-max-200-rpr-military-green-satin","status":"publish","type":"product","link":"https:\/\/soundgear.com.co\/sitio\/producto\/guitarra-ltd-max-200-rpr-military-green-satin\/","title":{"rendered":"GUITARRA LTD MAX 200 RPR MILITARY GREEN SATIN"},"content":{"rendered":"<p>Dise\u00f1ada en colaboraci\u00f3n con <strong data-start=\"214\" data-end=\"230\">Max Cavalera<\/strong>, \u00edcono del metal mundial, la LTD MAX-200 RPR ofrece un dise\u00f1o agresivo, tono demoledor y gran presencia esc\u00e9nica. Su cuerpo en forma RPR con acabado <strong data-start=\"380\" data-end=\"404\">Military Green Satin<\/strong> refleja una est\u00e9tica poderosa y \u00fanica. Construida con cuerpo de <strong data-start=\"469\" data-end=\"477\" data-is-only-node=\"\">tilo<\/strong>, m\u00e1stil de <strong data-start=\"489\" data-end=\"509\">arce atornillado<\/strong> y diapas\u00f3n de <strong data-start=\"524\" data-end=\"534\">jatob\u00e1<\/strong>, brinda una excelente resonancia y ataque. Las <strong data-start=\"582\" data-end=\"615\">pastillas ESP Designed LH-150<\/strong> proporcionan una salida alta y un sonido con cuerpo ideal para ritmos pesados. Su puente <strong data-start=\"705\" data-end=\"753\">Tune-O-Matic con cuerdas a trav\u00e9s del cuerpo<\/strong> mejora la estabilidad y el sustain, haciendo de esta guitarra una elecci\u00f3n perfecta para m\u00fasicos que exigen presencia sonora y estilo distintivo.<br data-start=\"899\" data-end=\"902\" \/>Fiel al esp\u00edritu de Cavalera: cruda, directa y brutal.<\/p>\n","protected":false},"excerpt":{"rendered":"<p>Dise\u00f1ada en colaboraci\u00f3n con Max Cavalera, \u00edcono del metal mundial, la LTD MAX-200 RPR ofrece un dise\u00f1o agresivo, tono demoledor<\/p>\n","protected":false},"featured_media":18518,"comment_status":"closed","ping_status":"closed","template":"","meta":{"_joinchat":[]},"product_brand":[],"product_cat":[255,74,72],"product_tag":[],"class_list":{"0":"post-29432","1":"product","2":"type-product","3":"status-publish","4":"has-post-thumbnail","6":"product_cat-guitarras-electricas","7":"product_cat-instrumentos-de-cuerdas","8":"product_cat-instrumentos-musicales","10":"first","11":"instock","12":"taxable","13":"shipping-taxable","14":"purchasable","15":"product-type-simple"},"yoast_head":"<!-- This site is optimized with the Yoast SEO plugin v27.1.1 - https:\/\/yoast.com\/product\/yoast-seo-wordpress\/ -->\n<title>GUITARRA LTD MAX 200 RPR MILITARY GREEN SATIN - Sound Gear<\/title>\n<meta name=\"robots\" content=\"index, follow, max-snippet:-1, max-image-preview:large, max-video-preview:-1\" \/>\n<link rel=\"canonical\" href=\"https:\/\/soundgear.com.co\/sitio\/producto\/guitarra-ltd-max-200-rpr-military-green-satin\/\" \/>\n<meta property=\"og:locale\" content=\"es_ES\" \/>\n<meta property=\"og:type\" content=\"article\" \/>\n<meta property=\"og:title\" content=\"GUITARRA LTD MAX 200 RPR MILITARY GREEN SATIN - Sound Gear\" \/>\n<meta property=\"og:description\" content=\"Dise\u00f1ada en colaboraci\u00f3n con Max Cavalera, \u00edcono del metal mundial, la LTD MAX-200 RPR ofrece un dise\u00f1o agresivo, tono demoledor\" \/>\n<meta property=\"og:url\" content=\"https:\/\/soundgear.com.co\/sitio\/producto\/guitarra-ltd-max-200-rpr-military-green-satin\/\" \/>\n<meta property=\"og:site_name\" content=\"Sound Gear\" \/>\n<meta property=\"article:modified_time\" content=\"2026-03-11T18:30:06+00:00\" \/>\n<meta name=\"twitter:card\" content=\"summary_large_image\" \/>\n<meta name=\"twitter:label1\" content=\"Tiempo de lectura\" \/>\n\t<meta name=\"twitter:data1\" content=\"1 minuto\" \/>\n<script type=\"application\/ld+json\" class=\"yoast-schema-graph\">{\"@context\":\"https:\/\/schema.org\",\"@graph\":[{\"@type\":\"WebPage\",\"@id\":\"https:\/\/soundgear.com.co\/sitio\/producto\/guitarra-ltd-max-200-rpr-military-green-satin\/\",\"url\":\"https:\/\/soundgear.com.co\/sitio\/producto\/guitarra-ltd-max-200-rpr-military-green-satin\/\",\"name\":\"GUITARRA LTD MAX 200 RPR MILITARY GREEN SATIN - Sound Gear\",\"isPartOf\":{\"@id\":\"https:\/\/soundgear.com.co\/sitio\/#website\"},\"primaryImageOfPage\":{\"@id\":\"https:\/\/soundgear.com.co\/sitio\/producto\/guitarra-ltd-max-200-rpr-military-green-satin\/#primaryimage\"},\"image\":{\"@id\":\"https:\/\/soundgear.com.co\/sitio\/producto\/guitarra-ltd-max-200-rpr-military-green-satin\/#primaryimage\"},\"thumbnailUrl\":\"https:\/\/soundgear.com.co\/sitio\/wp-content\/uploads\/2025\/06\/ESPLMAX200RPRMGS-1-scaled.jpg\",\"datePublished\":\"2026-03-11T18:30:03+00:00\",\"dateModified\":\"2026-03-11T18:30:06+00:00\",\"breadcrumb\":{\"@id\":\"https:\/\/soundgear.com.co\/sitio\/producto\/guitarra-ltd-max-200-rpr-military-green-satin\/#breadcrumb\"},\"inLanguage\":\"es\",\"potentialAction\":[{\"@type\":\"ReadAction\",\"target\":[\"https:\/\/soundgear.com.co\/sitio\/producto\/guitarra-ltd-max-200-rpr-military-green-satin\/\"]}]},{\"@type\":\"ImageObject\",\"inLanguage\":\"es\",\"@id\":\"https:\/\/soundgear.com.co\/sitio\/producto\/guitarra-ltd-max-200-rpr-military-green-satin\/#primaryimage\",\"url\":\"https:\/\/soundgear.com.co\/sitio\/wp-content\/uploads\/2025\/06\/ESPLMAX200RPRMGS-1-scaled.jpg\",\"contentUrl\":\"https:\/\/soundgear.com.co\/sitio\/wp-content\/uploads\/2025\/06\/ESPLMAX200RPRMGS-1-scaled.jpg\",\"width\":2048,\"height\":2560},{\"@type\":\"BreadcrumbList\",\"@id\":\"https:\/\/soundgear.com.co\/sitio\/producto\/guitarra-ltd-max-200-rpr-military-green-satin\/#breadcrumb\",\"itemListElement\":[{\"@type\":\"ListItem\",\"position\":1,\"name\":\"Portada\",\"item\":\"https:\/\/soundgear.com.co\/sitio\/\"},{\"@type\":\"ListItem\",\"position\":2,\"name\":\"Tienda\",\"item\":\"https:\/\/soundgear.com.co\/sitio\/tienda\/\"},{\"@type\":\"ListItem\",\"position\":3,\"name\":\"GUITARRA LTD MAX 200 RPR MILITARY GREEN SATIN\"}]},{\"@type\":\"WebSite\",\"@id\":\"https:\/\/soundgear.com.co\/sitio\/#website\",\"url\":\"https:\/\/soundgear.com.co\/sitio\/\",\"name\":\"Sound Gear\",\"description\":\"Tienda de Instrumentos Musicales\",\"potentialAction\":[{\"@type\":\"SearchAction\",\"target\":{\"@type\":\"EntryPoint\",\"urlTemplate\":\"https:\/\/soundgear.com.co\/sitio\/?s={search_term_string}\"},\"query-input\":{\"@type\":\"PropertyValueSpecification\",\"valueRequired\":true,\"valueName\":\"search_term_string\"}}],\"inLanguage\":\"es\"}]}<\/script>\n<!-- \/ Yoast SEO plugin. -->","yoast_head_json":{"title":"GUITARRA LTD MAX 200 RPR MILITARY GREEN SATIN - Sound Gear","robots":{"index":"index","follow":"follow","max-snippet":"max-snippet:-1","max-image-preview":"max-image-preview:large","max-video-preview":"max-video-preview:-1"},"canonical":"https:\/\/soundgear.com.co\/sitio\/producto\/guitarra-ltd-max-200-rpr-military-green-satin\/","og_locale":"es_ES","og_type":"article","og_title":"GUITARRA LTD MAX 200 RPR MILITARY GREEN SATIN - Sound Gear","og_description":"Dise\u00f1ada en colaboraci\u00f3n con Max Cavalera, \u00edcono del metal mundial, la LTD MAX-200 RPR ofrece un dise\u00f1o agresivo, tono demoledor","og_url":"https:\/\/soundgear.com.co\/sitio\/producto\/guitarra-ltd-max-200-rpr-military-green-satin\/","og_site_name":"Sound Gear","article_modified_time":"2026-03-11T18:30:06+00:00","twitter_card":"summary_large_image","twitter_misc":{"Tiempo de lectura":"1 minuto"},"schema":{"@context":"https:\/\/schema.org","@graph":[{"@type":"WebPage","@id":"https:\/\/soundgear.com.co\/sitio\/producto\/guitarra-ltd-max-200-rpr-military-green-satin\/","url":"https:\/\/soundgear.com.co\/sitio\/producto\/guitarra-ltd-max-200-rpr-military-green-satin\/","name":"GUITARRA LTD MAX 200 RPR MILITARY GREEN SATIN - Sound Gear","isPartOf":{"@id":"https:\/\/soundgear.com.co\/sitio\/#website"},"primaryImageOfPage":{"@id":"https:\/\/soundgear.com.co\/sitio\/producto\/guitarra-ltd-max-200-rpr-military-green-satin\/#primaryimage"},"image":{"@id":"https:\/\/soundgear.com.co\/sitio\/producto\/guitarra-ltd-max-200-rpr-military-green-satin\/#primaryimage"},"thumbnailUrl":"https:\/\/soundgear.com.co\/sitio\/wp-content\/uploads\/2025\/06\/ESPLMAX200RPRMGS-1-scaled.jpg","datePublished":"2026-03-11T18:30:03+00:00","dateModified":"2026-03-11T18:30:06+00:00","breadcrumb":{"@id":"https:\/\/soundgear.com.co\/sitio\/producto\/guitarra-ltd-max-200-rpr-military-green-satin\/#breadcrumb"},"inLanguage":"es","potentialAction":[{"@type":"ReadAction","target":["https:\/\/soundgear.com.co\/sitio\/producto\/guitarra-ltd-max-200-rpr-military-green-satin\/"]}]},{"@type":"ImageObject","inLanguage":"es","@id":"https:\/\/soundgear.com.co\/sitio\/producto\/guitarra-ltd-max-200-rpr-military-green-satin\/#primaryimage","url":"https:\/\/soundgear.com.co\/sitio\/wp-content\/uploads\/2025\/06\/ESPLMAX200RPRMGS-1-scaled.jpg","contentUrl":"https:\/\/soundgear.com.co\/sitio\/wp-content\/uploads\/2025\/06\/ESPLMAX200RPRMGS-1-scaled.jpg","width":2048,"height":2560},{"@type":"BreadcrumbList","@id":"https:\/\/soundgear.com.co\/sitio\/producto\/guitarra-ltd-max-200-rpr-military-green-satin\/#breadcrumb","itemListElement":[{"@type":"ListItem","position":1,"name":"Portada","item":"https:\/\/soundgear.com.co\/sitio\/"},{"@type":"ListItem","position":2,"name":"Tienda","item":"https:\/\/soundgear.com.co\/sitio\/tienda\/"},{"@type":"ListItem","position":3,"name":"GUITARRA LTD MAX 200 RPR MILITARY GREEN SATIN"}]},{"@type":"WebSite","@id":"https:\/\/soundgear.com.co\/sitio\/#website","url":"https:\/\/soundgear.com.co\/sitio\/","name":"Sound Gear","description":"Tienda de Instrumentos Musicales","potentialAction":[{"@type":"SearchAction","target":{"@type":"EntryPoint","urlTemplate":"https:\/\/soundgear.com.co\/sitio\/?s={search_term_string}"},"query-input":{"@type":"PropertyValueSpecification","valueRequired":true,"valueName":"search_term_string"}}],"inLanguage":"es"}]}},"_links":{"self":[{"href":"https:\/\/soundgear.com.co\/sitio\/wp-json\/wp\/v2\/product\/29432","targetHints":{"allow":["GET"]}}],"collection":[{"href":"https:\/\/soundgear.com.co\/sitio\/wp-json\/wp\/v2\/product"}],"about":[{"href":"https:\/\/soundgear.com.co\/sitio\/wp-json\/wp\/v2\/types\/product"}],"replies":[{"embeddable":true,"href":"https:\/\/soundgear.com.co\/sitio\/wp-json\/wp\/v2\/comments?post=29432"}],"version-history":[{"count":1,"href":"https:\/\/soundgear.com.co\/sitio\/wp-json\/wp\/v2\/product\/29432\/revisions"}],"predecessor-version":[{"id":29455,"href":"https:\/\/soundgear.com.co\/sitio\/wp-json\/wp\/v2\/product\/29432\/revisions\/29455"}],"wp:featuredmedia":[{"embeddable":true,"href":"https:\/\/soundgear.com.co\/sitio\/wp-json\/wp\/v2\/media\/18518"}],"wp:attachment":[{"href":"https:\/\/soundgear.com.co\/sitio\/wp-json\/wp\/v2\/media?parent=29432"}],"wp:term":[{"taxonomy":"product_brand","embeddable":true,"href":"https:\/\/soundgear.com.co\/sitio\/wp-json\/wp\/v2\/product_brand?post=29432"},{"taxonomy":"product_cat","embeddable":true,"href":"https:\/\/soundgear.com.co\/sitio\/wp-json\/wp\/v2\/product_cat?post=29432"},{"taxonomy":"product_tag","embeddable":true,"href":"https:\/\/soundgear.com.co\/sitio\/wp-json\/wp\/v2\/product_tag?post=29432"}],"curies":[{"name":"wp","href":"https:\/\/api.w.org\/{rel}","templated":true}]}}