{"id":29434,"date":"2026-03-11T13:30:03","date_gmt":"2026-03-11T18:30:03","guid":{"rendered":"https:\/\/soundgear.com.co\/sitio\/?post_type=product&#038;p=29434"},"modified":"2026-03-11T13:30:06","modified_gmt":"2026-03-11T18:30:06","slug":"guitarra-ltd-te-200-snow-white","status":"publish","type":"product","link":"https:\/\/soundgear.com.co\/sitio\/producto\/guitarra-ltd-te-200-snow-white\/","title":{"rendered":"GUITARRA LTD TE 200 SNOW WHITE"},"content":{"rendered":"<p>La LTD TE-200 Snow White combina el dise\u00f1o cl\u00e1sico tipo TE con el poder moderno que exigen los guitarristas de hoy. Con un cuerpo de <strong data-start=\"288\" data-end=\"297\">caoba<\/strong> y un elegante acabado <strong data-start=\"320\" data-end=\"334\">Snow White<\/strong>, esta guitarra destaca tanto por su sonido como por su est\u00e9tica. Su m\u00e1stil de <strong data-start=\"413\" data-end=\"433\" data-is-only-node=\"\">arce atornillado<\/strong> y diapas\u00f3n de <strong data-start=\"448\" data-end=\"464\">palo de rosa<\/strong> o <strong data-start=\"467\" data-end=\"477\">jatob\u00e1<\/strong> (seg\u00fan disponibilidad) proporciona una ejecuci\u00f3n c\u00f3moda y r\u00e1pida. Equipada con <strong data-start=\"557\" data-end=\"590\">pastillas ESP Designed LH-150<\/strong> en configuraci\u00f3n humbucker, ofrece un tono potente y vers\u00e1til, ideal para rock, metal y m\u00e1s. El <strong data-start=\"687\" data-end=\"716\">puente fijo tipo hardtail<\/strong> mejora la estabilidad de afinaci\u00f3n y el sustain, haci\u00e9ndola perfecta tanto para escenario como para estudio.<br data-start=\"825\" data-end=\"828\" \/>Estilo cl\u00e1sico, potencia moderna.<\/p>\n","protected":false},"excerpt":{"rendered":"<p>La LTD TE-200 Snow White combina el dise\u00f1o cl\u00e1sico tipo TE con el poder moderno que exigen los guitarristas de<\/p>\n","protected":false},"featured_media":18526,"comment_status":"closed","ping_status":"closed","template":"","meta":{"_joinchat":[]},"product_brand":[],"product_cat":[255,74,72],"product_tag":[],"class_list":{"0":"post-29434","1":"product","2":"type-product","3":"status-publish","4":"has-post-thumbnail","6":"product_cat-guitarras-electricas","7":"product_cat-instrumentos-de-cuerdas","8":"product_cat-instrumentos-musicales","10":"first","11":"outofstock","12":"featured","13":"taxable","14":"shipping-taxable","15":"purchasable","16":"product-type-simple"},"yoast_head":"<!-- This site is optimized with the Yoast SEO plugin v27.1.1 - https:\/\/yoast.com\/product\/yoast-seo-wordpress\/ -->\n<title>GUITARRA LTD TE 200 SNOW WHITE - Sound Gear<\/title>\n<meta name=\"robots\" content=\"index, follow, max-snippet:-1, max-image-preview:large, max-video-preview:-1\" \/>\n<link rel=\"canonical\" href=\"https:\/\/soundgear.com.co\/sitio\/producto\/guitarra-ltd-te-200-snow-white\/\" \/>\n<meta property=\"og:locale\" content=\"es_ES\" \/>\n<meta property=\"og:type\" content=\"article\" \/>\n<meta property=\"og:title\" content=\"GUITARRA LTD TE 200 SNOW WHITE - Sound Gear\" \/>\n<meta property=\"og:description\" content=\"La LTD TE-200 Snow White combina el dise\u00f1o cl\u00e1sico tipo TE con el poder moderno que exigen los guitarristas de\" \/>\n<meta property=\"og:url\" content=\"https:\/\/soundgear.com.co\/sitio\/producto\/guitarra-ltd-te-200-snow-white\/\" \/>\n<meta property=\"og:site_name\" content=\"Sound Gear\" \/>\n<meta property=\"article:modified_time\" content=\"2026-03-11T18:30:06+00:00\" \/>\n<meta name=\"twitter:card\" content=\"summary_large_image\" \/>\n<meta name=\"twitter:label1\" content=\"Tiempo de lectura\" \/>\n\t<meta name=\"twitter:data1\" content=\"1 minuto\" \/>\n<script type=\"application\/ld+json\" class=\"yoast-schema-graph\">{\"@context\":\"https:\/\/schema.org\",\"@graph\":[{\"@type\":\"WebPage\",\"@id\":\"https:\/\/soundgear.com.co\/sitio\/producto\/guitarra-ltd-te-200-snow-white\/\",\"url\":\"https:\/\/soundgear.com.co\/sitio\/producto\/guitarra-ltd-te-200-snow-white\/\",\"name\":\"GUITARRA LTD TE 200 SNOW WHITE - Sound Gear\",\"isPartOf\":{\"@id\":\"https:\/\/soundgear.com.co\/sitio\/#website\"},\"primaryImageOfPage\":{\"@id\":\"https:\/\/soundgear.com.co\/sitio\/producto\/guitarra-ltd-te-200-snow-white\/#primaryimage\"},\"image\":{\"@id\":\"https:\/\/soundgear.com.co\/sitio\/producto\/guitarra-ltd-te-200-snow-white\/#primaryimage\"},\"thumbnailUrl\":\"https:\/\/soundgear.com.co\/sitio\/wp-content\/uploads\/2025\/06\/ESPLTE200RSW-1-scaled.jpg\",\"datePublished\":\"2026-03-11T18:30:03+00:00\",\"dateModified\":\"2026-03-11T18:30:06+00:00\",\"breadcrumb\":{\"@id\":\"https:\/\/soundgear.com.co\/sitio\/producto\/guitarra-ltd-te-200-snow-white\/#breadcrumb\"},\"inLanguage\":\"es\",\"potentialAction\":[{\"@type\":\"ReadAction\",\"target\":[\"https:\/\/soundgear.com.co\/sitio\/producto\/guitarra-ltd-te-200-snow-white\/\"]}]},{\"@type\":\"ImageObject\",\"inLanguage\":\"es\",\"@id\":\"https:\/\/soundgear.com.co\/sitio\/producto\/guitarra-ltd-te-200-snow-white\/#primaryimage\",\"url\":\"https:\/\/soundgear.com.co\/sitio\/wp-content\/uploads\/2025\/06\/ESPLTE200RSW-1-scaled.jpg\",\"contentUrl\":\"https:\/\/soundgear.com.co\/sitio\/wp-content\/uploads\/2025\/06\/ESPLTE200RSW-1-scaled.jpg\",\"width\":2048,\"height\":2560},{\"@type\":\"BreadcrumbList\",\"@id\":\"https:\/\/soundgear.com.co\/sitio\/producto\/guitarra-ltd-te-200-snow-white\/#breadcrumb\",\"itemListElement\":[{\"@type\":\"ListItem\",\"position\":1,\"name\":\"Portada\",\"item\":\"https:\/\/soundgear.com.co\/sitio\/\"},{\"@type\":\"ListItem\",\"position\":2,\"name\":\"Tienda\",\"item\":\"https:\/\/soundgear.com.co\/sitio\/tienda\/\"},{\"@type\":\"ListItem\",\"position\":3,\"name\":\"GUITARRA LTD TE 200 SNOW WHITE\"}]},{\"@type\":\"WebSite\",\"@id\":\"https:\/\/soundgear.com.co\/sitio\/#website\",\"url\":\"https:\/\/soundgear.com.co\/sitio\/\",\"name\":\"Sound Gear\",\"description\":\"Tienda de Instrumentos Musicales\",\"potentialAction\":[{\"@type\":\"SearchAction\",\"target\":{\"@type\":\"EntryPoint\",\"urlTemplate\":\"https:\/\/soundgear.com.co\/sitio\/?s={search_term_string}\"},\"query-input\":{\"@type\":\"PropertyValueSpecification\",\"valueRequired\":true,\"valueName\":\"search_term_string\"}}],\"inLanguage\":\"es\"}]}<\/script>\n<!-- \/ Yoast SEO plugin. -->","yoast_head_json":{"title":"GUITARRA LTD TE 200 SNOW WHITE - Sound Gear","robots":{"index":"index","follow":"follow","max-snippet":"max-snippet:-1","max-image-preview":"max-image-preview:large","max-video-preview":"max-video-preview:-1"},"canonical":"https:\/\/soundgear.com.co\/sitio\/producto\/guitarra-ltd-te-200-snow-white\/","og_locale":"es_ES","og_type":"article","og_title":"GUITARRA LTD TE 200 SNOW WHITE - Sound Gear","og_description":"La LTD TE-200 Snow White combina el dise\u00f1o cl\u00e1sico tipo TE con el poder moderno que exigen los guitarristas de","og_url":"https:\/\/soundgear.com.co\/sitio\/producto\/guitarra-ltd-te-200-snow-white\/","og_site_name":"Sound Gear","article_modified_time":"2026-03-11T18:30:06+00:00","twitter_card":"summary_large_image","twitter_misc":{"Tiempo de lectura":"1 minuto"},"schema":{"@context":"https:\/\/schema.org","@graph":[{"@type":"WebPage","@id":"https:\/\/soundgear.com.co\/sitio\/producto\/guitarra-ltd-te-200-snow-white\/","url":"https:\/\/soundgear.com.co\/sitio\/producto\/guitarra-ltd-te-200-snow-white\/","name":"GUITARRA LTD TE 200 SNOW WHITE - Sound Gear","isPartOf":{"@id":"https:\/\/soundgear.com.co\/sitio\/#website"},"primaryImageOfPage":{"@id":"https:\/\/soundgear.com.co\/sitio\/producto\/guitarra-ltd-te-200-snow-white\/#primaryimage"},"image":{"@id":"https:\/\/soundgear.com.co\/sitio\/producto\/guitarra-ltd-te-200-snow-white\/#primaryimage"},"thumbnailUrl":"https:\/\/soundgear.com.co\/sitio\/wp-content\/uploads\/2025\/06\/ESPLTE200RSW-1-scaled.jpg","datePublished":"2026-03-11T18:30:03+00:00","dateModified":"2026-03-11T18:30:06+00:00","breadcrumb":{"@id":"https:\/\/soundgear.com.co\/sitio\/producto\/guitarra-ltd-te-200-snow-white\/#breadcrumb"},"inLanguage":"es","potentialAction":[{"@type":"ReadAction","target":["https:\/\/soundgear.com.co\/sitio\/producto\/guitarra-ltd-te-200-snow-white\/"]}]},{"@type":"ImageObject","inLanguage":"es","@id":"https:\/\/soundgear.com.co\/sitio\/producto\/guitarra-ltd-te-200-snow-white\/#primaryimage","url":"https:\/\/soundgear.com.co\/sitio\/wp-content\/uploads\/2025\/06\/ESPLTE200RSW-1-scaled.jpg","contentUrl":"https:\/\/soundgear.com.co\/sitio\/wp-content\/uploads\/2025\/06\/ESPLTE200RSW-1-scaled.jpg","width":2048,"height":2560},{"@type":"BreadcrumbList","@id":"https:\/\/soundgear.com.co\/sitio\/producto\/guitarra-ltd-te-200-snow-white\/#breadcrumb","itemListElement":[{"@type":"ListItem","position":1,"name":"Portada","item":"https:\/\/soundgear.com.co\/sitio\/"},{"@type":"ListItem","position":2,"name":"Tienda","item":"https:\/\/soundgear.com.co\/sitio\/tienda\/"},{"@type":"ListItem","position":3,"name":"GUITARRA LTD TE 200 SNOW WHITE"}]},{"@type":"WebSite","@id":"https:\/\/soundgear.com.co\/sitio\/#website","url":"https:\/\/soundgear.com.co\/sitio\/","name":"Sound Gear","description":"Tienda de Instrumentos Musicales","potentialAction":[{"@type":"SearchAction","target":{"@type":"EntryPoint","urlTemplate":"https:\/\/soundgear.com.co\/sitio\/?s={search_term_string}"},"query-input":{"@type":"PropertyValueSpecification","valueRequired":true,"valueName":"search_term_string"}}],"inLanguage":"es"}]}},"_links":{"self":[{"href":"https:\/\/soundgear.com.co\/sitio\/wp-json\/wp\/v2\/product\/29434","targetHints":{"allow":["GET"]}}],"collection":[{"href":"https:\/\/soundgear.com.co\/sitio\/wp-json\/wp\/v2\/product"}],"about":[{"href":"https:\/\/soundgear.com.co\/sitio\/wp-json\/wp\/v2\/types\/product"}],"replies":[{"embeddable":true,"href":"https:\/\/soundgear.com.co\/sitio\/wp-json\/wp\/v2\/comments?post=29434"}],"version-history":[{"count":1,"href":"https:\/\/soundgear.com.co\/sitio\/wp-json\/wp\/v2\/product\/29434\/revisions"}],"predecessor-version":[{"id":29457,"href":"https:\/\/soundgear.com.co\/sitio\/wp-json\/wp\/v2\/product\/29434\/revisions\/29457"}],"wp:featuredmedia":[{"embeddable":true,"href":"https:\/\/soundgear.com.co\/sitio\/wp-json\/wp\/v2\/media\/18526"}],"wp:attachment":[{"href":"https:\/\/soundgear.com.co\/sitio\/wp-json\/wp\/v2\/media?parent=29434"}],"wp:term":[{"taxonomy":"product_brand","embeddable":true,"href":"https:\/\/soundgear.com.co\/sitio\/wp-json\/wp\/v2\/product_brand?post=29434"},{"taxonomy":"product_cat","embeddable":true,"href":"https:\/\/soundgear.com.co\/sitio\/wp-json\/wp\/v2\/product_cat?post=29434"},{"taxonomy":"product_tag","embeddable":true,"href":"https:\/\/soundgear.com.co\/sitio\/wp-json\/wp\/v2\/product_tag?post=29434"}],"curies":[{"name":"wp","href":"https:\/\/api.w.org\/{rel}","templated":true}]}}