{"id":29440,"date":"2026-03-11T13:30:04","date_gmt":"2026-03-11T18:30:04","guid":{"rendered":"https:\/\/soundgear.com.co\/sitio\/?post_type=product&#038;p=29440"},"modified":"2026-03-11T13:30:07","modified_gmt":"2026-03-11T18:30:07","slug":"guitarra-ltd-m-200dx-nt-blue-burst","status":"publish","type":"product","link":"https:\/\/soundgear.com.co\/sitio\/producto\/guitarra-ltd-m-200dx-nt-blue-burst\/","title":{"rendered":"GUITARRA LTD M 200DX NT BLUE BURST"},"content":{"rendered":"<p data-start=\"216\" data-end=\"547\">La <strong data-start=\"219\" data-end=\"237\">LTD M-200DX NT<\/strong> en acabado <strong data-start=\"249\" data-end=\"263\">Blue Burst<\/strong> combina un dise\u00f1o moderno con una construcci\u00f3n s\u00f3lida y un tono potente, ideal para guitarristas que buscan precisi\u00f3n, velocidad y estilo. Su cuerpo de tilo y m\u00e1stil de arce atornillado ofrecen una excelente resonancia y ataque claro, perfectos para g\u00e9neros como metal, rock y shred.<\/p>\n<p data-start=\"549\" data-end=\"936\">El diapas\u00f3n de jatoba con 24 trastes extra jumbo y marcadores tipo diente de tibur\u00f3n no solo luce impresionante, sino que facilita una ejecuci\u00f3n \u00e1gil en todo el m\u00e1stil. Equipada con dos pastillas humbucker <strong data-start=\"755\" data-end=\"778\">ESP Designed LH-150<\/strong>, esta guitarra entrega un tono lleno, agresivo y definido. Adem\u00e1s, su puente fijo (NT = Non-Tremolo) proporciona una gran estabilidad de afinaci\u00f3n y sustain.<\/p>\n<p data-start=\"938\" data-end=\"969\"><strong data-start=\"938\" data-end=\"969\">Caracter\u00edsticas destacadas:<\/strong><\/p>\n<ul data-start=\"970\" data-end=\"1276\">\n<li data-start=\"970\" data-end=\"1021\">\n<p data-start=\"972\" data-end=\"1021\">Cuerpo de tilo con acabado Blue Burst brillante<\/p>\n<\/li>\n<li data-start=\"1022\" data-end=\"1076\">\n<p data-start=\"1024\" data-end=\"1076\">M\u00e1stil de arce atornillado con perfil delgado en U<\/p>\n<\/li>\n<li data-start=\"1077\" data-end=\"1126\">\n<p data-start=\"1079\" data-end=\"1126\">Diapas\u00f3n de jatoba con 24 trastes extra jumbo<\/p>\n<\/li>\n<li data-start=\"1127\" data-end=\"1183\">\n<p data-start=\"1129\" data-end=\"1183\">Pastillas ESP Designed LH-150 con selector de 3 v\u00edas<\/p>\n<\/li>\n<li data-start=\"1184\" data-end=\"1227\">\n<p data-start=\"1186\" data-end=\"1227\">Puente fijo LTD para m\u00e1xima estabilidad<\/p>\n<\/li>\n<li data-start=\"1228\" data-end=\"1276\">\n<p data-start=\"1230\" data-end=\"1276\">Est\u00e9tica moderna con marcadores tipo shark fin<\/p>\n<\/li>\n<\/ul>\n","protected":false},"excerpt":{"rendered":"<p>La LTD M-200DX NT en acabado Blue Burst combina un dise\u00f1o moderno con una construcci\u00f3n s\u00f3lida y un tono potente,<\/p>\n","protected":false},"featured_media":18553,"comment_status":"closed","ping_status":"closed","template":"","meta":{"_joinchat":[]},"product_brand":[],"product_cat":[255,74,72],"product_tag":[],"class_list":{"0":"post-29440","1":"product","2":"type-product","3":"status-publish","4":"has-post-thumbnail","6":"product_cat-guitarras-electricas","7":"product_cat-instrumentos-de-cuerdas","8":"product_cat-instrumentos-musicales","10":"first","11":"instock","12":"featured","13":"taxable","14":"shipping-taxable","15":"purchasable","16":"product-type-simple"},"yoast_head":"<!-- This site is optimized with the Yoast SEO plugin v27.1.1 - https:\/\/yoast.com\/product\/yoast-seo-wordpress\/ -->\n<title>GUITARRA LTD M 200DX NT BLUE BURST - Sound Gear<\/title>\n<meta name=\"robots\" content=\"index, follow, max-snippet:-1, max-image-preview:large, max-video-preview:-1\" \/>\n<link rel=\"canonical\" href=\"https:\/\/soundgear.com.co\/sitio\/producto\/guitarra-ltd-m-200dx-nt-blue-burst\/\" \/>\n<meta property=\"og:locale\" content=\"es_ES\" \/>\n<meta property=\"og:type\" content=\"article\" \/>\n<meta property=\"og:title\" content=\"GUITARRA LTD M 200DX NT BLUE BURST - Sound Gear\" \/>\n<meta property=\"og:description\" content=\"La LTD M-200DX NT en acabado Blue Burst combina un dise\u00f1o moderno con una construcci\u00f3n s\u00f3lida y un tono potente,\" \/>\n<meta property=\"og:url\" content=\"https:\/\/soundgear.com.co\/sitio\/producto\/guitarra-ltd-m-200dx-nt-blue-burst\/\" \/>\n<meta property=\"og:site_name\" content=\"Sound Gear\" \/>\n<meta property=\"article:modified_time\" content=\"2026-03-11T18:30:07+00:00\" \/>\n<meta name=\"twitter:card\" content=\"summary_large_image\" \/>\n<meta name=\"twitter:label1\" content=\"Tiempo de lectura\" \/>\n\t<meta name=\"twitter:data1\" content=\"1 minuto\" \/>\n<script type=\"application\/ld+json\" class=\"yoast-schema-graph\">{\"@context\":\"https:\/\/schema.org\",\"@graph\":[{\"@type\":\"WebPage\",\"@id\":\"https:\/\/soundgear.com.co\/sitio\/producto\/guitarra-ltd-m-200dx-nt-blue-burst\/\",\"url\":\"https:\/\/soundgear.com.co\/sitio\/producto\/guitarra-ltd-m-200dx-nt-blue-burst\/\",\"name\":\"GUITARRA LTD M 200DX NT BLUE BURST - Sound Gear\",\"isPartOf\":{\"@id\":\"https:\/\/soundgear.com.co\/sitio\/#website\"},\"primaryImageOfPage\":{\"@id\":\"https:\/\/soundgear.com.co\/sitio\/producto\/guitarra-ltd-m-200dx-nt-blue-burst\/#primaryimage\"},\"image\":{\"@id\":\"https:\/\/soundgear.com.co\/sitio\/producto\/guitarra-ltd-m-200dx-nt-blue-burst\/#primaryimage\"},\"thumbnailUrl\":\"https:\/\/soundgear.com.co\/sitio\/wp-content\/uploads\/2025\/06\/ESPLM200DXNTBLB-1-scaled.jpg\",\"datePublished\":\"2026-03-11T18:30:04+00:00\",\"dateModified\":\"2026-03-11T18:30:07+00:00\",\"breadcrumb\":{\"@id\":\"https:\/\/soundgear.com.co\/sitio\/producto\/guitarra-ltd-m-200dx-nt-blue-burst\/#breadcrumb\"},\"inLanguage\":\"es\",\"potentialAction\":[{\"@type\":\"ReadAction\",\"target\":[\"https:\/\/soundgear.com.co\/sitio\/producto\/guitarra-ltd-m-200dx-nt-blue-burst\/\"]}]},{\"@type\":\"ImageObject\",\"inLanguage\":\"es\",\"@id\":\"https:\/\/soundgear.com.co\/sitio\/producto\/guitarra-ltd-m-200dx-nt-blue-burst\/#primaryimage\",\"url\":\"https:\/\/soundgear.com.co\/sitio\/wp-content\/uploads\/2025\/06\/ESPLM200DXNTBLB-1-scaled.jpg\",\"contentUrl\":\"https:\/\/soundgear.com.co\/sitio\/wp-content\/uploads\/2025\/06\/ESPLM200DXNTBLB-1-scaled.jpg\",\"width\":2048,\"height\":2560},{\"@type\":\"BreadcrumbList\",\"@id\":\"https:\/\/soundgear.com.co\/sitio\/producto\/guitarra-ltd-m-200dx-nt-blue-burst\/#breadcrumb\",\"itemListElement\":[{\"@type\":\"ListItem\",\"position\":1,\"name\":\"Portada\",\"item\":\"https:\/\/soundgear.com.co\/sitio\/\"},{\"@type\":\"ListItem\",\"position\":2,\"name\":\"Tienda\",\"item\":\"https:\/\/soundgear.com.co\/sitio\/tienda\/\"},{\"@type\":\"ListItem\",\"position\":3,\"name\":\"GUITARRA LTD M 200DX NT BLUE BURST\"}]},{\"@type\":\"WebSite\",\"@id\":\"https:\/\/soundgear.com.co\/sitio\/#website\",\"url\":\"https:\/\/soundgear.com.co\/sitio\/\",\"name\":\"Sound Gear\",\"description\":\"Tienda de Instrumentos Musicales\",\"potentialAction\":[{\"@type\":\"SearchAction\",\"target\":{\"@type\":\"EntryPoint\",\"urlTemplate\":\"https:\/\/soundgear.com.co\/sitio\/?s={search_term_string}\"},\"query-input\":{\"@type\":\"PropertyValueSpecification\",\"valueRequired\":true,\"valueName\":\"search_term_string\"}}],\"inLanguage\":\"es\"}]}<\/script>\n<!-- \/ Yoast SEO plugin. -->","yoast_head_json":{"title":"GUITARRA LTD M 200DX NT BLUE BURST - Sound Gear","robots":{"index":"index","follow":"follow","max-snippet":"max-snippet:-1","max-image-preview":"max-image-preview:large","max-video-preview":"max-video-preview:-1"},"canonical":"https:\/\/soundgear.com.co\/sitio\/producto\/guitarra-ltd-m-200dx-nt-blue-burst\/","og_locale":"es_ES","og_type":"article","og_title":"GUITARRA LTD M 200DX NT BLUE BURST - Sound Gear","og_description":"La LTD M-200DX NT en acabado Blue Burst combina un dise\u00f1o moderno con una construcci\u00f3n s\u00f3lida y un tono potente,","og_url":"https:\/\/soundgear.com.co\/sitio\/producto\/guitarra-ltd-m-200dx-nt-blue-burst\/","og_site_name":"Sound Gear","article_modified_time":"2026-03-11T18:30:07+00:00","twitter_card":"summary_large_image","twitter_misc":{"Tiempo de lectura":"1 minuto"},"schema":{"@context":"https:\/\/schema.org","@graph":[{"@type":"WebPage","@id":"https:\/\/soundgear.com.co\/sitio\/producto\/guitarra-ltd-m-200dx-nt-blue-burst\/","url":"https:\/\/soundgear.com.co\/sitio\/producto\/guitarra-ltd-m-200dx-nt-blue-burst\/","name":"GUITARRA LTD M 200DX NT BLUE BURST - Sound Gear","isPartOf":{"@id":"https:\/\/soundgear.com.co\/sitio\/#website"},"primaryImageOfPage":{"@id":"https:\/\/soundgear.com.co\/sitio\/producto\/guitarra-ltd-m-200dx-nt-blue-burst\/#primaryimage"},"image":{"@id":"https:\/\/soundgear.com.co\/sitio\/producto\/guitarra-ltd-m-200dx-nt-blue-burst\/#primaryimage"},"thumbnailUrl":"https:\/\/soundgear.com.co\/sitio\/wp-content\/uploads\/2025\/06\/ESPLM200DXNTBLB-1-scaled.jpg","datePublished":"2026-03-11T18:30:04+00:00","dateModified":"2026-03-11T18:30:07+00:00","breadcrumb":{"@id":"https:\/\/soundgear.com.co\/sitio\/producto\/guitarra-ltd-m-200dx-nt-blue-burst\/#breadcrumb"},"inLanguage":"es","potentialAction":[{"@type":"ReadAction","target":["https:\/\/soundgear.com.co\/sitio\/producto\/guitarra-ltd-m-200dx-nt-blue-burst\/"]}]},{"@type":"ImageObject","inLanguage":"es","@id":"https:\/\/soundgear.com.co\/sitio\/producto\/guitarra-ltd-m-200dx-nt-blue-burst\/#primaryimage","url":"https:\/\/soundgear.com.co\/sitio\/wp-content\/uploads\/2025\/06\/ESPLM200DXNTBLB-1-scaled.jpg","contentUrl":"https:\/\/soundgear.com.co\/sitio\/wp-content\/uploads\/2025\/06\/ESPLM200DXNTBLB-1-scaled.jpg","width":2048,"height":2560},{"@type":"BreadcrumbList","@id":"https:\/\/soundgear.com.co\/sitio\/producto\/guitarra-ltd-m-200dx-nt-blue-burst\/#breadcrumb","itemListElement":[{"@type":"ListItem","position":1,"name":"Portada","item":"https:\/\/soundgear.com.co\/sitio\/"},{"@type":"ListItem","position":2,"name":"Tienda","item":"https:\/\/soundgear.com.co\/sitio\/tienda\/"},{"@type":"ListItem","position":3,"name":"GUITARRA LTD M 200DX NT BLUE BURST"}]},{"@type":"WebSite","@id":"https:\/\/soundgear.com.co\/sitio\/#website","url":"https:\/\/soundgear.com.co\/sitio\/","name":"Sound Gear","description":"Tienda de Instrumentos Musicales","potentialAction":[{"@type":"SearchAction","target":{"@type":"EntryPoint","urlTemplate":"https:\/\/soundgear.com.co\/sitio\/?s={search_term_string}"},"query-input":{"@type":"PropertyValueSpecification","valueRequired":true,"valueName":"search_term_string"}}],"inLanguage":"es"}]}},"_links":{"self":[{"href":"https:\/\/soundgear.com.co\/sitio\/wp-json\/wp\/v2\/product\/29440","targetHints":{"allow":["GET"]}}],"collection":[{"href":"https:\/\/soundgear.com.co\/sitio\/wp-json\/wp\/v2\/product"}],"about":[{"href":"https:\/\/soundgear.com.co\/sitio\/wp-json\/wp\/v2\/types\/product"}],"replies":[{"embeddable":true,"href":"https:\/\/soundgear.com.co\/sitio\/wp-json\/wp\/v2\/comments?post=29440"}],"version-history":[{"count":1,"href":"https:\/\/soundgear.com.co\/sitio\/wp-json\/wp\/v2\/product\/29440\/revisions"}],"predecessor-version":[{"id":29463,"href":"https:\/\/soundgear.com.co\/sitio\/wp-json\/wp\/v2\/product\/29440\/revisions\/29463"}],"wp:featuredmedia":[{"embeddable":true,"href":"https:\/\/soundgear.com.co\/sitio\/wp-json\/wp\/v2\/media\/18553"}],"wp:attachment":[{"href":"https:\/\/soundgear.com.co\/sitio\/wp-json\/wp\/v2\/media?parent=29440"}],"wp:term":[{"taxonomy":"product_brand","embeddable":true,"href":"https:\/\/soundgear.com.co\/sitio\/wp-json\/wp\/v2\/product_brand?post=29440"},{"taxonomy":"product_cat","embeddable":true,"href":"https:\/\/soundgear.com.co\/sitio\/wp-json\/wp\/v2\/product_cat?post=29440"},{"taxonomy":"product_tag","embeddable":true,"href":"https:\/\/soundgear.com.co\/sitio\/wp-json\/wp\/v2\/product_tag?post=29440"}],"curies":[{"name":"wp","href":"https:\/\/api.w.org\/{rel}","templated":true}]}}